{"id":6025,"date":"2024-05-28T11:03:02","date_gmt":"2024-05-28T09:03:02","guid":{"rendered":"https:\/\/www.orangehotel.be\/?page_id=6025"},"modified":"2025-08-04T15:20:07","modified_gmt":"2025-08-04T13:20:07","slug":"contact","status":"publish","type":"page","link":"https:\/\/www.orangehotel.be\/en\/contact\/","title":{"rendered":"Contact"},"content":{"rendered":"\n<div class=\"wp-block-columns is-layout-flex wp-container-core-columns-is-layout-9d6595d7 wp-block-columns-is-layout-flex\">\n<div class=\"wp-block-column is-layout-flow wp-block-column-is-layout-flow\">\n<div class=\"wp-block-getwid-icon-box has-icon-left has-text-left\"><div class=\"wp-block-getwid-icon-box__icon-container has-layout-framed is-position-top\"><div class=\"wp-block-getwid-icon-box__icon-wrapper\" style=\"font-size:30px;border-width:2px;border-radius:100%\"><i class=\"fas fa-phone\"><\/i><\/div><\/div><div class=\"wp-block-getwid-icon-box__content\">\n<h5 class=\"wp-block-heading\" id=\"32-0-64-77-33-00\"><a href=\"tel:+32 (0)64 77 33 00\" target=\"_blank\" rel=\"noreferrer noopener\">+32 (0)64 77 33 00<\/a><\/h5>\n\n\n\n<p><\/p>\n<\/div><\/div>\n<\/div>\n\n\n\n<div class=\"wp-block-column is-layout-flow wp-block-column-is-layout-flow\">\n<div class=\"wp-block-getwid-icon-box has-icon-left has-text-left\"><div class=\"wp-block-getwid-icon-box__icon-container has-layout-framed is-position-top\"><div class=\"wp-block-getwid-icon-box__icon-wrapper\" style=\"font-size:30px;border-width:2px;border-radius:100%\"><i class=\"fas fa-at\"><\/i><\/div><\/div><div class=\"wp-block-getwid-icon-box__content\">\n<h5 class=\"wp-block-heading\" id=\"info-orangehotel-be\"><a href=\"mailto:info@orangehotel.be?subject=CONTACT SITE INTERNET\" target=\"_blank\" rel=\"noreferrer noopener\">info@orangehotel.be<\/a><\/h5>\n\n\n\n<p><\/p>\n<\/div><\/div>\n<\/div>\n\n\n\n<div class=\"wp-block-column is-layout-flow wp-block-column-is-layout-flow\">\n<div class=\"wp-block-getwid-icon-box has-icon-left has-text-left\"><div class=\"wp-block-getwid-icon-box__icon-container has-layout-framed is-position-top\"><div class=\"wp-block-getwid-icon-box__icon-wrapper\" style=\"font-size:30px;border-width:2px;border-radius:100%\"><i class=\"fas fa-map-marker-alt\"><\/i><\/div><\/div><div class=\"wp-block-getwid-icon-box__content\">\n<h5 class=\"wp-block-heading\" id=\"chaussee-du-pont-du-sart-238-b-7110-la-louviere-belgium\"><a href=\"tel:+32 (0)64 77 33 00\" target=\"_blank\" rel=\"noreferrer noopener\">Chauss\u00e9e du Pont du Sart 238, B-7110 La Louvi\u00e8re Belgium<\/a><\/h5>\n<\/div><\/div>\n<\/div>\n<\/div>\n\n\n\n<div class=\"wp-block-getwid-accordion has-icon-left\" data-active-element=\"none\">\n<div class=\"wp-block-getwid-accordion__header-wrapper\"><span class=\"wp-block-getwid-accordion__header\"><a href=\"#\"><span class=\"wp-block-getwid-accordion__header-title\">How to get to the Orange Hotel of la Louvi\u00e8re by car?<\/span><span class=\"wp-block-getwid-accordion__icon is-active\"><i class=\"fas fa-plus\"><\/i><\/span><span class=\"wp-block-getwid-accordion__icon is-passive\"><i class=\"fas fa-minus\"><\/i><\/span><\/a><\/span><\/div><div class=\"wp-block-getwid-accordion__content-wrapper\"><div class=\"wp-block-getwid-accordion__content\">\n<ul class=\"wp-block-list\">\n<li><strong>Coming from Paris (FR)<\/strong> \u2013 Lille-Lesquin (FR) \u2013 Tournai \u2013 Mons: take the E42 towards Brussels-Li\u00e8ge-Charleroi and leave the motorway at exit 21 (Le R\u0153ulx-Binche). At the roundabout, take rue de Houdeng towards La Louvi\u00e8re. At the second roundabout, take the third exit Chauss\u00e9e du Pont du Sart, parallel to rue Houdeng. The Orange Hotel is on the right, at number 238.<\/li>\n\n\n\n<li><strong>Coming from K\u00f6ln (DE)<\/strong> \u2013 Li\u00e8ge \u2013 Namur \u2013 Charleroi (CRL): take the E42 towards Paris-Mons. Take exit 21 (Le R\u0153ulx-Binche). At the roundabout, follow the third exit towards La Louvi\u00e8re. At the second roundabout, take rue Houdeng towards La Louvi\u00e8re. At the third roundabout, take the third exit Chauss\u00e9e du Pont du Sart, parallel to rue Houdeng. The Orange Hotel is on the right, at number 238.<\/li>\n\n\n\n<li><strong>Coming from Amsterdam (NL)<\/strong> \u2013 Antwerp \u2013 Brussels (BRU) \u2013 Nivelles: take the E19 towards Paris-Mons. Take exit 21 (Le R\u0153ulx-Binche). At the roundabout, follow the third exit towards La Louvi\u00e8re. At the second roundabout, take rue Houdeng towards La Louvi\u00e8re. At the third roundabout, take the third exit Chauss\u00e9e du Pont du Sart, parallel to rue de Houdeng. The Orange Hotel is on the right, at number 238.<\/li>\n<\/ul>\n<\/div><\/div>\n\n\n\n<div class=\"wp-block-getwid-accordion__header-wrapper\"><span class=\"wp-block-getwid-accordion__header\"><a href=\"#\"><span class=\"wp-block-getwid-accordion__header-title\">How to get to the Orange Hotel of la Louvi\u00e8re by public transport?<\/span><span class=\"wp-block-getwid-accordion__icon is-active\"><i class=\"fas fa-plus\"><\/i><\/span><span class=\"wp-block-getwid-accordion__icon is-passive\"><i class=\"fas fa-minus\"><\/i><\/span><\/a><\/span><\/div><div class=\"wp-block-getwid-accordion__content-wrapper\"><div class=\"wp-block-getwid-accordion__content\">\n<ul class=\"wp-block-list\">\n<li><strong>From Brussels South Charleroi Airport (CRL): <\/strong>Take bus line A from the <em>Gosselies A\u00e9roport<\/em> stop to <em>Charleroi Sud station<\/em>. Take a train towards La Louvi\u00e8re Centre. Take bus 134 from the <em>Gazom\u00e8tre<\/em> stop to the <em>Pont du Sart<\/em> stop.<\/li>\n\n\n\n<li><strong>From Brussels Zaventem Airport (BRU):<\/strong> Take a train towards <em>Brussels-Midi<\/em> then from Brussels-Midi towards <em>La Louvi\u00e8re Centre<\/em>. Take bus 134 from the <em>Gazom\u00e8tre<\/em> stop to the <em>Pont du Sart<\/em> stop.<\/li>\n<\/ul>\n<\/div><\/div>\n\n\n\n<div class=\"wp-block-getwid-accordion__header-wrapper\"><span class=\"wp-block-getwid-accordion__header\"><a href=\"#\"><span class=\"wp-block-getwid-accordion__header-title\">How to get to the Orange Hotel de la Louvi\u00e8re by shuttle bus and taxi?<\/span><span class=\"wp-block-getwid-accordion__icon is-active\"><i class=\"fas fa-plus\"><\/i><\/span><span class=\"wp-block-getwid-accordion__icon is-passive\"><i class=\"fas fa-minus\"><\/i><\/span><\/a><\/span><\/div><div class=\"wp-block-getwid-accordion__content-wrapper\"><div class=\"wp-block-getwid-accordion__content\">\n<p>Contact our reception team at&nbsp;<a href=\"mailto:info@orangehotel.be\">INFO@ORANGEHOTEL.BE<\/a>&nbsp;to organize your trips easily thanks to our network of partners. <\/p>\n<\/div><\/div>\n\n\n\n<div class=\"wp-block-getwid-accordion__header-wrapper\"><span class=\"wp-block-getwid-accordion__header\"><a href=\"#\"><span class=\"wp-block-getwid-accordion__header-title\">Parking and facilities<\/span><span class=\"wp-block-getwid-accordion__icon is-active\"><i class=\"fas fa-plus\"><\/i><\/span><span class=\"wp-block-getwid-accordion__icon is-passive\"><i class=\"fas fa-minus\"><\/i><\/span><\/a><\/span><\/div><div class=\"wp-block-getwid-accordion__content-wrapper\"><div class=\"wp-block-getwid-accordion__content\">\n<ul class=\"wp-block-list\">\n<li>Our hotel provides its travelers with ample free parking with more than 80 spaces!<\/li>\n\n\n\n<li>A closed outdoor garage is available free of charge on site subject to availability to accommodate your bicycles (max. 10), motorcycles (max. 4) or classic vehicles (max. 1)!<\/li>\n\n\n\n<li>Long vehicles, trucks and buses, are accommodated in dedicated locations!<\/li>\n\n\n\n<li>6 charging stations with a power of 22Kw for vehicles are available to customers and visitors of the hotel. As they choose, accommodation customers can decide to use their EV business charging card or opt for our identification cards for charging at a reduced cost. Domestic electric charging stations as well as water points are located in the car park available to groups of athletes requiring these facilities.<\/li>\n\n\n\n<li>Our car park is equipped with video surveillance cameras and is only intended for customers of the Orange Hotel and the La Planche restaurant.<\/li>\n<\/ul>\n<\/div><\/div>\n<\/div>\n\n\n\n<p><\/p>\n","protected":false},"excerpt":{"rendered":"<p>Would you like any additional information\u202f?<\/p>\n","protected":false},"author":10,"featured_media":0,"parent":0,"menu_order":14,"comment_status":"closed","ping_status":"closed","template":"template-full-width.php","meta":{"_acf_changed":false,"inline_featured_image":false,"footnotes":""},"class_list":["post-6025","page","type-page","status-publish","hentry"],"acf":[],"yoast_head":"<!-- This site is optimized with the Yoast SEO plugin v27.3 - https:\/\/yoast.com\/product\/yoast-seo-wordpress\/ -->\n<title>Contact us &#8226; Orange H\u00f4tel<\/title>\n<meta name=\"description\" content=\"If you want to gather more information about your stay, feel free to contact our smiling team. We always do our best to help you.\" \/>\n<meta name=\"robots\" content=\"index, follow, max-snippet:-1, max-image-preview:large, max-video-preview:-1\" \/>\n<link rel=\"canonical\" href=\"https:\/\/www.orangehotel.be\/en\/contact\/\" \/>\n<meta property=\"og:locale\" content=\"en_US\" \/>\n<meta property=\"og:type\" content=\"article\" \/>\n<meta property=\"og:title\" content=\"Contact us &#8226; Orange H\u00f4tel\" \/>\n<meta property=\"og:description\" content=\"If you want to gather more information about your stay, feel free to contact our smiling team. We always do our best to help you.\" \/>\n<meta property=\"og:url\" content=\"https:\/\/www.orangehotel.be\/en\/contact\/\" \/>\n<meta property=\"og:site_name\" content=\"Orange H\u00f4tel\" \/>\n<meta property=\"article:modified_time\" content=\"2025-08-04T13:20:07+00:00\" \/>\n<meta name=\"twitter:card\" content=\"summary_large_image\" \/>\n<script type=\"application\/ld+json\" class=\"yoast-schema-graph\">{\"@context\":\"https:\\\/\\\/schema.org\",\"@graph\":[{\"@type\":\"WebPage\",\"@id\":\"https:\\\/\\\/www.orangehotel.be\\\/en\\\/contact\\\/\",\"url\":\"https:\\\/\\\/www.orangehotel.be\\\/en\\\/contact\\\/\",\"name\":\"Contact us &#8226; Orange H\u00f4tel\",\"isPartOf\":{\"@id\":\"https:\\\/\\\/www.orangehotel.be\\\/en\\\/#website\"},\"datePublished\":\"2024-05-28T09:03:02+00:00\",\"dateModified\":\"2025-08-04T13:20:07+00:00\",\"description\":\"If you want to gather more information about your stay, feel free to contact our smiling team. We always do our best to help you.\",\"breadcrumb\":{\"@id\":\"https:\\\/\\\/www.orangehotel.be\\\/en\\\/contact\\\/#breadcrumb\"},\"inLanguage\":\"en-US\",\"potentialAction\":[{\"@type\":\"ReadAction\",\"target\":[\"https:\\\/\\\/www.orangehotel.be\\\/en\\\/contact\\\/\"]}]},{\"@type\":\"BreadcrumbList\",\"@id\":\"https:\\\/\\\/www.orangehotel.be\\\/en\\\/contact\\\/#breadcrumb\",\"itemListElement\":[{\"@type\":\"ListItem\",\"position\":1,\"name\":\"Accueil\",\"item\":\"https:\\\/\\\/www.orangehotel.be\\\/en\\\/\"},{\"@type\":\"ListItem\",\"position\":2,\"name\":\"Contact\"}]},{\"@type\":\"WebSite\",\"@id\":\"https:\\\/\\\/www.orangehotel.be\\\/en\\\/#website\",\"url\":\"https:\\\/\\\/www.orangehotel.be\\\/en\\\/\",\"name\":\"Orange H\u00f4tel\",\"description\":\"Un h\u00f4tel B&amp;B entre La Louvi\u00e8re et Mons, proche de l&#039;A\u00e9roport de Charleroi\",\"publisher\":{\"@id\":\"https:\\\/\\\/www.orangehotel.be\\\/en\\\/#organization\"},\"potentialAction\":[{\"@type\":\"SearchAction\",\"target\":{\"@type\":\"EntryPoint\",\"urlTemplate\":\"https:\\\/\\\/www.orangehotel.be\\\/en\\\/?s={search_term_string}\"},\"query-input\":{\"@type\":\"PropertyValueSpecification\",\"valueRequired\":true,\"valueName\":\"search_term_string\"}}],\"inLanguage\":\"en-US\"},{\"@type\":\"Organization\",\"@id\":\"https:\\\/\\\/www.orangehotel.be\\\/en\\\/#organization\",\"name\":\"Orange H\u00f4tel\",\"url\":\"https:\\\/\\\/www.orangehotel.be\\\/en\\\/\",\"logo\":{\"@type\":\"ImageObject\",\"inLanguage\":\"en-US\",\"@id\":\"https:\\\/\\\/www.orangehotel.be\\\/en\\\/#\\\/schema\\\/logo\\\/image\\\/\",\"url\":\"https:\\\/\\\/orangehotel.be\\\/wp-content\\\/uploads\\\/2021\\\/11\\\/logo.png\",\"contentUrl\":\"https:\\\/\\\/orangehotel.be\\\/wp-content\\\/uploads\\\/2021\\\/11\\\/logo.png\",\"width\":213,\"height\":68,\"caption\":\"Orange H\u00f4tel\"},\"image\":{\"@id\":\"https:\\\/\\\/www.orangehotel.be\\\/en\\\/#\\\/schema\\\/logo\\\/image\\\/\"}}]}<\/script>\n<!-- \/ Yoast SEO plugin. -->","yoast_head_json":{"title":"Contact us &#8226; Orange H\u00f4tel","description":"If you want to gather more information about your stay, feel free to contact our smiling team. We always do our best to help you.","robots":{"index":"index","follow":"follow","max-snippet":"max-snippet:-1","max-image-preview":"max-image-preview:large","max-video-preview":"max-video-preview:-1"},"canonical":"https:\/\/www.orangehotel.be\/en\/contact\/","og_locale":"en_US","og_type":"article","og_title":"Contact us &#8226; Orange H\u00f4tel","og_description":"If you want to gather more information about your stay, feel free to contact our smiling team. We always do our best to help you.","og_url":"https:\/\/www.orangehotel.be\/en\/contact\/","og_site_name":"Orange H\u00f4tel","article_modified_time":"2025-08-04T13:20:07+00:00","twitter_card":"summary_large_image","schema":{"@context":"https:\/\/schema.org","@graph":[{"@type":"WebPage","@id":"https:\/\/www.orangehotel.be\/en\/contact\/","url":"https:\/\/www.orangehotel.be\/en\/contact\/","name":"Contact us &#8226; Orange H\u00f4tel","isPartOf":{"@id":"https:\/\/www.orangehotel.be\/en\/#website"},"datePublished":"2024-05-28T09:03:02+00:00","dateModified":"2025-08-04T13:20:07+00:00","description":"If you want to gather more information about your stay, feel free to contact our smiling team. We always do our best to help you.","breadcrumb":{"@id":"https:\/\/www.orangehotel.be\/en\/contact\/#breadcrumb"},"inLanguage":"en-US","potentialAction":[{"@type":"ReadAction","target":["https:\/\/www.orangehotel.be\/en\/contact\/"]}]},{"@type":"BreadcrumbList","@id":"https:\/\/www.orangehotel.be\/en\/contact\/#breadcrumb","itemListElement":[{"@type":"ListItem","position":1,"name":"Accueil","item":"https:\/\/www.orangehotel.be\/en\/"},{"@type":"ListItem","position":2,"name":"Contact"}]},{"@type":"WebSite","@id":"https:\/\/www.orangehotel.be\/en\/#website","url":"https:\/\/www.orangehotel.be\/en\/","name":"Orange H\u00f4tel","description":"Un h\u00f4tel B&amp;B entre La Louvi\u00e8re et Mons, proche de l&#039;A\u00e9roport de Charleroi","publisher":{"@id":"https:\/\/www.orangehotel.be\/en\/#organization"},"potentialAction":[{"@type":"SearchAction","target":{"@type":"EntryPoint","urlTemplate":"https:\/\/www.orangehotel.be\/en\/?s={search_term_string}"},"query-input":{"@type":"PropertyValueSpecification","valueRequired":true,"valueName":"search_term_string"}}],"inLanguage":"en-US"},{"@type":"Organization","@id":"https:\/\/www.orangehotel.be\/en\/#organization","name":"Orange H\u00f4tel","url":"https:\/\/www.orangehotel.be\/en\/","logo":{"@type":"ImageObject","inLanguage":"en-US","@id":"https:\/\/www.orangehotel.be\/en\/#\/schema\/logo\/image\/","url":"https:\/\/orangehotel.be\/wp-content\/uploads\/2021\/11\/logo.png","contentUrl":"https:\/\/orangehotel.be\/wp-content\/uploads\/2021\/11\/logo.png","width":213,"height":68,"caption":"Orange H\u00f4tel"},"image":{"@id":"https:\/\/www.orangehotel.be\/en\/#\/schema\/logo\/image\/"}}]}},"_links":{"self":[{"href":"https:\/\/www.orangehotel.be\/en\/wp-json\/wp\/v2\/pages\/6025","targetHints":{"allow":["GET"]}}],"collection":[{"href":"https:\/\/www.orangehotel.be\/en\/wp-json\/wp\/v2\/pages"}],"about":[{"href":"https:\/\/www.orangehotel.be\/en\/wp-json\/wp\/v2\/types\/page"}],"author":[{"embeddable":true,"href":"https:\/\/www.orangehotel.be\/en\/wp-json\/wp\/v2\/users\/10"}],"replies":[{"embeddable":true,"href":"https:\/\/www.orangehotel.be\/en\/wp-json\/wp\/v2\/comments?post=6025"}],"version-history":[{"count":3,"href":"https:\/\/www.orangehotel.be\/en\/wp-json\/wp\/v2\/pages\/6025\/revisions"}],"predecessor-version":[{"id":7125,"href":"https:\/\/www.orangehotel.be\/en\/wp-json\/wp\/v2\/pages\/6025\/revisions\/7125"}],"wp:attachment":[{"href":"https:\/\/www.orangehotel.be\/en\/wp-json\/wp\/v2\/media?parent=6025"}],"curies":[{"name":"wp","href":"https:\/\/api.w.org\/{rel}","templated":true}]}}