{"id":6035,"date":"2024-05-28T11:46:16","date_gmt":"2024-05-28T09:46:16","guid":{"rendered":"https:\/\/www.orangehotel.be\/?page_id=6035"},"modified":"2024-05-31T16:40:42","modified_gmt":"2024-05-31T14:40:42","slug":"suites","status":"publish","type":"page","link":"https:\/\/www.orangehotel.be\/en\/sleep\/suites\/","title":{"rendered":"Suites"},"content":{"rendered":"            <div  class=\" wp-block-grimlock-query-section grimlock-query-section--btn-primary region grimlock-region grimlock-region--mt-0 grimlock-region--mb-0 grimlock-region--pt-8 grimlock-region--pb-8 grimlock-region--12-cols-center-left region--12-cols-center-left grimlock-region--container-classic region--container-classic grimlock-section section grimlock-query-section\" style=\"border-top-color:#eceeef;border-top-style:solid;border-top-width:0;border-bottom-color:#eceeef;border-bottom-style:solid;border-bottom-width:0;z-index:0;\"  >\n            <div class=\"grimlock-region__inner region__inner\" style=\"padding-top:8%;padding-bottom:8%;background-color:rgba(0, 0, 65, 0.05);\">\n                <div class=\"grimlock-region__container region__container\">\n                    <div class=\"grimlock-region__row region__row\">\n                        <div class=\"grimlock-region__col grimlock-region__col--1 region__col region__col--1\">\n\t\t\t\t\t\t\t                        <\/div><!-- .region__col -->\n                        <div class=\"grimlock-region__col grimlock-region__col--2 region__col region__col--2\">\n\t\t\t\t\t\t\t\t\t<div class=\"grimlock-section__content section__content\">\n\t\t\t\n\t\t\t\t<div class=\"grimlock-query-section__posts posts grimlock-posts--height-equalized posts--height-equalized grimlock-posts--6-6-cols-classic posts--6-6-cols-classic grimlock-posts--per-page-2 posts--per-page-2 grimlock-posts--type-rooms posts--type-rooms \">\n\n\t\t\t\t\t\n\t\t\t\t\t\t<article id=\"post-69e14bf23fb7a\" class=\"post-6242 rooms type-rooms status-publish has-post-thumbnail hentry\">\n\t\t\t\t\t\t\t\t<div class=\"card grimlock-post__card post__card\">\n\t\t\n\t\t\n\t\t<div class=\"room_price\">\n\t\t\t<span>From<\/span>\n\t\t\t<strong>140<\/strong>\n\t\t\t<span>\u20ac \/night<\/span>\n\t\t<\/div>\n\n\t\t\t\t<div class=\"card-media\">\n\n\t\t\t\t\t\t\t\t\t\t<div class=\"entry-category\">\n\t\t\t\t\t\t\t\t\t\t\t\t\t<\/div><!-- .entre-category -->\n\t\t\t\t\t\t\t\t\t\t<a href=\"https:\/\/www.orangehotel.be\/en\/rooms\/deluxe-suite\/\" class=\"post-thumbnail\" title=\"Deluxe suite\" rel=\"bookmark\" >\n\t\t\t\t\t\t<img decoding=\"async\" width=\"780\" height=\"580\" src=\"https:\/\/www.orangehotel.be\/wp-content\/uploads\/2013\/12\/suite-de-luxe-la-louviere-780x580.jpg\" class=\"card-img wp-post-image\" alt=\"Deluxe suite in La Louvi\u00e8re\" \/>\t\t\t\t\t<\/a>\n\t\t\t\t\n\t\t\t<\/div><!-- .card-media -->\n\t\t\n\t\t<div class=\"card-body\">\n\t\t\t\t<header class=\"entry-header clearfix\">\n\t\t<h2 class=\"entry-title\"><a href=\"https:\/\/www.orangehotel.be\/en\/rooms\/deluxe-suite\/\" rel=\"bookmark\" >Deluxe suite<\/a><\/h2>\t<\/header><!-- .entry-header -->\n\t\t\t\t<div class=\"entry-summary clearfix\">\n\t\t\t\t<p>For a V.I.P. stay or all your events, the Orange Hotel&#8217;s Deluxe Suites are made for you!<\/p>\n\t\t\t<\/div><!-- .entry-summary -->\n\t\t\n\t\t\n\t\t<div class=\"room_infos row mt-auto\">\n\t\t\t<div class=\"col-6 pr-1\"><span><i class=\"sinclair-icon sinclair-users mr-2\" style=\"font-size: 1.4em;\"><\/i> 4<\/span><\/div>\n\t\t\t<div class=\"col-6 pl-1\"><span><i class=\"sinclair-icon sinclair-arrows-out mr-2\" style=\"font-size: 1.4em;\"><\/i> 40m\u00b2<\/span><\/div>\n\t\t\t<div class=\"col pt-2\"><span><em class=\"small\">1 King Bed or 2 Singles , 1 Queen Bed<\/em><\/span><\/div>\n\t\t<\/div>\n\n\t\t\t<\/div><!-- .card-body -->\n\n\t\t\t<\/div><!-- .card -->\n\t\t\t\t\t\t\t<\/article><!-- #post-## -->\n\n\t\t\t\t\t\n\t\t\t\t\t\t<article id=\"post-69e14bf241ed6\" class=\"post-6247 rooms type-rooms status-publish has-post-thumbnail hentry\">\n\t\t\t\t\t\t\t\t<div class=\"card grimlock-post__card post__card\">\n\t\t\n\t\t\n\t\t<div class=\"room_price\">\n\t\t\t<span>From<\/span>\n\t\t\t<strong>150<\/strong>\n\t\t\t<span>\u20ac \/night<\/span>\n\t\t<\/div>\n\n\t\t\t\t<div class=\"card-media\">\n\n\t\t\t\t\t\t\t\t\t\t<div class=\"entry-category\">\n\t\t\t\t\t\t\t\t\t\t\t\t\t<\/div><!-- .entre-category -->\n\t\t\t\t\t\t\t\t\t\t<a href=\"https:\/\/www.orangehotel.be\/en\/rooms\/coeur-orange-suite\/\" class=\"post-thumbnail\" title=\"Coeur d&#8217;Orange suite\" rel=\"bookmark\" >\n\t\t\t\t\t\t<img decoding=\"async\" width=\"780\" height=\"580\" src=\"https:\/\/www.orangehotel.be\/wp-content\/uploads\/2016\/10\/suite-coeur-orange-780x580.jpg\" class=\"card-img wp-post-image\" alt=\"Coeur d\u2019Orange Suite in La Louvi\u00e8re\" \/>\t\t\t\t\t<\/a>\n\t\t\t\t\n\t\t\t<\/div><!-- .card-media -->\n\t\t\n\t\t<div class=\"card-body\">\n\t\t\t\t<header class=\"entry-header clearfix\">\n\t\t<h2 class=\"entry-title\"><a href=\"https:\/\/www.orangehotel.be\/en\/rooms\/coeur-orange-suite\/\" rel=\"bookmark\" >Coeur d&#8217;Orange suite<\/a><\/h2>\t<\/header><!-- .entry-header -->\n\t\t\t\t<div class=\"entry-summary clearfix\">\n\t\t\t\t<p>The \u201cCoeur d&#8217;Orange\u201d Suite is just the place for your romantic get-togethers or stays!<\/p>\n\t\t\t<\/div><!-- .entry-summary -->\n\t\t\n\t\t\n\t\t<div class=\"room_infos row mt-auto\">\n\t\t\t<div class=\"col-6 pr-1\"><span><i class=\"sinclair-icon sinclair-users mr-2\" style=\"font-size: 1.4em;\"><\/i> 2<\/span><\/div>\n\t\t\t<div class=\"col-6 pl-1\"><span><i class=\"sinclair-icon sinclair-arrows-out mr-2\" style=\"font-size: 1.4em;\"><\/i> 28 m\u00b2<\/span><\/div>\n\t\t\t<div class=\"col pt-2\"><span><em class=\"small\">1 King with a round-shaped Bed<\/em><\/span><\/div>\n\t\t<\/div>\n\n\t\t\t<\/div><!-- .card-body -->\n\n\t\t\t<\/div><!-- .card -->\n\t\t\t\t\t\t\t<\/article><!-- #post-## -->\n\n\t\t\t\t\t\n\t\t\t\t<\/div><!-- .grimlock-query-section__posts.posts -->\n\n\t\t\t\t\t<\/div><!-- .section__content -->\n\t\t                        <\/div><!-- .region__col -->\n                    <\/div><!-- .region__row -->\n                <\/div><!-- .region__container -->\n            <\/div><!-- .region__inner -->\n            <\/div><!-- .grimlock-section -->\n\t\t","protected":false},"excerpt":{"rendered":"<p>Looking for originality, something special to  celebrate?  This is the place to be.<\/p>\n","protected":false},"author":10,"featured_media":4338,"parent":6029,"menu_order":0,"comment_status":"closed","ping_status":"closed","template":"template-full-width.php","meta":{"_acf_changed":false,"inline_featured_image":false,"footnotes":""},"class_list":["post-6035","page","type-page","status-publish","has-post-thumbnail","hentry"],"acf":[],"yoast_head":"<!-- This site is optimized with the Yoast SEO plugin v27.3 - https:\/\/yoast.com\/product\/yoast-seo-wordpress\/ -->\n<title>Suites &#8226; Orange H\u00f4tel<\/title>\n<meta name=\"description\" content=\"Come visit the beautiful R\u00e9gion du Centre and stop by the Orange Hotel to relax in one of our cosy suites. Ideal for couples and friends !\" \/>\n<meta name=\"robots\" content=\"index, follow, max-snippet:-1, max-image-preview:large, max-video-preview:-1\" \/>\n<link rel=\"canonical\" href=\"https:\/\/www.orangehotel.be\/en\/sleep\/suites\/\" \/>\n<meta property=\"og:locale\" content=\"en_US\" \/>\n<meta property=\"og:type\" content=\"article\" \/>\n<meta property=\"og:title\" content=\"Suites &#8226; Orange H\u00f4tel\" \/>\n<meta property=\"og:description\" content=\"Come visit the beautiful R\u00e9gion du Centre and stop by the Orange Hotel to relax in one of our cosy suites. Ideal for couples and friends !\" \/>\n<meta property=\"og:url\" content=\"https:\/\/www.orangehotel.be\/en\/sleep\/suites\/\" \/>\n<meta property=\"og:site_name\" content=\"Orange H\u00f4tel\" \/>\n<meta property=\"article:modified_time\" content=\"2024-05-31T14:40:42+00:00\" \/>\n<meta property=\"og:image\" content=\"https:\/\/www.orangehotel.be\/wp-content\/uploads\/2022\/04\/suite-orange-hotel-la-luviere.png\" \/>\n\t<meta property=\"og:image:width\" content=\"1340\" \/>\n\t<meta property=\"og:image:height\" content=\"893\" \/>\n\t<meta property=\"og:image:type\" content=\"image\/png\" \/>\n<meta name=\"twitter:card\" content=\"summary_large_image\" \/>\n<script type=\"application\/ld+json\" class=\"yoast-schema-graph\">{\"@context\":\"https:\\\/\\\/schema.org\",\"@graph\":[{\"@type\":\"WebPage\",\"@id\":\"https:\\\/\\\/www.orangehotel.be\\\/en\\\/sleep\\\/suites\\\/\",\"url\":\"https:\\\/\\\/www.orangehotel.be\\\/en\\\/sleep\\\/suites\\\/\",\"name\":\"Suites &#8226; Orange H\u00f4tel\",\"isPartOf\":{\"@id\":\"https:\\\/\\\/www.orangehotel.be\\\/en\\\/#website\"},\"primaryImageOfPage\":{\"@id\":\"https:\\\/\\\/www.orangehotel.be\\\/en\\\/sleep\\\/suites\\\/#primaryimage\"},\"image\":{\"@id\":\"https:\\\/\\\/www.orangehotel.be\\\/en\\\/sleep\\\/suites\\\/#primaryimage\"},\"thumbnailUrl\":\"https:\\\/\\\/www.orangehotel.be\\\/wp-content\\\/uploads\\\/2022\\\/04\\\/suite-orange-hotel-la-luviere.png\",\"datePublished\":\"2024-05-28T09:46:16+00:00\",\"dateModified\":\"2024-05-31T14:40:42+00:00\",\"description\":\"Come visit the beautiful R\u00e9gion du Centre and stop by the Orange Hotel to relax in one of our cosy suites. Ideal for couples and friends !\",\"breadcrumb\":{\"@id\":\"https:\\\/\\\/www.orangehotel.be\\\/en\\\/sleep\\\/suites\\\/#breadcrumb\"},\"inLanguage\":\"en-US\",\"potentialAction\":[{\"@type\":\"ReadAction\",\"target\":[\"https:\\\/\\\/www.orangehotel.be\\\/en\\\/sleep\\\/suites\\\/\"]}]},{\"@type\":\"ImageObject\",\"inLanguage\":\"en-US\",\"@id\":\"https:\\\/\\\/www.orangehotel.be\\\/en\\\/sleep\\\/suites\\\/#primaryimage\",\"url\":\"https:\\\/\\\/www.orangehotel.be\\\/wp-content\\\/uploads\\\/2022\\\/04\\\/suite-orange-hotel-la-luviere.png\",\"contentUrl\":\"https:\\\/\\\/www.orangehotel.be\\\/wp-content\\\/uploads\\\/2022\\\/04\\\/suite-orange-hotel-la-luviere.png\",\"width\":1340,\"height\":893,\"caption\":\"Suite de l'h\u00f4tel Orange \u00e0 La Louvi\u00e8re\"},{\"@type\":\"BreadcrumbList\",\"@id\":\"https:\\\/\\\/www.orangehotel.be\\\/en\\\/sleep\\\/suites\\\/#breadcrumb\",\"itemListElement\":[{\"@type\":\"ListItem\",\"position\":1,\"name\":\"Accueil\",\"item\":\"https:\\\/\\\/www.orangehotel.be\\\/en\\\/\"},{\"@type\":\"ListItem\",\"position\":2,\"name\":\"Sleep\",\"item\":\"https:\\\/\\\/www.orangehotel.be\\\/en\\\/sleep\\\/\"},{\"@type\":\"ListItem\",\"position\":3,\"name\":\"Suites\"}]},{\"@type\":\"WebSite\",\"@id\":\"https:\\\/\\\/www.orangehotel.be\\\/en\\\/#website\",\"url\":\"https:\\\/\\\/www.orangehotel.be\\\/en\\\/\",\"name\":\"Orange H\u00f4tel\",\"description\":\"Un h\u00f4tel B&amp;B entre La Louvi\u00e8re et Mons, proche de l&#039;A\u00e9roport de Charleroi\",\"publisher\":{\"@id\":\"https:\\\/\\\/www.orangehotel.be\\\/en\\\/#organization\"},\"potentialAction\":[{\"@type\":\"SearchAction\",\"target\":{\"@type\":\"EntryPoint\",\"urlTemplate\":\"https:\\\/\\\/www.orangehotel.be\\\/en\\\/?s={search_term_string}\"},\"query-input\":{\"@type\":\"PropertyValueSpecification\",\"valueRequired\":true,\"valueName\":\"search_term_string\"}}],\"inLanguage\":\"en-US\"},{\"@type\":\"Organization\",\"@id\":\"https:\\\/\\\/www.orangehotel.be\\\/en\\\/#organization\",\"name\":\"Orange H\u00f4tel\",\"url\":\"https:\\\/\\\/www.orangehotel.be\\\/en\\\/\",\"logo\":{\"@type\":\"ImageObject\",\"inLanguage\":\"en-US\",\"@id\":\"https:\\\/\\\/www.orangehotel.be\\\/en\\\/#\\\/schema\\\/logo\\\/image\\\/\",\"url\":\"https:\\\/\\\/orangehotel.be\\\/wp-content\\\/uploads\\\/2021\\\/11\\\/logo.png\",\"contentUrl\":\"https:\\\/\\\/orangehotel.be\\\/wp-content\\\/uploads\\\/2021\\\/11\\\/logo.png\",\"width\":213,\"height\":68,\"caption\":\"Orange H\u00f4tel\"},\"image\":{\"@id\":\"https:\\\/\\\/www.orangehotel.be\\\/en\\\/#\\\/schema\\\/logo\\\/image\\\/\"}}]}<\/script>\n<!-- \/ Yoast SEO plugin. -->","yoast_head_json":{"title":"Suites &#8226; Orange H\u00f4tel","description":"Come visit the beautiful R\u00e9gion du Centre and stop by the Orange Hotel to relax in one of our cosy suites. Ideal for couples and friends !","robots":{"index":"index","follow":"follow","max-snippet":"max-snippet:-1","max-image-preview":"max-image-preview:large","max-video-preview":"max-video-preview:-1"},"canonical":"https:\/\/www.orangehotel.be\/en\/sleep\/suites\/","og_locale":"en_US","og_type":"article","og_title":"Suites &#8226; Orange H\u00f4tel","og_description":"Come visit the beautiful R\u00e9gion du Centre and stop by the Orange Hotel to relax in one of our cosy suites. Ideal for couples and friends !","og_url":"https:\/\/www.orangehotel.be\/en\/sleep\/suites\/","og_site_name":"Orange H\u00f4tel","article_modified_time":"2024-05-31T14:40:42+00:00","og_image":[{"width":1340,"height":893,"url":"https:\/\/www.orangehotel.be\/wp-content\/uploads\/2022\/04\/suite-orange-hotel-la-luviere.png","type":"image\/png"}],"twitter_card":"summary_large_image","schema":{"@context":"https:\/\/schema.org","@graph":[{"@type":"WebPage","@id":"https:\/\/www.orangehotel.be\/en\/sleep\/suites\/","url":"https:\/\/www.orangehotel.be\/en\/sleep\/suites\/","name":"Suites &#8226; Orange H\u00f4tel","isPartOf":{"@id":"https:\/\/www.orangehotel.be\/en\/#website"},"primaryImageOfPage":{"@id":"https:\/\/www.orangehotel.be\/en\/sleep\/suites\/#primaryimage"},"image":{"@id":"https:\/\/www.orangehotel.be\/en\/sleep\/suites\/#primaryimage"},"thumbnailUrl":"https:\/\/www.orangehotel.be\/wp-content\/uploads\/2022\/04\/suite-orange-hotel-la-luviere.png","datePublished":"2024-05-28T09:46:16+00:00","dateModified":"2024-05-31T14:40:42+00:00","description":"Come visit the beautiful R\u00e9gion du Centre and stop by the Orange Hotel to relax in one of our cosy suites. Ideal for couples and friends !","breadcrumb":{"@id":"https:\/\/www.orangehotel.be\/en\/sleep\/suites\/#breadcrumb"},"inLanguage":"en-US","potentialAction":[{"@type":"ReadAction","target":["https:\/\/www.orangehotel.be\/en\/sleep\/suites\/"]}]},{"@type":"ImageObject","inLanguage":"en-US","@id":"https:\/\/www.orangehotel.be\/en\/sleep\/suites\/#primaryimage","url":"https:\/\/www.orangehotel.be\/wp-content\/uploads\/2022\/04\/suite-orange-hotel-la-luviere.png","contentUrl":"https:\/\/www.orangehotel.be\/wp-content\/uploads\/2022\/04\/suite-orange-hotel-la-luviere.png","width":1340,"height":893,"caption":"Suite de l'h\u00f4tel Orange \u00e0 La Louvi\u00e8re"},{"@type":"BreadcrumbList","@id":"https:\/\/www.orangehotel.be\/en\/sleep\/suites\/#breadcrumb","itemListElement":[{"@type":"ListItem","position":1,"name":"Accueil","item":"https:\/\/www.orangehotel.be\/en\/"},{"@type":"ListItem","position":2,"name":"Sleep","item":"https:\/\/www.orangehotel.be\/en\/sleep\/"},{"@type":"ListItem","position":3,"name":"Suites"}]},{"@type":"WebSite","@id":"https:\/\/www.orangehotel.be\/en\/#website","url":"https:\/\/www.orangehotel.be\/en\/","name":"Orange H\u00f4tel","description":"Un h\u00f4tel B&amp;B entre La Louvi\u00e8re et Mons, proche de l&#039;A\u00e9roport de Charleroi","publisher":{"@id":"https:\/\/www.orangehotel.be\/en\/#organization"},"potentialAction":[{"@type":"SearchAction","target":{"@type":"EntryPoint","urlTemplate":"https:\/\/www.orangehotel.be\/en\/?s={search_term_string}"},"query-input":{"@type":"PropertyValueSpecification","valueRequired":true,"valueName":"search_term_string"}}],"inLanguage":"en-US"},{"@type":"Organization","@id":"https:\/\/www.orangehotel.be\/en\/#organization","name":"Orange H\u00f4tel","url":"https:\/\/www.orangehotel.be\/en\/","logo":{"@type":"ImageObject","inLanguage":"en-US","@id":"https:\/\/www.orangehotel.be\/en\/#\/schema\/logo\/image\/","url":"https:\/\/orangehotel.be\/wp-content\/uploads\/2021\/11\/logo.png","contentUrl":"https:\/\/orangehotel.be\/wp-content\/uploads\/2021\/11\/logo.png","width":213,"height":68,"caption":"Orange H\u00f4tel"},"image":{"@id":"https:\/\/www.orangehotel.be\/en\/#\/schema\/logo\/image\/"}}]}},"_links":{"self":[{"href":"https:\/\/www.orangehotel.be\/en\/wp-json\/wp\/v2\/pages\/6035","targetHints":{"allow":["GET"]}}],"collection":[{"href":"https:\/\/www.orangehotel.be\/en\/wp-json\/wp\/v2\/pages"}],"about":[{"href":"https:\/\/www.orangehotel.be\/en\/wp-json\/wp\/v2\/types\/page"}],"author":[{"embeddable":true,"href":"https:\/\/www.orangehotel.be\/en\/wp-json\/wp\/v2\/users\/10"}],"replies":[{"embeddable":true,"href":"https:\/\/www.orangehotel.be\/en\/wp-json\/wp\/v2\/comments?post=6035"}],"version-history":[{"count":1,"href":"https:\/\/www.orangehotel.be\/en\/wp-json\/wp\/v2\/pages\/6035\/revisions"}],"predecessor-version":[{"id":6036,"href":"https:\/\/www.orangehotel.be\/en\/wp-json\/wp\/v2\/pages\/6035\/revisions\/6036"}],"up":[{"embeddable":true,"href":"https:\/\/www.orangehotel.be\/en\/wp-json\/wp\/v2\/pages\/6029"}],"wp:featuredmedia":[{"embeddable":true,"href":"https:\/\/www.orangehotel.be\/en\/wp-json\/wp\/v2\/media\/4338"}],"wp:attachment":[{"href":"https:\/\/www.orangehotel.be\/en\/wp-json\/wp\/v2\/media?parent=6035"}],"curies":[{"name":"wp","href":"https:\/\/api.w.org\/{rel}","templated":true}]}}