{"id":6041,"date":"2024-05-28T12:04:27","date_gmt":"2024-05-28T10:04:27","guid":{"rendered":"https:\/\/www.orangehotel.be\/?page_id=6041"},"modified":"2026-03-30T14:50:17","modified_gmt":"2026-03-30T12:50:17","slug":"breakfast","status":"publish","type":"page","link":"https:\/\/www.orangehotel.be\/en\/eat\/breakfast\/","title":{"rendered":"Breakfast"},"content":{"rendered":"\n<div class=\"wp-block-columns is-layout-flex wp-container-core-columns-is-layout-9d6595d7 wp-block-columns-is-layout-flex\">\n<div class=\"wp-block-column is-vertically-aligned-center is-layout-flow wp-block-column-is-layout-flow\">\n<h3 class=\"wp-block-heading has-subheading-font-size\" id=\"breakfast\">Breakfast<\/h3>\n\n\n\n<h1 class=\"wp-block-heading\" id=\"la-tablee-breakfast-pour-un-reveil-en-douceur-a-l-orange-hotel\"><strong>FOR A GENTLE WAKE-UP CALL TO THE ORANGE HOTEL<\/strong> <strong>!<\/strong><\/h1>\n\n\n\n<hr class=\"wp-block-separator has-text-color has-button-primary-color has-css-opacity has-button-primary-background-color has-background is-style-default\"\/>\n\n\n\n<p>Daily proposed from 6.30AM, our breakfast buffet is the perfect start to boost your day ! Our chief is at your disposal to prepare under your eyes \u00e0 la minute a selection of salty or sweety meals of your choice ! Our breakfast is also opened to external guests: do not miss the chance to be cocooned and to begin your business or leisure days around a nice meal !<\/p>\n\n\n\n<p><\/p>\n\n\n\n<h2 class=\"wp-block-heading\"><strong>A BREAKFAST BUFFET INCLUDING HEALTHY AND QUALITY PRODUCTS<\/strong><\/h2>\n\n\n\n<p>Proposed in the restaurant area located on the groundfloor, the Orange Hotel breakfast buffet is opened to all, internal as well as external guests:&nbsp;<\/p>\n\n\n\n<ul class=\"wp-block-list\">\n<li>On weekdays between 6.30 and 10.00AM ;&nbsp;<\/li>\n\n\n\n<li>On weekend until 10.30AM !&nbsp;<\/li>\n<\/ul>\n\n\n\n<p><br>Awakening from a good night of rest in our hotel? Or in search of a perfectly located spot to meet your first appointment of the day? Perhaps are you simply wishing to get out of your house in couple or family for an out of ordinary breakfast? Enjoy the most perfect day start possible with our giant all u can eat breakfast buffet composed of healthy and quality products for only 20 euros !\u00a0<\/p>\n\n\n\n<p>Pastries, fresh fruits, corn, egg preparations, cheese, salmon, cured meats, sausages, grilled bacon, etc. Everything is here to meet your expectations !&nbsp;<\/p>\n\n\n\n<p>Mix the smiling and warm welcome you deserved with our sustainable coffees \u2013 teas as well as the choice between fresh pressed orange juice or 100% natural juices Granini\u00ae&nbsp; and you\u2019ll be ready and energized for the rest of the day!<\/p>\n<\/div>\n\n\n\n<div class=\"wp-block-column is-layout-flow wp-block-column-is-layout-flow\">\n<div class=\"wp-block-getwid-images-stack is-layout-zeta\"><div class=\"wp-block-getwid-images-stack__wrapper\"><div class=\"wp-block-getwid-images-stack__chunk\"><div class=\"wp-block-getwid-images-stack__media-wrapper\"><div class=\"wp-block-getwid-images-stack__media-inner-wrapper\"><img decoding=\"async\" class=\"wp-block-getwid-images-stack__media wp-image-7224\" src=\"https:\/\/www.orangehotel.be\/wp-content\/uploads\/2026\/01\/orange-hotel-salle-breakfast-2025-008-1024x576.jpg\" alt=\"Salle de petit-d\u00e9jeuner \u00e0 l'Orange Hotel\" data-id=\"7224\" data-link=\"https:\/\/www.orangehotel.be\/en\/eat\/breakfast\/orange-hotel-salle-breakfast-2025-008\/\"\/><\/div><\/div><div class=\"wp-block-getwid-images-stack__media-wrapper\"><div class=\"wp-block-getwid-images-stack__media-inner-wrapper\"><img decoding=\"async\" class=\"wp-block-getwid-images-stack__media wp-image-7225\" src=\"https:\/\/www.orangehotel.be\/wp-content\/uploads\/2026\/01\/orange-hotel-breakfast-resume-012-768x1024.jpeg\" alt=\"Boissons du petit-d\u00e9jeuner de l'Orange Hotel\" data-id=\"7225\" data-link=\"https:\/\/www.orangehotel.be\/en\/eat\/breakfast\/orange-hotel-breakfast-resume-012\/\"\/><\/div><\/div><div class=\"wp-block-getwid-images-stack__media-wrapper\"><div class=\"wp-block-getwid-images-stack__media-inner-wrapper\"><img decoding=\"async\" class=\"wp-block-getwid-images-stack__media wp-image-7226\" src=\"https:\/\/www.orangehotel.be\/wp-content\/uploads\/2026\/01\/orange-hotel-breakfast-resume-005-1024x576.jpg\" alt=\"Buffet breakfast de l'Orange Hotel\" data-id=\"7226\" data-link=\"https:\/\/www.orangehotel.be\/en\/eat\/breakfast\/orange-hotel-breakfast-resume-005\/\"\/><\/div><\/div><\/div><\/div><\/div>\n<\/div>\n<\/div>\n\n\n\n<div class=\"wp-block-getwid-advanced-spacer\" style=\"height:5vw\" aria-hidden=\"true\"><\/div>\n\n\n\n<figure class=\"wp-block-gallery has-nested-images columns-default is-cropped wp-block-gallery-1 is-layout-flex wp-block-gallery-is-layout-flex\">\n<figure class=\"wp-block-image size-full\"><img decoding=\"async\" data-id=\"7227\" src=\"https:\/\/www.orangehotel.be\/wp-content\/uploads\/2026\/01\/orange-hotel-salle-breakfast-2025-004.jpg\" alt=\"Salle &quot;breakfast&quot; \u00e0 l'Orange Hotel\" class=\"wp-image-7227\"\/><\/figure>\n\n\n\n<figure class=\"wp-block-image size-full\"><img decoding=\"async\" data-id=\"7228\" src=\"https:\/\/www.orangehotel.be\/wp-content\/uploads\/2026\/01\/orange-hotel-breakfast-resume-001.jpg\" alt=\"Table de petit-d\u00e9jeuner \u00e0 l'Orange Hotel\" class=\"wp-image-7228\"\/><\/figure>\n\n\n\n<figure class=\"wp-block-image size-full\"><img decoding=\"async\" data-id=\"7229\" src=\"https:\/\/www.orangehotel.be\/wp-content\/uploads\/2026\/01\/orange-hotel-breakfast-resume-008.jpg\" alt=\"breakfast buffet Orange Hotel\" class=\"wp-image-7229\"\/><\/figure>\n<\/figure>\n\n\n\n<div class=\"wp-block-getwid-advanced-spacer\" style=\"height:5vw\" aria-hidden=\"true\"><\/div>\n\n\n\t\t\t<div  class=\" wp-block-grimlock-section grimlock-section--btn-primary grimlock-section--live-cooking-station grimlock-video-section--69f290c1bc12b region grimlock-region grimlock-region--mt-0 grimlock-region--mb-6 grimlock-region--pt-6 grimlock-region--pb-6 grimlock-region--6-6-cols-left-modern region--6-6-cols-left-modern grimlock-region--container-classic region--container-classic grimlock-section section\" style=\"margin-bottom:6%;border-top-color:#eceeef;border-top-style:solid;border-top-width:0;border-bottom-color:#eceeef;border-bottom-style:solid;border-bottom-width:0;z-index:0;\"  data-property=\"{&quot;videoURL&quot;:&quot;&quot;,&quot;containment&quot;:&quot;.grimlock-video-section--69f290c1bc12b.grimlock-section&quot;,&quot;ratio&quot;:&quot;auto&quot;,&quot;optimizeDisplay&quot;:true,&quot;autoPlay&quot;:true,&quot;mute&quot;:true,&quot;vol&quot;:&quot;0&quot;,&quot;startAt&quot;:0,&quot;opacity&quot;:1,&quot;gaTrack&quot;:false,&quot;showControls&quot;:false,&quot;showYTLogo&quot;:false,&quot;loop&quot;:true,&quot;remember_last_time&quot;:false,&quot;stopMovieOnBlur&quot;:false}\">\n\t\t\t<div class=\"region__inner\" style=\"padding-top:6%;padding-bottom:6%;background-color:#191919;\">\n\t\t\t\t<div class=\"region__container\">\n\t\t\t\t\t<div class=\"region__row\">\n\t\t\t\t\t\t<div class=\"region__col region__col--1\" >\n\t\t\t\t\t\t\t<div class=\"grimlock-reveal-element grimlock-reveal-element--thumbnail\" >\n\t\t\t\t\t\t\t\t            <div class=\"grimlock-section__thumbnail section__thumbnail\">\n\n\t            \n\t            <img decoding=\"async\" width=\"1191\" height=\"800\" src=\"https:\/\/www.orangehotel.be\/wp-content\/uploads\/2024\/05\/ontbijt-orange-hotel-la-louviere.png\" class=\"grimlock-section__thumbnail-img section__thumbnail-img img-fluid\" alt=\"\" srcset=\"https:\/\/www.orangehotel.be\/wp-content\/uploads\/2024\/05\/ontbijt-orange-hotel-la-louviere.png 1191w, https:\/\/www.orangehotel.be\/wp-content\/uploads\/2024\/05\/ontbijt-orange-hotel-la-louviere-300x202.png 300w, https:\/\/www.orangehotel.be\/wp-content\/uploads\/2024\/05\/ontbijt-orange-hotel-la-louviere-1024x688.png 1024w, https:\/\/www.orangehotel.be\/wp-content\/uploads\/2024\/05\/ontbijt-orange-hotel-la-louviere-768x516.png 768w\" sizes=\"(max-width: 1191px) 100vw, 1191px\" \/>\t            <div class=\"grimlock-section__thumbnail-caption section__thumbnail-caption\"><\/div>\n            <\/div><!-- .section__thumbnail -->\n\t\t\t\t\t\t\t\t\t\t<\/div>\n\t\t\t\t\t\t<\/div><!-- .region__col -->\n\t\t\t\t\t\t<div class=\"region__col region__col--2\" >\n\t\t\t\t\t\t\t<div class=\"grimlock-reveal-element grimlock-reveal-element--content\" >\n\t\t\t\t\t\t\t\t\t        <div class=\"grimlock-section__header section__header\">\n\t\t\t\t\n            <h2 class=\"grimlock-section__title section__title grimlock-display-1 display-1\" >\n\t\t\t\tLIVE COOKING STATION            <\/h2>\n\t\t\t\t        <\/div><!-- .section__header -->\n\t\t\t\t        <div class=\"grimlock-section__content section__content\">\n\t\t\t\t            <div class=\"grimlock-section__text section__text\">\n\t\t\t\t<p>Icing on the cake! To complete your satisfaction, we propose to our travelers to benefit of our live-cooking formula during their breakfast! Our chief of the day will be happy to prepare your wish a la minute! <\/p>\n<p>The saltiest ones among you will be attracted by our egg preparations and by the \u00ab english breakfast \u00bb. <\/p>\n<p>Sweetiest ones will be delighted with the pancakes, the French toast and all the freshly on spot baked croissant, breads and other pastries ! <\/p>\n<p>All your senses will be awake with our all included hot &amp; cold breakfast formula! Bon app\u00e9tit ! <\/p>\n            <\/div>\n\t\t\t\t        <\/div><!-- .section__content -->\n\t\t\t\t\t\t\t\t\t\t<\/div>\n\t\t\t\t\t\t<\/div><!-- .region__col -->\n\t\t\t\t\t<\/div><!-- .region__row -->\n\t\t\t\t<\/div><!-- .region__container -->\n\t\t\t<\/div><!-- .region__inner -->\n\t\t\t<\/div><!-- .grimlock-section -->\n\t\t\n\n\n<div class=\"wp-block-getwid-advanced-spacer\" style=\"height:1vw\" aria-hidden=\"true\"><\/div>\n\n\n\n<div class=\"wp-block-group enhanced-book-section has-display-heading-color has-text-color has-background has-link-color wp-elements-f109b2f08258d177d302a28ed79e5c6c\" style=\"background-color:#000000\"><div class=\"wp-block-group__inner-container is-layout-constrained wp-block-group-is-layout-constrained\">\n<div class=\"wp-block-group enhanced-book-section-background has-background\" style=\"background-color:#000000eb\"><div class=\"wp-block-group__inner-container is-layout-constrained wp-block-group-is-layout-constrained\">\n<div class=\"wp-block-columns is-layout-flex wp-container-core-columns-is-layout-9d6595d7 wp-block-columns-is-layout-flex\">\n<div class=\"wp-block-column is-vertically-aligned-center is-layout-flow wp-block-column-is-layout-flow\" style=\"flex-basis:40%\">\n<h2 class=\"wp-block-heading has-text-align-center has-h-1-font-size\">Reservation<\/h2>\n\n\n\n<h4 class=\"wp-block-heading has-text-align-center has-button-primary-color has-text-color has-link-color wp-elements-28485dc01a86a1c19a4254f5f34ccb8a\">Book your stay now<\/h4>\n\n\n\n<div style=\"height:2rem\" aria-hidden=\"true\" class=\"wp-block-spacer\"><\/div>\n\n\n\n<div class=\"RoomRaccoon-BookingEngine RoomRaccoon-BookingEngine--availability-widget\">\n\t\t\t\t\t\t\t<div class=\"availability-widget\">\n\t\t\t\t\t\t\t<span class=\"availability-widget-date availability-widget-date--from\">\n\tFrom: <input id=\"startDate-fr\" name=\"dateStart\" type=\"date\" value=\"\">\n\t<\/span>\n\t<span class=\"availability-widget-date\">\n\tTo: <input id=\"endDate-fr\" name=\"dateEnd\" type=\"date\" value=\"\">\n\t<\/span><\/div><script>\n\t\tvar date = new Date();\n\t\tvar formatFixMonth, formatFixDay;\n\t\tif( date.getMonth() < 9 ){ formatFixMonth = 0; }else{ formatFixMonth = \"\"; }\n\t\tif( date.getDate() < 9 ){ formatFixDay = 0; }else{ formatFixDay = \"\"; }\n\t\tvar today = date.getFullYear() + \"-\" + formatFixMonth + (date.getMonth()+1) + \"-\" + formatFixDay + date.getDate();\n\n\t\tdate.setDate(date.getDate()+1);\n\t\tif( date.getMonth() < 9 ){ formatFixMonth = 0; }else{ formatFixMonth = \"\"; }\n\t\tif( date.getDate() < 9 ){ formatFixDay = 0; }else{ formatFixDay = \"\"; }\n\t\tvar tomorrow = date.getFullYear() + \"-\" + formatFixMonth + (date.getMonth()+1) + \"-\" + formatFixDay + date.getDate();\n\n\t\tdocument.getElementById(\"startDate-fr\").value = today;\n\t\tdocument.getElementById(\"endDate-fr\").value = tomorrow;\n\t<\/script>\n\t<a target=\"_blank\" class=\"RoomRaccoonButton2 RoomRaccoonButton2-fr\" onclick='href=\"https:\\\/\\\/booking.roomraccoon.com\\\/orangehotel\\\/en\\\/?dateStart=\"+document.getElementById(\"startDate-fr\").value+\"&#038;dateEnd=\"+document.getElementById(\"endDate-fr\").value+\"\";'>Check availability<\/a>\n\t<\/div>\n<\/div>\n\n\n\n<div class=\"wp-block-column is-layout-flow wp-block-column-is-layout-flow\">\n<div class=\"wp-block-group cards-style is-layout-grid wp-container-core-group-is-layout-8d2db683 wp-block-group-is-layout-grid\">\n<div class=\"wp-block-group\"><div class=\"wp-block-group__inner-container is-layout-constrained wp-block-group-is-layout-constrained\">\n<div class=\"wp-block-columns is-layout-flex wp-container-core-columns-is-layout-9d6595d7 wp-block-columns-is-layout-flex\">\n<div class=\"wp-block-column is-vertically-aligned-center is-layout-flow wp-block-column-is-layout-flow\" style=\"flex-basis:5rem\"><div class=\"wp-block-image\">\n<figure class=\"aligncenter size-large is-resized\"><img decoding=\"async\" width=\"512\" height=\"512\" src=\"https:\/\/www.orangehotel.be\/wp-content\/uploads\/2026\/02\/icon-money.svg\" alt=\"\" class=\"wp-image-7290\" style=\"width:50px\"\/><\/figure>\n<\/div><\/div>\n\n\n\n<div class=\"wp-block-column is-layout-flow wp-block-column-is-layout-flow\">\n<h3 class=\"wp-block-heading has-button-primary-color has-text-color has-link-color has-text-bigger-font-size wp-elements-e8a537a2e379eeb406f9f8d0689e867d\">BEST PRICES GUARANTEED<\/h3>\n\n\n\n<p>No extra charges or hidden commissions. Our best offers are available directly!<\/p>\n<\/div>\n<\/div>\n<\/div><\/div>\n\n\n\n<div class=\"wp-block-group\"><div class=\"wp-block-group__inner-container is-layout-constrained wp-block-group-is-layout-constrained\">\n<div class=\"wp-block-columns is-layout-flex wp-container-core-columns-is-layout-9d6595d7 wp-block-columns-is-layout-flex\">\n<div class=\"wp-block-column is-vertically-aligned-center is-layout-flow wp-block-column-is-layout-flow\" style=\"flex-basis:5rem\"><div class=\"wp-block-image\">\n<figure class=\"aligncenter size-large is-resized\"><img decoding=\"async\" width=\"512\" height=\"512\" src=\"https:\/\/www.orangehotel.be\/wp-content\/uploads\/2026\/02\/icon-talk.svg\" alt=\"\" class=\"wp-image-7291\" style=\"width:50px\"\/><\/figure>\n<\/div><\/div>\n\n\n\n<div class=\"wp-block-column is-layout-flow wp-block-column-is-layout-flow\">\n<h3 class=\"wp-block-heading has-button-primary-color has-text-color has-link-color has-text-bigger-font-size wp-elements-81dd0235510144777d2f9da61ca3091a\">ATTENTIVE TO YOUR NEEDS<\/h3>\n\n\n\n<p>We guide you through every step of the booking process to ensure it best suits your needs!<\/p>\n<\/div>\n<\/div>\n<\/div><\/div>\n\n\n\n<div class=\"wp-block-group\"><div class=\"wp-block-group__inner-container is-layout-constrained wp-block-group-is-layout-constrained\">\n<div class=\"wp-block-columns is-layout-flex wp-container-core-columns-is-layout-9d6595d7 wp-block-columns-is-layout-flex\">\n<div class=\"wp-block-column is-vertically-aligned-center is-layout-flow wp-block-column-is-layout-flow\" style=\"flex-basis:5rem\"><div class=\"wp-block-image\">\n<figure class=\"aligncenter size-large is-resized\"><img decoding=\"async\" width=\"512\" height=\"512\" src=\"https:\/\/www.orangehotel.be\/wp-content\/uploads\/2026\/02\/icon-lock.svg\" alt=\"\" class=\"wp-image-7292\" style=\"width:50px\"\/><\/figure>\n<\/div><\/div>\n\n\n\n<div class=\"wp-block-column is-layout-flow wp-block-column-is-layout-flow\">\n<h3 class=\"wp-block-heading has-button-primary-color has-text-color has-link-color has-text-bigger-font-size wp-elements-25ccd7c5f7f117377d434653bdf3798a\">MAXIMUM FLEXIBILITY<\/h3>\n\n\n\n<p>Cancellation or modification until 7 p.m. on the day of your arrival. Direct booking means greater flexibility!<\/p>\n<\/div>\n<\/div>\n<\/div><\/div>\n\n\n\n<div class=\"wp-block-group\"><div class=\"wp-block-group__inner-container is-layout-constrained wp-block-group-is-layout-constrained\">\n<div class=\"wp-block-columns is-layout-flex wp-container-core-columns-is-layout-9d6595d7 wp-block-columns-is-layout-flex\">\n<div class=\"wp-block-column is-vertically-aligned-center is-layout-flow wp-block-column-is-layout-flow\" style=\"flex-basis:5rem\"><div class=\"wp-block-image\">\n<figure class=\"aligncenter size-large is-resized\"><img decoding=\"async\" width=\"512\" height=\"512\" src=\"https:\/\/www.orangehotel.be\/wp-content\/uploads\/2026\/02\/icon-earth.svg\" alt=\"\" class=\"wp-image-7293\" style=\"width:50px\"\/><\/figure>\n<\/div><\/div>\n\n\n\n<div class=\"wp-block-column is-layout-flow wp-block-column-is-layout-flow\">\n<h3 class=\"wp-block-heading has-button-primary-color has-text-color has-link-color has-text-bigger-font-size wp-elements-90f13a24d502175ee738bfeae53b8b77\">HUMAN AND RESPONSIBLE<\/h3>\n\n\n\n<p>Did you know that online booking platforms do not pay taxes and do not create jobs in most of the countries where they sell accommodation? Booking directly means adding value to your trip by acting responsibly!<\/p>\n<\/div>\n<\/div>\n<\/div><\/div>\n<\/div>\n<\/div>\n<\/div>\n<\/div><\/div>\n<\/div><\/div>\n","protected":false},"excerpt":{"rendered":"<p>Visiting or staying at our hotel? Let\u2019s stock up on vitamins with our healthy breakfast buffet &#038; live cooking station ! open to all !<\/p>\n","protected":false},"author":10,"featured_media":0,"parent":6039,"menu_order":13,"comment_status":"closed","ping_status":"closed","template":"template-full-width.php","meta":{"_acf_changed":false,"inline_featured_image":false,"footnotes":""},"class_list":["post-6041","page","type-page","status-publish","hentry"],"acf":[],"yoast_head":"<!-- This site is optimized with the Yoast SEO plugin v27.3 - https:\/\/yoast.com\/product\/yoast-seo-wordpress\/ -->\n<title>Breakfast &#8226; Orange H\u00f4tel<\/title>\n<meta name=\"description\" content=\"Have a tasty breakfast in the comfortable and welcoming atmosphere of the Orange Hotel to start your day off the best way !\" \/>\n<meta name=\"robots\" content=\"index, follow, max-snippet:-1, max-image-preview:large, max-video-preview:-1\" \/>\n<link rel=\"canonical\" href=\"https:\/\/www.orangehotel.be\/en\/eat\/breakfast\/\" \/>\n<meta property=\"og:locale\" content=\"en_US\" \/>\n<meta property=\"og:type\" content=\"article\" \/>\n<meta property=\"og:title\" content=\"Breakfast &#8226; Orange H\u00f4tel\" \/>\n<meta property=\"og:description\" content=\"Have a tasty breakfast in the comfortable and welcoming atmosphere of the Orange Hotel to start your day off the best way !\" \/>\n<meta property=\"og:url\" content=\"https:\/\/www.orangehotel.be\/en\/eat\/breakfast\/\" \/>\n<meta property=\"og:site_name\" content=\"Orange H\u00f4tel\" \/>\n<meta property=\"article:modified_time\" content=\"2026-03-30T12:50:17+00:00\" \/>\n<meta name=\"twitter:card\" content=\"summary_large_image\" \/>\n<script type=\"application\/ld+json\" class=\"yoast-schema-graph\">{\"@context\":\"https:\\\/\\\/schema.org\",\"@graph\":[{\"@type\":\"WebPage\",\"@id\":\"https:\\\/\\\/www.orangehotel.be\\\/en\\\/eat\\\/breakfast\\\/\",\"url\":\"https:\\\/\\\/www.orangehotel.be\\\/en\\\/eat\\\/breakfast\\\/\",\"name\":\"Breakfast &#8226; Orange H\u00f4tel\",\"isPartOf\":{\"@id\":\"https:\\\/\\\/www.orangehotel.be\\\/en\\\/#website\"},\"primaryImageOfPage\":{\"@id\":\"https:\\\/\\\/www.orangehotel.be\\\/en\\\/eat\\\/breakfast\\\/#primaryimage\"},\"image\":{\"@id\":\"https:\\\/\\\/www.orangehotel.be\\\/en\\\/eat\\\/breakfast\\\/#primaryimage\"},\"thumbnailUrl\":\"https:\\\/\\\/www.orangehotel.be\\\/wp-content\\\/uploads\\\/2026\\\/01\\\/orange-hotel-salle-breakfast-2025-008-1024x576.jpg\",\"datePublished\":\"2024-05-28T10:04:27+00:00\",\"dateModified\":\"2026-03-30T12:50:17+00:00\",\"description\":\"Have a tasty breakfast in the comfortable and welcoming atmosphere of the Orange Hotel to start your day off the best way !\",\"breadcrumb\":{\"@id\":\"https:\\\/\\\/www.orangehotel.be\\\/en\\\/eat\\\/breakfast\\\/#breadcrumb\"},\"inLanguage\":\"en-US\",\"potentialAction\":[{\"@type\":\"ReadAction\",\"target\":[\"https:\\\/\\\/www.orangehotel.be\\\/en\\\/eat\\\/breakfast\\\/\"]}]},{\"@type\":\"ImageObject\",\"inLanguage\":\"en-US\",\"@id\":\"https:\\\/\\\/www.orangehotel.be\\\/en\\\/eat\\\/breakfast\\\/#primaryimage\",\"url\":\"https:\\\/\\\/www.orangehotel.be\\\/wp-content\\\/uploads\\\/2026\\\/01\\\/orange-hotel-salle-breakfast-2025-008-1024x576.jpg\",\"contentUrl\":\"https:\\\/\\\/www.orangehotel.be\\\/wp-content\\\/uploads\\\/2026\\\/01\\\/orange-hotel-salle-breakfast-2025-008-1024x576.jpg\"},{\"@type\":\"BreadcrumbList\",\"@id\":\"https:\\\/\\\/www.orangehotel.be\\\/en\\\/eat\\\/breakfast\\\/#breadcrumb\",\"itemListElement\":[{\"@type\":\"ListItem\",\"position\":1,\"name\":\"Accueil\",\"item\":\"https:\\\/\\\/www.orangehotel.be\\\/en\\\/\"},{\"@type\":\"ListItem\",\"position\":2,\"name\":\"Eat\",\"item\":\"https:\\\/\\\/www.orangehotel.be\\\/en\\\/eat\\\/\"},{\"@type\":\"ListItem\",\"position\":3,\"name\":\"Breakfast\"}]},{\"@type\":\"WebSite\",\"@id\":\"https:\\\/\\\/www.orangehotel.be\\\/en\\\/#website\",\"url\":\"https:\\\/\\\/www.orangehotel.be\\\/en\\\/\",\"name\":\"Orange H\u00f4tel\",\"description\":\"Un h\u00f4tel B&amp;B entre La Louvi\u00e8re et Mons, proche de l&#039;A\u00e9roport de Charleroi\",\"publisher\":{\"@id\":\"https:\\\/\\\/www.orangehotel.be\\\/en\\\/#organization\"},\"potentialAction\":[{\"@type\":\"SearchAction\",\"target\":{\"@type\":\"EntryPoint\",\"urlTemplate\":\"https:\\\/\\\/www.orangehotel.be\\\/en\\\/?s={search_term_string}\"},\"query-input\":{\"@type\":\"PropertyValueSpecification\",\"valueRequired\":true,\"valueName\":\"search_term_string\"}}],\"inLanguage\":\"en-US\"},{\"@type\":\"Organization\",\"@id\":\"https:\\\/\\\/www.orangehotel.be\\\/en\\\/#organization\",\"name\":\"Orange H\u00f4tel\",\"url\":\"https:\\\/\\\/www.orangehotel.be\\\/en\\\/\",\"logo\":{\"@type\":\"ImageObject\",\"inLanguage\":\"en-US\",\"@id\":\"https:\\\/\\\/www.orangehotel.be\\\/en\\\/#\\\/schema\\\/logo\\\/image\\\/\",\"url\":\"https:\\\/\\\/orangehotel.be\\\/wp-content\\\/uploads\\\/2021\\\/11\\\/logo.png\",\"contentUrl\":\"https:\\\/\\\/orangehotel.be\\\/wp-content\\\/uploads\\\/2021\\\/11\\\/logo.png\",\"width\":213,\"height\":68,\"caption\":\"Orange H\u00f4tel\"},\"image\":{\"@id\":\"https:\\\/\\\/www.orangehotel.be\\\/en\\\/#\\\/schema\\\/logo\\\/image\\\/\"}}]}<\/script>\n<!-- \/ Yoast SEO plugin. -->","yoast_head_json":{"title":"Breakfast &#8226; Orange H\u00f4tel","description":"Have a tasty breakfast in the comfortable and welcoming atmosphere of the Orange Hotel to start your day off the best way !","robots":{"index":"index","follow":"follow","max-snippet":"max-snippet:-1","max-image-preview":"max-image-preview:large","max-video-preview":"max-video-preview:-1"},"canonical":"https:\/\/www.orangehotel.be\/en\/eat\/breakfast\/","og_locale":"en_US","og_type":"article","og_title":"Breakfast &#8226; Orange H\u00f4tel","og_description":"Have a tasty breakfast in the comfortable and welcoming atmosphere of the Orange Hotel to start your day off the best way !","og_url":"https:\/\/www.orangehotel.be\/en\/eat\/breakfast\/","og_site_name":"Orange H\u00f4tel","article_modified_time":"2026-03-30T12:50:17+00:00","twitter_card":"summary_large_image","schema":{"@context":"https:\/\/schema.org","@graph":[{"@type":"WebPage","@id":"https:\/\/www.orangehotel.be\/en\/eat\/breakfast\/","url":"https:\/\/www.orangehotel.be\/en\/eat\/breakfast\/","name":"Breakfast &#8226; Orange H\u00f4tel","isPartOf":{"@id":"https:\/\/www.orangehotel.be\/en\/#website"},"primaryImageOfPage":{"@id":"https:\/\/www.orangehotel.be\/en\/eat\/breakfast\/#primaryimage"},"image":{"@id":"https:\/\/www.orangehotel.be\/en\/eat\/breakfast\/#primaryimage"},"thumbnailUrl":"https:\/\/www.orangehotel.be\/wp-content\/uploads\/2026\/01\/orange-hotel-salle-breakfast-2025-008-1024x576.jpg","datePublished":"2024-05-28T10:04:27+00:00","dateModified":"2026-03-30T12:50:17+00:00","description":"Have a tasty breakfast in the comfortable and welcoming atmosphere of the Orange Hotel to start your day off the best way !","breadcrumb":{"@id":"https:\/\/www.orangehotel.be\/en\/eat\/breakfast\/#breadcrumb"},"inLanguage":"en-US","potentialAction":[{"@type":"ReadAction","target":["https:\/\/www.orangehotel.be\/en\/eat\/breakfast\/"]}]},{"@type":"ImageObject","inLanguage":"en-US","@id":"https:\/\/www.orangehotel.be\/en\/eat\/breakfast\/#primaryimage","url":"https:\/\/www.orangehotel.be\/wp-content\/uploads\/2026\/01\/orange-hotel-salle-breakfast-2025-008-1024x576.jpg","contentUrl":"https:\/\/www.orangehotel.be\/wp-content\/uploads\/2026\/01\/orange-hotel-salle-breakfast-2025-008-1024x576.jpg"},{"@type":"BreadcrumbList","@id":"https:\/\/www.orangehotel.be\/en\/eat\/breakfast\/#breadcrumb","itemListElement":[{"@type":"ListItem","position":1,"name":"Accueil","item":"https:\/\/www.orangehotel.be\/en\/"},{"@type":"ListItem","position":2,"name":"Eat","item":"https:\/\/www.orangehotel.be\/en\/eat\/"},{"@type":"ListItem","position":3,"name":"Breakfast"}]},{"@type":"WebSite","@id":"https:\/\/www.orangehotel.be\/en\/#website","url":"https:\/\/www.orangehotel.be\/en\/","name":"Orange H\u00f4tel","description":"Un h\u00f4tel B&amp;B entre La Louvi\u00e8re et Mons, proche de l&#039;A\u00e9roport de Charleroi","publisher":{"@id":"https:\/\/www.orangehotel.be\/en\/#organization"},"potentialAction":[{"@type":"SearchAction","target":{"@type":"EntryPoint","urlTemplate":"https:\/\/www.orangehotel.be\/en\/?s={search_term_string}"},"query-input":{"@type":"PropertyValueSpecification","valueRequired":true,"valueName":"search_term_string"}}],"inLanguage":"en-US"},{"@type":"Organization","@id":"https:\/\/www.orangehotel.be\/en\/#organization","name":"Orange H\u00f4tel","url":"https:\/\/www.orangehotel.be\/en\/","logo":{"@type":"ImageObject","inLanguage":"en-US","@id":"https:\/\/www.orangehotel.be\/en\/#\/schema\/logo\/image\/","url":"https:\/\/orangehotel.be\/wp-content\/uploads\/2021\/11\/logo.png","contentUrl":"https:\/\/orangehotel.be\/wp-content\/uploads\/2021\/11\/logo.png","width":213,"height":68,"caption":"Orange H\u00f4tel"},"image":{"@id":"https:\/\/www.orangehotel.be\/en\/#\/schema\/logo\/image\/"}}]}},"_links":{"self":[{"href":"https:\/\/www.orangehotel.be\/en\/wp-json\/wp\/v2\/pages\/6041","targetHints":{"allow":["GET"]}}],"collection":[{"href":"https:\/\/www.orangehotel.be\/en\/wp-json\/wp\/v2\/pages"}],"about":[{"href":"https:\/\/www.orangehotel.be\/en\/wp-json\/wp\/v2\/types\/page"}],"author":[{"embeddable":true,"href":"https:\/\/www.orangehotel.be\/en\/wp-json\/wp\/v2\/users\/10"}],"replies":[{"embeddable":true,"href":"https:\/\/www.orangehotel.be\/en\/wp-json\/wp\/v2\/comments?post=6041"}],"version-history":[{"count":9,"href":"https:\/\/www.orangehotel.be\/en\/wp-json\/wp\/v2\/pages\/6041\/revisions"}],"predecessor-version":[{"id":7458,"href":"https:\/\/www.orangehotel.be\/en\/wp-json\/wp\/v2\/pages\/6041\/revisions\/7458"}],"up":[{"embeddable":true,"href":"https:\/\/www.orangehotel.be\/en\/wp-json\/wp\/v2\/pages\/6039"}],"wp:attachment":[{"href":"https:\/\/www.orangehotel.be\/en\/wp-json\/wp\/v2\/media?parent=6041"}],"curies":[{"name":"wp","href":"https:\/\/api.w.org\/{rel}","templated":true}]}}