{"id":6105,"date":"2024-05-28T15:04:21","date_gmt":"2024-05-28T13:04:21","guid":{"rendered":"https:\/\/www.orangehotel.be\/?page_id=6105"},"modified":"2024-06-03T12:43:20","modified_gmt":"2024-06-03T10:43:20","slug":"with-friends","status":"publish","type":"page","link":"https:\/\/www.orangehotel.be\/en\/meet\/with-friends\/","title":{"rendered":"With friends"},"content":{"rendered":"\n<div class=\"wp-block-columns is-layout-flex wp-container-core-columns-is-layout-9d6595d7 wp-block-columns-is-layout-flex\">\n<div class=\"wp-block-column is-vertically-aligned-center is-layout-flow wp-block-column-is-layout-flow\">\n<hr class=\"wp-block-separator has-text-color has-button-primary-color has-css-opacity has-button-primary-background-color has-background is-style-default\"\/>\n\n\n\n<p>Want to share a moment with friends? Then you&#8217;ve come to the right place!&nbsp;<\/p>\n\n\n\n<p>Our infrastructure allows you to get together in our bar and take a tasty trip to all corners of the country, thanks to our delicious local and regional beers.&nbsp;<\/p>\n\n\n\n<p>Stay at the Orange Hotel by booking our accommodation, which is ideal for friends.&nbsp;<\/p>\n\n\n\n<p>What about creating more memorable moments over a good meal? Our restaurant will be delighted to be part of it, offering you tasty dishes.&nbsp;<\/p>\n\n\n\n<p>Don&#8217;t wait any longer and take advantage of our special offers to get together with friends!&nbsp;<\/p>\n<\/div>\n\n\n\n<div class=\"wp-block-column is-layout-flow wp-block-column-is-layout-flow\">\n<div class=\"wp-block-getwid-images-stack is-layout-zeta\"><div class=\"wp-block-getwid-images-stack__wrapper\"><div class=\"wp-block-getwid-images-stack__chunk\"><div class=\"wp-block-getwid-images-stack__media-wrapper\"><div class=\"wp-block-getwid-images-stack__media-inner-wrapper\"><img decoding=\"async\" width=\"683\" height=\"1024\" class=\"wp-block-getwid-images-stack__media wp-image-3229\" src=\"https:\/\/www.orangehotel.be\/wp-content\/uploads\/2022\/02\/orange-hotel-bar-detail-beer-time-1-683x1024.jpg\" alt=\"Saint-Feuillien Beer\" data-id=\"3229\" data-link=\"https:\/\/www.orangehotel.be\/en\/orange-hotel-bar-detail-beer-time-1-2\/\" srcset=\"https:\/\/www.orangehotel.be\/wp-content\/uploads\/2022\/02\/orange-hotel-bar-detail-beer-time-1-683x1024.jpg 683w, https:\/\/www.orangehotel.be\/wp-content\/uploads\/2022\/02\/orange-hotel-bar-detail-beer-time-1-200x300.jpg 200w, https:\/\/www.orangehotel.be\/wp-content\/uploads\/2022\/02\/orange-hotel-bar-detail-beer-time-1-768x1152.jpg 768w, https:\/\/www.orangehotel.be\/wp-content\/uploads\/2022\/02\/orange-hotel-bar-detail-beer-time-1-1024x1536.jpg 1024w, https:\/\/www.orangehotel.be\/wp-content\/uploads\/2022\/02\/orange-hotel-bar-detail-beer-time-1.jpg 1280w\" sizes=\"(max-width: 683px) 100vw, 683px\" \/><\/div><\/div><div class=\"wp-block-getwid-images-stack__media-wrapper\"><div class=\"wp-block-getwid-images-stack__media-inner-wrapper\"><img decoding=\"async\" width=\"800\" height=\"533\" class=\"wp-block-getwid-images-stack__media wp-image-3964\" src=\"https:\/\/www.orangehotel.be\/wp-content\/uploads\/2022\/02\/amis-orange-hotel-800x533px.png\" alt=\"Friends trip at the Orange Hotel\" data-id=\"3964\" data-link=\"https:\/\/www.orangehotel.be\/en\/amis-orange-hotel-800x533px-2\/\" srcset=\"https:\/\/www.orangehotel.be\/wp-content\/uploads\/2022\/02\/amis-orange-hotel-800x533px.png 800w, https:\/\/www.orangehotel.be\/wp-content\/uploads\/2022\/02\/amis-orange-hotel-800x533px-300x200.png 300w, https:\/\/www.orangehotel.be\/wp-content\/uploads\/2022\/02\/amis-orange-hotel-800x533px-768x512.png 768w\" sizes=\"(max-width: 800px) 100vw, 800px\" \/><\/div><\/div><div class=\"wp-block-getwid-images-stack__media-wrapper\"><div class=\"wp-block-getwid-images-stack__media-inner-wrapper\"><img decoding=\"async\" width=\"1024\" height=\"683\" class=\"wp-block-getwid-images-stack__media wp-image-2981\" src=\"https:\/\/www.orangehotel.be\/wp-content\/uploads\/2022\/01\/orange-hotel-ecologie-1024x683.jpg\" alt=\"Ecological hotel for responsible tourism\" data-id=\"2981\" data-link=\"https:\/\/www.orangehotel.be\/en\/our-hotel\/ecological-commitments\/default-2-2\/\" srcset=\"https:\/\/www.orangehotel.be\/wp-content\/uploads\/2022\/01\/orange-hotel-ecologie-1024x683.jpg 1024w, https:\/\/www.orangehotel.be\/wp-content\/uploads\/2022\/01\/orange-hotel-ecologie-300x200.jpg 300w, https:\/\/www.orangehotel.be\/wp-content\/uploads\/2022\/01\/orange-hotel-ecologie-768x512.jpg 768w, https:\/\/www.orangehotel.be\/wp-content\/uploads\/2022\/01\/orange-hotel-ecologie-1536x1024.jpg 1536w, https:\/\/www.orangehotel.be\/wp-content\/uploads\/2022\/01\/orange-hotel-ecologie-1900x1267.jpg 1900w, https:\/\/www.orangehotel.be\/wp-content\/uploads\/2022\/01\/orange-hotel-ecologie.jpg 1920w\" sizes=\"(max-width: 1024px) 100vw, 1024px\" \/><\/div><\/div><\/div><\/div><\/div>\n<\/div>\n<\/div>\n\n\n\n<p><\/p>\n\n\n\n<figure class=\"wp-block-gallery has-nested-images columns-default is-cropped wp-block-gallery-1 is-layout-flex wp-block-gallery-is-layout-flex\">\n<figure class=\"wp-block-image size-large\"><img decoding=\"async\" width=\"1024\" height=\"683\" data-id=\"5958\" src=\"https:\/\/www.orangehotel.be\/wp-content\/uploads\/2024\/05\/bootliften-1024x683.jpg\" alt=\"Boat lifts\" class=\"wp-image-5958\" srcset=\"https:\/\/www.orangehotel.be\/wp-content\/uploads\/2024\/05\/bootliften-1024x683.jpg 1024w, https:\/\/www.orangehotel.be\/wp-content\/uploads\/2024\/05\/bootliften-300x200.jpg 300w, https:\/\/www.orangehotel.be\/wp-content\/uploads\/2024\/05\/bootliften-768x512.jpg 768w, https:\/\/www.orangehotel.be\/wp-content\/uploads\/2024\/05\/bootliften.jpg 1536w\" sizes=\"(max-width: 1024px) 100vw, 1024px\" \/><\/figure>\n\n\n\n<figure class=\"wp-block-image size-large\"><img decoding=\"async\" width=\"1024\" height=\"683\" data-id=\"5962\" src=\"https:\/\/www.orangehotel.be\/wp-content\/uploads\/2024\/05\/natuurreservaat-van-de-vijvers-van-strepy-1024x683.jpg\" alt=\"Natural reserve of the Ponds of Str\u00e9py\" class=\"wp-image-5962\" srcset=\"https:\/\/www.orangehotel.be\/wp-content\/uploads\/2024\/05\/natuurreservaat-van-de-vijvers-van-strepy-1024x683.jpg 1024w, https:\/\/www.orangehotel.be\/wp-content\/uploads\/2024\/05\/natuurreservaat-van-de-vijvers-van-strepy-300x200.jpg 300w, https:\/\/www.orangehotel.be\/wp-content\/uploads\/2024\/05\/natuurreservaat-van-de-vijvers-van-strepy-768x512.jpg 768w, https:\/\/www.orangehotel.be\/wp-content\/uploads\/2024\/05\/natuurreservaat-van-de-vijvers-van-strepy.jpg 1536w\" sizes=\"(max-width: 1024px) 100vw, 1024px\" \/><\/figure>\n\n\n\n<figure class=\"wp-block-image size-large\"><img decoding=\"async\" width=\"1024\" height=\"683\" data-id=\"5965\" src=\"https:\/\/www.orangehotel.be\/wp-content\/uploads\/2024\/05\/vijver-in-mariemont-park-1024x683.jpg\" alt=\"Pond of Mariemont Park\" class=\"wp-image-5965\" srcset=\"https:\/\/www.orangehotel.be\/wp-content\/uploads\/2024\/05\/vijver-in-mariemont-park-1024x683.jpg 1024w, https:\/\/www.orangehotel.be\/wp-content\/uploads\/2024\/05\/vijver-in-mariemont-park-300x200.jpg 300w, https:\/\/www.orangehotel.be\/wp-content\/uploads\/2024\/05\/vijver-in-mariemont-park-768x512.jpg 768w, https:\/\/www.orangehotel.be\/wp-content\/uploads\/2024\/05\/vijver-in-mariemont-park.jpg 1536w\" sizes=\"(max-width: 1024px) 100vw, 1024px\" \/><\/figure>\n<\/figure>\n\n\n\n<p><\/p>\n\n\n\n<div class=\"wp-block-group enhanced-book-section has-display-heading-color has-text-color has-background has-link-color wp-elements-f109b2f08258d177d302a28ed79e5c6c\" style=\"background-color:#000000\"><div class=\"wp-block-group__inner-container is-layout-constrained wp-block-group-is-layout-constrained\">\n<div class=\"wp-block-group enhanced-book-section-background has-background\" style=\"background-color:#000000eb\"><div class=\"wp-block-group__inner-container is-layout-constrained wp-block-group-is-layout-constrained\">\n<div class=\"wp-block-columns is-layout-flex wp-container-core-columns-is-layout-9d6595d7 wp-block-columns-is-layout-flex\">\n<div class=\"wp-block-column is-vertically-aligned-center is-layout-flow wp-block-column-is-layout-flow\" style=\"flex-basis:40%\">\n<h2 class=\"wp-block-heading has-text-align-center has-h-1-font-size\">Reservation<\/h2>\n\n\n\n<h4 class=\"wp-block-heading has-text-align-center has-button-primary-color has-text-color has-link-color wp-elements-28485dc01a86a1c19a4254f5f34ccb8a\">Book your stay now<\/h4>\n\n\n\n<div style=\"height:2rem\" aria-hidden=\"true\" class=\"wp-block-spacer\"><\/div>\n\n\n\n<div class=\"RoomRaccoon-BookingEngine RoomRaccoon-BookingEngine--availability-widget\">\n\t\t\t\t\t\t\t<div class=\"availability-widget\">\n\t\t\t\t\t\t\t<span class=\"availability-widget-date availability-widget-date--from\">\n\tFrom: <input id=\"startDate-fr\" name=\"dateStart\" type=\"date\" value=\"\">\n\t<\/span>\n\t<span class=\"availability-widget-date\">\n\tTo: <input id=\"endDate-fr\" name=\"dateEnd\" type=\"date\" value=\"\">\n\t<\/span><\/div><script>\n\t\tvar date = new Date();\n\t\tvar formatFixMonth, formatFixDay;\n\t\tif( date.getMonth() < 9 ){ formatFixMonth = 0; }else{ formatFixMonth = \"\"; }\n\t\tif( date.getDate() < 9 ){ formatFixDay = 0; }else{ formatFixDay = \"\"; }\n\t\tvar today = date.getFullYear() + \"-\" + formatFixMonth + (date.getMonth()+1) + \"-\" + formatFixDay + date.getDate();\n\n\t\tdate.setDate(date.getDate()+1);\n\t\tif( date.getMonth() < 9 ){ formatFixMonth = 0; }else{ formatFixMonth = \"\"; }\n\t\tif( date.getDate() < 9 ){ formatFixDay = 0; }else{ formatFixDay = \"\"; }\n\t\tvar tomorrow = date.getFullYear() + \"-\" + formatFixMonth + (date.getMonth()+1) + \"-\" + formatFixDay + date.getDate();\n\n\t\tdocument.getElementById(\"startDate-fr\").value = today;\n\t\tdocument.getElementById(\"endDate-fr\").value = tomorrow;\n\t<\/script>\n\t<a target=\"_blank\" class=\"RoomRaccoonButton2 RoomRaccoonButton2-fr\" onclick='href=\"https:\\\/\\\/booking.roomraccoon.com\\\/orangehotel\\\/en\\\/?dateStart=\"+document.getElementById(\"startDate-fr\").value+\"&#038;dateEnd=\"+document.getElementById(\"endDate-fr\").value+\"\";'>Check availability<\/a>\n\t<\/div>\n<\/div>\n\n\n\n<div class=\"wp-block-column is-layout-flow wp-block-column-is-layout-flow\">\n<div class=\"wp-block-group cards-style is-layout-grid wp-container-core-group-is-layout-8d2db683 wp-block-group-is-layout-grid\">\n<div class=\"wp-block-group\"><div class=\"wp-block-group__inner-container is-layout-constrained wp-block-group-is-layout-constrained\">\n<div class=\"wp-block-columns is-layout-flex wp-container-core-columns-is-layout-9d6595d7 wp-block-columns-is-layout-flex\">\n<div class=\"wp-block-column is-vertically-aligned-center is-layout-flow wp-block-column-is-layout-flow\" style=\"flex-basis:5rem\"><div class=\"wp-block-image\">\n<figure class=\"aligncenter size-large is-resized\"><img decoding=\"async\" width=\"512\" height=\"512\" src=\"https:\/\/www.orangehotel.be\/wp-content\/uploads\/2026\/02\/icon-money.svg\" alt=\"\" class=\"wp-image-7290\" style=\"width:50px\"\/><\/figure>\n<\/div><\/div>\n\n\n\n<div class=\"wp-block-column is-layout-flow wp-block-column-is-layout-flow\">\n<h3 class=\"wp-block-heading has-button-primary-color has-text-color has-link-color has-text-bigger-font-size wp-elements-e8a537a2e379eeb406f9f8d0689e867d\">BEST PRICES GUARANTEED<\/h3>\n\n\n\n<p>No extra charges or hidden commissions. Our best offers are available directly!<\/p>\n<\/div>\n<\/div>\n<\/div><\/div>\n\n\n\n<div class=\"wp-block-group\"><div class=\"wp-block-group__inner-container is-layout-constrained wp-block-group-is-layout-constrained\">\n<div class=\"wp-block-columns is-layout-flex wp-container-core-columns-is-layout-9d6595d7 wp-block-columns-is-layout-flex\">\n<div class=\"wp-block-column is-vertically-aligned-center is-layout-flow wp-block-column-is-layout-flow\" style=\"flex-basis:5rem\"><div class=\"wp-block-image\">\n<figure class=\"aligncenter size-large is-resized\"><img decoding=\"async\" width=\"512\" height=\"512\" src=\"https:\/\/www.orangehotel.be\/wp-content\/uploads\/2026\/02\/icon-talk.svg\" alt=\"\" class=\"wp-image-7291\" style=\"width:50px\"\/><\/figure>\n<\/div><\/div>\n\n\n\n<div class=\"wp-block-column is-layout-flow wp-block-column-is-layout-flow\">\n<h3 class=\"wp-block-heading has-button-primary-color has-text-color has-link-color has-text-bigger-font-size wp-elements-81dd0235510144777d2f9da61ca3091a\">ATTENTIVE TO YOUR NEEDS<\/h3>\n\n\n\n<p>We guide you through every step of the booking process to ensure it best suits your needs!<\/p>\n<\/div>\n<\/div>\n<\/div><\/div>\n\n\n\n<div class=\"wp-block-group\"><div class=\"wp-block-group__inner-container is-layout-constrained wp-block-group-is-layout-constrained\">\n<div class=\"wp-block-columns is-layout-flex wp-container-core-columns-is-layout-9d6595d7 wp-block-columns-is-layout-flex\">\n<div class=\"wp-block-column is-vertically-aligned-center is-layout-flow wp-block-column-is-layout-flow\" style=\"flex-basis:5rem\"><div class=\"wp-block-image\">\n<figure class=\"aligncenter size-large is-resized\"><img decoding=\"async\" width=\"512\" height=\"512\" src=\"https:\/\/www.orangehotel.be\/wp-content\/uploads\/2026\/02\/icon-lock.svg\" alt=\"\" class=\"wp-image-7292\" style=\"width:50px\"\/><\/figure>\n<\/div><\/div>\n\n\n\n<div class=\"wp-block-column is-layout-flow wp-block-column-is-layout-flow\">\n<h3 class=\"wp-block-heading has-button-primary-color has-text-color has-link-color has-text-bigger-font-size wp-elements-25ccd7c5f7f117377d434653bdf3798a\">MAXIMUM FLEXIBILITY<\/h3>\n\n\n\n<p>Cancellation or modification until 7 p.m. on the day of your arrival. Direct booking means greater flexibility!<\/p>\n<\/div>\n<\/div>\n<\/div><\/div>\n\n\n\n<div class=\"wp-block-group\"><div class=\"wp-block-group__inner-container is-layout-constrained wp-block-group-is-layout-constrained\">\n<div class=\"wp-block-columns is-layout-flex wp-container-core-columns-is-layout-9d6595d7 wp-block-columns-is-layout-flex\">\n<div class=\"wp-block-column is-vertically-aligned-center is-layout-flow wp-block-column-is-layout-flow\" style=\"flex-basis:5rem\"><div class=\"wp-block-image\">\n<figure class=\"aligncenter size-large is-resized\"><img decoding=\"async\" width=\"512\" height=\"512\" src=\"https:\/\/www.orangehotel.be\/wp-content\/uploads\/2026\/02\/icon-earth.svg\" alt=\"\" class=\"wp-image-7293\" style=\"width:50px\"\/><\/figure>\n<\/div><\/div>\n\n\n\n<div class=\"wp-block-column is-layout-flow wp-block-column-is-layout-flow\">\n<h3 class=\"wp-block-heading has-button-primary-color has-text-color has-link-color has-text-bigger-font-size wp-elements-90f13a24d502175ee738bfeae53b8b77\">HUMAN AND RESPONSIBLE<\/h3>\n\n\n\n<p>Did you know that online booking platforms do not pay taxes and do not create jobs in most of the countries where they sell accommodation? Booking directly means adding value to your trip by acting responsibly!<\/p>\n<\/div>\n<\/div>\n<\/div><\/div>\n<\/div>\n<\/div>\n<\/div>\n<\/div><\/div>\n<\/div><\/div>\n","protected":false},"excerpt":{"rendered":"<p>Come and relax for a weekend or more and discover the R\u00e9gion du Centre and its hidden treasures. <\/p>\n","protected":false},"author":10,"featured_media":0,"parent":6099,"menu_order":0,"comment_status":"closed","ping_status":"closed","template":"template-full-width.php","meta":{"_acf_changed":false,"inline_featured_image":false,"footnotes":""},"class_list":["post-6105","page","type-page","status-publish","hentry"],"acf":[],"yoast_head":"<!-- This site is optimized with the Yoast SEO plugin v27.3 - https:\/\/yoast.com\/product\/yoast-seo-wordpress\/ -->\n<title>Enjoy with friends &#8226; Orange H\u00f4tel<\/title>\n<meta name=\"description\" content=\"The Orange Hotel is the best place to get together with friends and enjoy the many activities of the R\u00e9gion du Centre !\" \/>\n<meta name=\"robots\" content=\"index, follow, max-snippet:-1, max-image-preview:large, max-video-preview:-1\" \/>\n<link rel=\"canonical\" href=\"https:\/\/www.orangehotel.be\/en\/meet\/with-friends\/\" \/>\n<meta property=\"og:locale\" content=\"en_US\" \/>\n<meta property=\"og:type\" content=\"article\" \/>\n<meta property=\"og:title\" content=\"Enjoy with friends &#8226; Orange H\u00f4tel\" \/>\n<meta property=\"og:description\" content=\"The Orange Hotel is the best place to get together with friends and enjoy the many activities of the R\u00e9gion du Centre !\" \/>\n<meta property=\"og:url\" content=\"https:\/\/www.orangehotel.be\/en\/meet\/with-friends\/\" \/>\n<meta property=\"og:site_name\" content=\"Orange H\u00f4tel\" \/>\n<meta property=\"article:modified_time\" content=\"2024-06-03T10:43:20+00:00\" \/>\n<meta property=\"og:image\" content=\"https:\/\/www.orangehotel.be\/wp-content\/uploads\/2022\/02\/orange-hotel-bar-detail-beer-time-1-683x1024.jpg\" \/>\n<meta name=\"twitter:card\" content=\"summary_large_image\" \/>\n<script type=\"application\/ld+json\" class=\"yoast-schema-graph\">{\"@context\":\"https:\\\/\\\/schema.org\",\"@graph\":[{\"@type\":\"WebPage\",\"@id\":\"https:\\\/\\\/www.orangehotel.be\\\/en\\\/meet\\\/with-friends\\\/\",\"url\":\"https:\\\/\\\/www.orangehotel.be\\\/en\\\/meet\\\/with-friends\\\/\",\"name\":\"Enjoy with friends &#8226; Orange H\u00f4tel\",\"isPartOf\":{\"@id\":\"https:\\\/\\\/www.orangehotel.be\\\/en\\\/#website\"},\"primaryImageOfPage\":{\"@id\":\"https:\\\/\\\/www.orangehotel.be\\\/en\\\/meet\\\/with-friends\\\/#primaryimage\"},\"image\":{\"@id\":\"https:\\\/\\\/www.orangehotel.be\\\/en\\\/meet\\\/with-friends\\\/#primaryimage\"},\"thumbnailUrl\":\"https:\\\/\\\/www.orangehotel.be\\\/wp-content\\\/uploads\\\/2022\\\/02\\\/orange-hotel-bar-detail-beer-time-1-683x1024.jpg\",\"datePublished\":\"2024-05-28T13:04:21+00:00\",\"dateModified\":\"2024-06-03T10:43:20+00:00\",\"description\":\"The Orange Hotel is the best place to get together with friends and enjoy the many activities of the R\u00e9gion du Centre !\",\"breadcrumb\":{\"@id\":\"https:\\\/\\\/www.orangehotel.be\\\/en\\\/meet\\\/with-friends\\\/#breadcrumb\"},\"inLanguage\":\"en-US\",\"potentialAction\":[{\"@type\":\"ReadAction\",\"target\":[\"https:\\\/\\\/www.orangehotel.be\\\/en\\\/meet\\\/with-friends\\\/\"]}]},{\"@type\":\"ImageObject\",\"inLanguage\":\"en-US\",\"@id\":\"https:\\\/\\\/www.orangehotel.be\\\/en\\\/meet\\\/with-friends\\\/#primaryimage\",\"url\":\"https:\\\/\\\/www.orangehotel.be\\\/wp-content\\\/uploads\\\/2022\\\/02\\\/orange-hotel-bar-detail-beer-time-1-683x1024.jpg\",\"contentUrl\":\"https:\\\/\\\/www.orangehotel.be\\\/wp-content\\\/uploads\\\/2022\\\/02\\\/orange-hotel-bar-detail-beer-time-1-683x1024.jpg\"},{\"@type\":\"BreadcrumbList\",\"@id\":\"https:\\\/\\\/www.orangehotel.be\\\/en\\\/meet\\\/with-friends\\\/#breadcrumb\",\"itemListElement\":[{\"@type\":\"ListItem\",\"position\":1,\"name\":\"Accueil\",\"item\":\"https:\\\/\\\/www.orangehotel.be\\\/en\\\/\"},{\"@type\":\"ListItem\",\"position\":2,\"name\":\"Meet\",\"item\":\"https:\\\/\\\/www.orangehotel.be\\\/en\\\/meet\\\/\"},{\"@type\":\"ListItem\",\"position\":3,\"name\":\"With friends\"}]},{\"@type\":\"WebSite\",\"@id\":\"https:\\\/\\\/www.orangehotel.be\\\/en\\\/#website\",\"url\":\"https:\\\/\\\/www.orangehotel.be\\\/en\\\/\",\"name\":\"Orange H\u00f4tel\",\"description\":\"Un h\u00f4tel B&amp;B entre La Louvi\u00e8re et Mons, proche de l&#039;A\u00e9roport de Charleroi\",\"publisher\":{\"@id\":\"https:\\\/\\\/www.orangehotel.be\\\/en\\\/#organization\"},\"potentialAction\":[{\"@type\":\"SearchAction\",\"target\":{\"@type\":\"EntryPoint\",\"urlTemplate\":\"https:\\\/\\\/www.orangehotel.be\\\/en\\\/?s={search_term_string}\"},\"query-input\":{\"@type\":\"PropertyValueSpecification\",\"valueRequired\":true,\"valueName\":\"search_term_string\"}}],\"inLanguage\":\"en-US\"},{\"@type\":\"Organization\",\"@id\":\"https:\\\/\\\/www.orangehotel.be\\\/en\\\/#organization\",\"name\":\"Orange H\u00f4tel\",\"url\":\"https:\\\/\\\/www.orangehotel.be\\\/en\\\/\",\"logo\":{\"@type\":\"ImageObject\",\"inLanguage\":\"en-US\",\"@id\":\"https:\\\/\\\/www.orangehotel.be\\\/en\\\/#\\\/schema\\\/logo\\\/image\\\/\",\"url\":\"https:\\\/\\\/orangehotel.be\\\/wp-content\\\/uploads\\\/2021\\\/11\\\/logo.png\",\"contentUrl\":\"https:\\\/\\\/orangehotel.be\\\/wp-content\\\/uploads\\\/2021\\\/11\\\/logo.png\",\"width\":213,\"height\":68,\"caption\":\"Orange H\u00f4tel\"},\"image\":{\"@id\":\"https:\\\/\\\/www.orangehotel.be\\\/en\\\/#\\\/schema\\\/logo\\\/image\\\/\"}}]}<\/script>\n<!-- \/ Yoast SEO plugin. -->","yoast_head_json":{"title":"Enjoy with friends &#8226; Orange H\u00f4tel","description":"The Orange Hotel is the best place to get together with friends and enjoy the many activities of the R\u00e9gion du Centre !","robots":{"index":"index","follow":"follow","max-snippet":"max-snippet:-1","max-image-preview":"max-image-preview:large","max-video-preview":"max-video-preview:-1"},"canonical":"https:\/\/www.orangehotel.be\/en\/meet\/with-friends\/","og_locale":"en_US","og_type":"article","og_title":"Enjoy with friends &#8226; Orange H\u00f4tel","og_description":"The Orange Hotel is the best place to get together with friends and enjoy the many activities of the R\u00e9gion du Centre !","og_url":"https:\/\/www.orangehotel.be\/en\/meet\/with-friends\/","og_site_name":"Orange H\u00f4tel","article_modified_time":"2024-06-03T10:43:20+00:00","og_image":[{"url":"https:\/\/www.orangehotel.be\/wp-content\/uploads\/2022\/02\/orange-hotel-bar-detail-beer-time-1-683x1024.jpg","type":"","width":"","height":""}],"twitter_card":"summary_large_image","schema":{"@context":"https:\/\/schema.org","@graph":[{"@type":"WebPage","@id":"https:\/\/www.orangehotel.be\/en\/meet\/with-friends\/","url":"https:\/\/www.orangehotel.be\/en\/meet\/with-friends\/","name":"Enjoy with friends &#8226; Orange H\u00f4tel","isPartOf":{"@id":"https:\/\/www.orangehotel.be\/en\/#website"},"primaryImageOfPage":{"@id":"https:\/\/www.orangehotel.be\/en\/meet\/with-friends\/#primaryimage"},"image":{"@id":"https:\/\/www.orangehotel.be\/en\/meet\/with-friends\/#primaryimage"},"thumbnailUrl":"https:\/\/www.orangehotel.be\/wp-content\/uploads\/2022\/02\/orange-hotel-bar-detail-beer-time-1-683x1024.jpg","datePublished":"2024-05-28T13:04:21+00:00","dateModified":"2024-06-03T10:43:20+00:00","description":"The Orange Hotel is the best place to get together with friends and enjoy the many activities of the R\u00e9gion du Centre !","breadcrumb":{"@id":"https:\/\/www.orangehotel.be\/en\/meet\/with-friends\/#breadcrumb"},"inLanguage":"en-US","potentialAction":[{"@type":"ReadAction","target":["https:\/\/www.orangehotel.be\/en\/meet\/with-friends\/"]}]},{"@type":"ImageObject","inLanguage":"en-US","@id":"https:\/\/www.orangehotel.be\/en\/meet\/with-friends\/#primaryimage","url":"https:\/\/www.orangehotel.be\/wp-content\/uploads\/2022\/02\/orange-hotel-bar-detail-beer-time-1-683x1024.jpg","contentUrl":"https:\/\/www.orangehotel.be\/wp-content\/uploads\/2022\/02\/orange-hotel-bar-detail-beer-time-1-683x1024.jpg"},{"@type":"BreadcrumbList","@id":"https:\/\/www.orangehotel.be\/en\/meet\/with-friends\/#breadcrumb","itemListElement":[{"@type":"ListItem","position":1,"name":"Accueil","item":"https:\/\/www.orangehotel.be\/en\/"},{"@type":"ListItem","position":2,"name":"Meet","item":"https:\/\/www.orangehotel.be\/en\/meet\/"},{"@type":"ListItem","position":3,"name":"With friends"}]},{"@type":"WebSite","@id":"https:\/\/www.orangehotel.be\/en\/#website","url":"https:\/\/www.orangehotel.be\/en\/","name":"Orange H\u00f4tel","description":"Un h\u00f4tel B&amp;B entre La Louvi\u00e8re et Mons, proche de l&#039;A\u00e9roport de Charleroi","publisher":{"@id":"https:\/\/www.orangehotel.be\/en\/#organization"},"potentialAction":[{"@type":"SearchAction","target":{"@type":"EntryPoint","urlTemplate":"https:\/\/www.orangehotel.be\/en\/?s={search_term_string}"},"query-input":{"@type":"PropertyValueSpecification","valueRequired":true,"valueName":"search_term_string"}}],"inLanguage":"en-US"},{"@type":"Organization","@id":"https:\/\/www.orangehotel.be\/en\/#organization","name":"Orange H\u00f4tel","url":"https:\/\/www.orangehotel.be\/en\/","logo":{"@type":"ImageObject","inLanguage":"en-US","@id":"https:\/\/www.orangehotel.be\/en\/#\/schema\/logo\/image\/","url":"https:\/\/orangehotel.be\/wp-content\/uploads\/2021\/11\/logo.png","contentUrl":"https:\/\/orangehotel.be\/wp-content\/uploads\/2021\/11\/logo.png","width":213,"height":68,"caption":"Orange H\u00f4tel"},"image":{"@id":"https:\/\/www.orangehotel.be\/en\/#\/schema\/logo\/image\/"}}]}},"_links":{"self":[{"href":"https:\/\/www.orangehotel.be\/en\/wp-json\/wp\/v2\/pages\/6105","targetHints":{"allow":["GET"]}}],"collection":[{"href":"https:\/\/www.orangehotel.be\/en\/wp-json\/wp\/v2\/pages"}],"about":[{"href":"https:\/\/www.orangehotel.be\/en\/wp-json\/wp\/v2\/types\/page"}],"author":[{"embeddable":true,"href":"https:\/\/www.orangehotel.be\/en\/wp-json\/wp\/v2\/users\/10"}],"replies":[{"embeddable":true,"href":"https:\/\/www.orangehotel.be\/en\/wp-json\/wp\/v2\/comments?post=6105"}],"version-history":[{"count":2,"href":"https:\/\/www.orangehotel.be\/en\/wp-json\/wp\/v2\/pages\/6105\/revisions"}],"predecessor-version":[{"id":6288,"href":"https:\/\/www.orangehotel.be\/en\/wp-json\/wp\/v2\/pages\/6105\/revisions\/6288"}],"up":[{"embeddable":true,"href":"https:\/\/www.orangehotel.be\/en\/wp-json\/wp\/v2\/pages\/6099"}],"wp:attachment":[{"href":"https:\/\/www.orangehotel.be\/en\/wp-json\/wp\/v2\/media?parent=6105"}],"curies":[{"name":"wp","href":"https:\/\/api.w.org\/{rel}","templated":true}]}}