{"id":6107,"date":"2024-05-28T15:06:18","date_gmt":"2024-05-28T13:06:18","guid":{"rendered":"https:\/\/www.orangehotel.be\/?page_id=6107"},"modified":"2025-07-11T11:19:24","modified_gmt":"2025-07-11T09:19:24","slug":"for-business","status":"publish","type":"page","link":"https:\/\/www.orangehotel.be\/en\/meet\/for-business\/","title":{"rendered":"For business"},"content":{"rendered":"\n<div class=\"wp-block-columns is-layout-flex wp-container-core-columns-is-layout-9d6595d7 wp-block-columns-is-layout-flex\">\n<div class=\"wp-block-column is-vertically-aligned-center is-layout-flow wp-block-column-is-layout-flow\">\n<h2 class=\"wp-block-heading\" id=\"label-bienvenue-velo-chez-l-orange-hotel-roulez-jeunesse\"><strong>A high-tech meeting room<\/strong><\/h2>\n\n\n\n<hr class=\"wp-block-separator has-text-color has-button-primary-color has-css-opacity has-button-primary-background-color has-background is-style-default\"\/>\n\n\n\n<p>Book your stay online and take advantage of our special rates for your company.&nbsp;<\/p>\n\n\n\n<p>Would you like an evening stopover? No problem, we&#8217;ll make you a suitable offer.&nbsp;<\/p>\n\n\n\n<p>An early morning meeting? Make it a warm one by taking a seat in our breakfast room. Our gourmet buffet is open to all, every day of the week from 6.30am to 10am.&nbsp;<\/p>\n\n\n\n<p>The Orange Hotel&#8217;s infrastructure also offers space for groups to meet, whether for residential or non-residential seminars.&nbsp;<\/p>\n\n\n\n<p><strong>Here&#8217;s <a href=\"https:\/\/www.orangehotel.be\/wp-content\/uploads\/2025\/07\/Orange-Hotel-Salle-Mimosa-leaflet-EN.pdf\">the\u00a0leaflet\u00a0for our MIMOSA meeting room<\/a>, in reference to this little flower offered by the Gilles during the Carnival of Binche ! It represents happiness and joy.<\/strong><\/p>\n\n\n\n<p><\/p>\n\n\n\n<p>Don&#8217;t hesitate to contact us directly for a personalised offer.<\/p>\n\n\n\n<p class=\"has-h-2-font-size\"><\/p>\n\n\n\n<p><\/p>\n<\/div>\n\n\n\n<div class=\"wp-block-column is-layout-flow wp-block-column-is-layout-flow\">\n<div class=\"wp-block-getwid-images-stack is-layout-zeta\"><div class=\"wp-block-getwid-images-stack__wrapper\"><div class=\"wp-block-getwid-images-stack__chunk\"><div class=\"wp-block-getwid-images-stack__media-wrapper\"><div class=\"wp-block-getwid-images-stack__media-inner-wrapper\"><img decoding=\"async\" width=\"576\" height=\"1024\" class=\"wp-block-getwid-images-stack__media wp-image-7045\" src=\"https:\/\/www.orangehotel.be\/wp-content\/uploads\/2025\/07\/conference-room-1-576x1024.jpg\" alt=\"Conference room in La Louvi\u00e8re\" data-id=\"7045\" data-link=\"https:\/\/www.orangehotel.be\/en\/meet\/for-business\/conference-room-2\/\" srcset=\"https:\/\/www.orangehotel.be\/wp-content\/uploads\/2025\/07\/conference-room-1-576x1024.jpg 576w, https:\/\/www.orangehotel.be\/wp-content\/uploads\/2025\/07\/conference-room-1-169x300.jpg 169w, https:\/\/www.orangehotel.be\/wp-content\/uploads\/2025\/07\/conference-room-1-768x1365.jpg 768w, https:\/\/www.orangehotel.be\/wp-content\/uploads\/2025\/07\/conference-room-1-864x1536.jpg 864w, https:\/\/www.orangehotel.be\/wp-content\/uploads\/2025\/07\/conference-room-1.jpg 1080w\" sizes=\"(max-width: 576px) 100vw, 576px\" \/><\/div><\/div><div class=\"wp-block-getwid-images-stack__media-wrapper\"><div class=\"wp-block-getwid-images-stack__media-inner-wrapper\"><img decoding=\"async\" width=\"1024\" height=\"576\" class=\"wp-block-getwid-images-stack__media wp-image-7048\" src=\"https:\/\/www.orangehotel.be\/wp-content\/uploads\/2025\/07\/business-meeting-1024x576.jpg\" alt=\"Business meeting room in La Louvi\u00e8re\" data-id=\"7048\" data-link=\"https:\/\/www.orangehotel.be\/en\/meet\/for-business\/business-meeting\/\" srcset=\"https:\/\/www.orangehotel.be\/wp-content\/uploads\/2025\/07\/business-meeting-1024x576.jpg 1024w, https:\/\/www.orangehotel.be\/wp-content\/uploads\/2025\/07\/business-meeting-300x169.jpg 300w, https:\/\/www.orangehotel.be\/wp-content\/uploads\/2025\/07\/business-meeting-768x432.jpg 768w, https:\/\/www.orangehotel.be\/wp-content\/uploads\/2025\/07\/business-meeting-1536x864.jpg 1536w, https:\/\/www.orangehotel.be\/wp-content\/uploads\/2025\/07\/business-meeting-1850x1041.jpg 1850w, https:\/\/www.orangehotel.be\/wp-content\/uploads\/2025\/07\/business-meeting.jpg 1920w\" sizes=\"(max-width: 1024px) 100vw, 1024px\" \/><\/div><\/div><div class=\"wp-block-getwid-images-stack__media-wrapper\"><div class=\"wp-block-getwid-images-stack__media-inner-wrapper\"><img decoding=\"async\" width=\"389\" height=\"259\" class=\"wp-block-getwid-images-stack__media wp-image-4031\" src=\"https:\/\/www.orangehotel.be\/wp-content\/uploads\/2022\/02\/img-0455.jpg\" alt=\"Side of the Orange Hotel\" data-id=\"4031\" data-link=\"https:\/\/www.orangehotel.be\/en\/meet\/for-business\/img-0455-2\/\" srcset=\"https:\/\/www.orangehotel.be\/wp-content\/uploads\/2022\/02\/img-0455.jpg 389w, https:\/\/www.orangehotel.be\/wp-content\/uploads\/2022\/02\/img-0455-300x200.jpg 300w\" sizes=\"(max-width: 389px) 100vw, 389px\" \/><\/div><\/div><\/div><\/div><\/div>\n<\/div>\n<\/div>\n\n\n\n<p><\/p>\n\n\n\n<figure class=\"wp-block-gallery has-nested-images columns-default is-cropped wp-block-gallery-1 is-layout-flex wp-block-gallery-is-layout-flex\">\n<figure class=\"wp-block-image size-full\"><img decoding=\"async\" width=\"1920\" height=\"1080\" data-id=\"7051\" src=\"https:\/\/www.orangehotel.be\/wp-content\/uploads\/2025\/07\/focus-meeting-room-table.jpg\" alt=\"Focus on the meeting room table\" class=\"wp-image-7051\" srcset=\"https:\/\/www.orangehotel.be\/wp-content\/uploads\/2025\/07\/focus-meeting-room-table.jpg 1920w, https:\/\/www.orangehotel.be\/wp-content\/uploads\/2025\/07\/focus-meeting-room-table-300x169.jpg 300w, https:\/\/www.orangehotel.be\/wp-content\/uploads\/2025\/07\/focus-meeting-room-table-1024x576.jpg 1024w, https:\/\/www.orangehotel.be\/wp-content\/uploads\/2025\/07\/focus-meeting-room-table-768x432.jpg 768w, https:\/\/www.orangehotel.be\/wp-content\/uploads\/2025\/07\/focus-meeting-room-table-1536x864.jpg 1536w, https:\/\/www.orangehotel.be\/wp-content\/uploads\/2025\/07\/focus-meeting-room-table-1850x1041.jpg 1850w\" sizes=\"(max-width: 1920px) 100vw, 1920px\" \/><\/figure>\n\n\n\n<figure class=\"wp-block-image size-full\"><img decoding=\"async\" width=\"1920\" height=\"1080\" data-id=\"7054\" src=\"https:\/\/www.orangehotel.be\/wp-content\/uploads\/2025\/07\/bright-meeting-room.jpg\" alt=\"Bright meeting room in La Louvi\u00e8re\" class=\"wp-image-7054\" srcset=\"https:\/\/www.orangehotel.be\/wp-content\/uploads\/2025\/07\/bright-meeting-room.jpg 1920w, https:\/\/www.orangehotel.be\/wp-content\/uploads\/2025\/07\/bright-meeting-room-300x169.jpg 300w, https:\/\/www.orangehotel.be\/wp-content\/uploads\/2025\/07\/bright-meeting-room-1024x576.jpg 1024w, https:\/\/www.orangehotel.be\/wp-content\/uploads\/2025\/07\/bright-meeting-room-768x432.jpg 768w, https:\/\/www.orangehotel.be\/wp-content\/uploads\/2025\/07\/bright-meeting-room-1536x864.jpg 1536w, https:\/\/www.orangehotel.be\/wp-content\/uploads\/2025\/07\/bright-meeting-room-1850x1041.jpg 1850w\" sizes=\"(max-width: 1920px) 100vw, 1920px\" \/><\/figure>\n\n\n\n<figure class=\"wp-block-image size-full\"><img decoding=\"async\" width=\"1920\" height=\"1280\" data-id=\"7057\" src=\"https:\/\/www.orangehotel.be\/wp-content\/uploads\/2025\/07\/terrace-la-louviere.jpg\" alt=\"Terrace with bar in La Louvi\u00e8re\" class=\"wp-image-7057\" srcset=\"https:\/\/www.orangehotel.be\/wp-content\/uploads\/2025\/07\/terrace-la-louviere.jpg 1920w, https:\/\/www.orangehotel.be\/wp-content\/uploads\/2025\/07\/terrace-la-louviere-300x200.jpg 300w, https:\/\/www.orangehotel.be\/wp-content\/uploads\/2025\/07\/terrace-la-louviere-1024x683.jpg 1024w, https:\/\/www.orangehotel.be\/wp-content\/uploads\/2025\/07\/terrace-la-louviere-768x512.jpg 768w, https:\/\/www.orangehotel.be\/wp-content\/uploads\/2025\/07\/terrace-la-louviere-1536x1024.jpg 1536w, https:\/\/www.orangehotel.be\/wp-content\/uploads\/2025\/07\/terrace-la-louviere-1850x1233.jpg 1850w\" sizes=\"(max-width: 1920px) 100vw, 1920px\" \/><\/figure>\n<\/figure>\n\n\n\n<p><\/p>\n\n\n\n<div class=\"wp-block-group enhanced-book-section has-display-heading-color has-text-color has-background has-link-color wp-elements-f109b2f08258d177d302a28ed79e5c6c\" style=\"background-color:#000000\"><div class=\"wp-block-group__inner-container is-layout-constrained wp-block-group-is-layout-constrained\">\n<div class=\"wp-block-group enhanced-book-section-background has-background\" style=\"background-color:#000000eb\"><div class=\"wp-block-group__inner-container is-layout-constrained wp-block-group-is-layout-constrained\">\n<div class=\"wp-block-columns is-layout-flex wp-container-core-columns-is-layout-9d6595d7 wp-block-columns-is-layout-flex\">\n<div class=\"wp-block-column is-vertically-aligned-center is-layout-flow wp-block-column-is-layout-flow\" style=\"flex-basis:40%\">\n<h2 class=\"wp-block-heading has-text-align-center has-h-1-font-size\">Reservation<\/h2>\n\n\n\n<h4 class=\"wp-block-heading has-text-align-center has-button-primary-color has-text-color has-link-color wp-elements-28485dc01a86a1c19a4254f5f34ccb8a\">Book your stay now<\/h4>\n\n\n\n<div style=\"height:2rem\" aria-hidden=\"true\" class=\"wp-block-spacer\"><\/div>\n\n\n\n<div class=\"RoomRaccoon-BookingEngine RoomRaccoon-BookingEngine--availability-widget\">\n\t\t\t\t\t\t\t<div class=\"availability-widget\">\n\t\t\t\t\t\t\t<span class=\"availability-widget-date availability-widget-date--from\">\n\tFrom: <input id=\"startDate-fr\" name=\"dateStart\" type=\"date\" value=\"\">\n\t<\/span>\n\t<span class=\"availability-widget-date\">\n\tTo: <input id=\"endDate-fr\" name=\"dateEnd\" type=\"date\" value=\"\">\n\t<\/span><\/div><script>\n\t\tvar date = new Date();\n\t\tvar formatFixMonth, formatFixDay;\n\t\tif( date.getMonth() < 9 ){ formatFixMonth = 0; }else{ formatFixMonth = \"\"; }\n\t\tif( date.getDate() < 9 ){ formatFixDay = 0; }else{ formatFixDay = \"\"; }\n\t\tvar today = date.getFullYear() + \"-\" + formatFixMonth + (date.getMonth()+1) + \"-\" + formatFixDay + date.getDate();\n\n\t\tdate.setDate(date.getDate()+1);\n\t\tif( date.getMonth() < 9 ){ formatFixMonth = 0; }else{ formatFixMonth = \"\"; }\n\t\tif( date.getDate() < 9 ){ formatFixDay = 0; }else{ formatFixDay = \"\"; }\n\t\tvar tomorrow = date.getFullYear() + \"-\" + formatFixMonth + (date.getMonth()+1) + \"-\" + formatFixDay + date.getDate();\n\n\t\tdocument.getElementById(\"startDate-fr\").value = today;\n\t\tdocument.getElementById(\"endDate-fr\").value = tomorrow;\n\t<\/script>\n\t<a target=\"_blank\" class=\"RoomRaccoonButton2 RoomRaccoonButton2-fr\" onclick='href=\"https:\\\/\\\/booking.roomraccoon.com\\\/orangehotel\\\/en\\\/?dateStart=\"+document.getElementById(\"startDate-fr\").value+\"&#038;dateEnd=\"+document.getElementById(\"endDate-fr\").value+\"\";'>Check availability<\/a>\n\t<\/div>\n<\/div>\n\n\n\n<div class=\"wp-block-column is-layout-flow wp-block-column-is-layout-flow\">\n<div class=\"wp-block-group cards-style is-layout-grid wp-container-core-group-is-layout-8d2db683 wp-block-group-is-layout-grid\">\n<div class=\"wp-block-group\"><div class=\"wp-block-group__inner-container is-layout-constrained wp-block-group-is-layout-constrained\">\n<div class=\"wp-block-columns is-layout-flex wp-container-core-columns-is-layout-9d6595d7 wp-block-columns-is-layout-flex\">\n<div class=\"wp-block-column is-vertically-aligned-center is-layout-flow wp-block-column-is-layout-flow\" style=\"flex-basis:5rem\"><div class=\"wp-block-image\">\n<figure class=\"aligncenter size-large is-resized\"><img decoding=\"async\" width=\"512\" height=\"512\" src=\"https:\/\/www.orangehotel.be\/wp-content\/uploads\/2026\/02\/icon-money.svg\" alt=\"\" class=\"wp-image-7290\" style=\"width:50px\"\/><\/figure>\n<\/div><\/div>\n\n\n\n<div class=\"wp-block-column is-layout-flow wp-block-column-is-layout-flow\">\n<h3 class=\"wp-block-heading has-button-primary-color has-text-color has-link-color has-text-bigger-font-size wp-elements-e8a537a2e379eeb406f9f8d0689e867d\">BEST PRICES GUARANTEED<\/h3>\n\n\n\n<p>No extra charges or hidden commissions. Our best offers are available directly!<\/p>\n<\/div>\n<\/div>\n<\/div><\/div>\n\n\n\n<div class=\"wp-block-group\"><div class=\"wp-block-group__inner-container is-layout-constrained wp-block-group-is-layout-constrained\">\n<div class=\"wp-block-columns is-layout-flex wp-container-core-columns-is-layout-9d6595d7 wp-block-columns-is-layout-flex\">\n<div class=\"wp-block-column is-vertically-aligned-center is-layout-flow wp-block-column-is-layout-flow\" style=\"flex-basis:5rem\"><div class=\"wp-block-image\">\n<figure class=\"aligncenter size-large is-resized\"><img decoding=\"async\" width=\"512\" height=\"512\" src=\"https:\/\/www.orangehotel.be\/wp-content\/uploads\/2026\/02\/icon-talk.svg\" alt=\"\" class=\"wp-image-7291\" style=\"width:50px\"\/><\/figure>\n<\/div><\/div>\n\n\n\n<div class=\"wp-block-column is-layout-flow wp-block-column-is-layout-flow\">\n<h3 class=\"wp-block-heading has-button-primary-color has-text-color has-link-color has-text-bigger-font-size wp-elements-81dd0235510144777d2f9da61ca3091a\">ATTENTIVE TO YOUR NEEDS<\/h3>\n\n\n\n<p>We guide you through every step of the booking process to ensure it best suits your needs!<\/p>\n<\/div>\n<\/div>\n<\/div><\/div>\n\n\n\n<div class=\"wp-block-group\"><div class=\"wp-block-group__inner-container is-layout-constrained wp-block-group-is-layout-constrained\">\n<div class=\"wp-block-columns is-layout-flex wp-container-core-columns-is-layout-9d6595d7 wp-block-columns-is-layout-flex\">\n<div class=\"wp-block-column is-vertically-aligned-center is-layout-flow wp-block-column-is-layout-flow\" style=\"flex-basis:5rem\"><div class=\"wp-block-image\">\n<figure class=\"aligncenter size-large is-resized\"><img decoding=\"async\" width=\"512\" height=\"512\" src=\"https:\/\/www.orangehotel.be\/wp-content\/uploads\/2026\/02\/icon-lock.svg\" alt=\"\" class=\"wp-image-7292\" style=\"width:50px\"\/><\/figure>\n<\/div><\/div>\n\n\n\n<div class=\"wp-block-column is-layout-flow wp-block-column-is-layout-flow\">\n<h3 class=\"wp-block-heading has-button-primary-color has-text-color has-link-color has-text-bigger-font-size wp-elements-25ccd7c5f7f117377d434653bdf3798a\">MAXIMUM FLEXIBILITY<\/h3>\n\n\n\n<p>Cancellation or modification until 7 p.m. on the day of your arrival. Direct booking means greater flexibility!<\/p>\n<\/div>\n<\/div>\n<\/div><\/div>\n\n\n\n<div class=\"wp-block-group\"><div class=\"wp-block-group__inner-container is-layout-constrained wp-block-group-is-layout-constrained\">\n<div class=\"wp-block-columns is-layout-flex wp-container-core-columns-is-layout-9d6595d7 wp-block-columns-is-layout-flex\">\n<div class=\"wp-block-column is-vertically-aligned-center is-layout-flow wp-block-column-is-layout-flow\" style=\"flex-basis:5rem\"><div class=\"wp-block-image\">\n<figure class=\"aligncenter size-large is-resized\"><img decoding=\"async\" width=\"512\" height=\"512\" src=\"https:\/\/www.orangehotel.be\/wp-content\/uploads\/2026\/02\/icon-earth.svg\" alt=\"\" class=\"wp-image-7293\" style=\"width:50px\"\/><\/figure>\n<\/div><\/div>\n\n\n\n<div class=\"wp-block-column is-layout-flow wp-block-column-is-layout-flow\">\n<h3 class=\"wp-block-heading has-button-primary-color has-text-color has-link-color has-text-bigger-font-size wp-elements-90f13a24d502175ee738bfeae53b8b77\">HUMAN AND RESPONSIBLE<\/h3>\n\n\n\n<p>Did you know that online booking platforms do not pay taxes and do not create jobs in most of the countries where they sell accommodation? Booking directly means adding value to your trip by acting responsibly!<\/p>\n<\/div>\n<\/div>\n<\/div><\/div>\n<\/div>\n<\/div>\n<\/div>\n<\/div><\/div>\n<\/div><\/div>\n","protected":false},"excerpt":{"rendered":"<p>On a business trip? Whether you&#8217;re organising a business appointment, a meeting or a training course, the Orange Hotel has it all.<\/p>\n","protected":false},"author":10,"featured_media":0,"parent":6099,"menu_order":0,"comment_status":"closed","ping_status":"closed","template":"template-full-width.php","meta":{"_acf_changed":false,"inline_featured_image":false,"footnotes":""},"class_list":["post-6107","page","type-page","status-publish","hentry"],"acf":[],"yoast_head":"<!-- This site is optimized with the Yoast SEO plugin v27.3 - https:\/\/yoast.com\/product\/yoast-seo-wordpress\/ -->\n<title>For a comfortable business trip &#8226; Orange H\u00f4tel<\/title>\n<meta name=\"description\" content=\"The Orange Hotel offers your teams and partners the best business trip imaginable. For a stay that is both productive and relaxing !\" \/>\n<meta name=\"robots\" content=\"index, follow, max-snippet:-1, max-image-preview:large, max-video-preview:-1\" \/>\n<link rel=\"canonical\" href=\"https:\/\/www.orangehotel.be\/en\/meet\/for-business\/\" \/>\n<meta property=\"og:locale\" content=\"en_US\" \/>\n<meta property=\"og:type\" content=\"article\" \/>\n<meta property=\"og:title\" content=\"For a comfortable business trip &#8226; Orange H\u00f4tel\" \/>\n<meta property=\"og:description\" content=\"The Orange Hotel offers your teams and partners the best business trip imaginable. For a stay that is both productive and relaxing !\" \/>\n<meta property=\"og:url\" content=\"https:\/\/www.orangehotel.be\/en\/meet\/for-business\/\" \/>\n<meta property=\"og:site_name\" content=\"Orange H\u00f4tel\" \/>\n<meta property=\"article:modified_time\" content=\"2025-07-11T09:19:24+00:00\" \/>\n<meta property=\"og:image\" content=\"https:\/\/www.orangehotel.be\/wp-content\/uploads\/2025\/07\/conference-room-1.jpg\" \/>\n\t<meta property=\"og:image:width\" content=\"1080\" \/>\n\t<meta property=\"og:image:height\" content=\"1920\" \/>\n\t<meta property=\"og:image:type\" content=\"image\/jpeg\" \/>\n<meta name=\"twitter:card\" content=\"summary_large_image\" \/>\n<script type=\"application\/ld+json\" class=\"yoast-schema-graph\">{\"@context\":\"https:\\\/\\\/schema.org\",\"@graph\":[{\"@type\":\"WebPage\",\"@id\":\"https:\\\/\\\/www.orangehotel.be\\\/en\\\/meet\\\/for-business\\\/\",\"url\":\"https:\\\/\\\/www.orangehotel.be\\\/en\\\/meet\\\/for-business\\\/\",\"name\":\"For a comfortable business trip &#8226; Orange H\u00f4tel\",\"isPartOf\":{\"@id\":\"https:\\\/\\\/www.orangehotel.be\\\/en\\\/#website\"},\"primaryImageOfPage\":{\"@id\":\"https:\\\/\\\/www.orangehotel.be\\\/en\\\/meet\\\/for-business\\\/#primaryimage\"},\"image\":{\"@id\":\"https:\\\/\\\/www.orangehotel.be\\\/en\\\/meet\\\/for-business\\\/#primaryimage\"},\"thumbnailUrl\":\"https:\\\/\\\/www.orangehotel.be\\\/wp-content\\\/uploads\\\/2025\\\/07\\\/conference-room-1-576x1024.jpg\",\"datePublished\":\"2024-05-28T13:06:18+00:00\",\"dateModified\":\"2025-07-11T09:19:24+00:00\",\"description\":\"The Orange Hotel offers your teams and partners the best business trip imaginable. For a stay that is both productive and relaxing !\",\"breadcrumb\":{\"@id\":\"https:\\\/\\\/www.orangehotel.be\\\/en\\\/meet\\\/for-business\\\/#breadcrumb\"},\"inLanguage\":\"en-US\",\"potentialAction\":[{\"@type\":\"ReadAction\",\"target\":[\"https:\\\/\\\/www.orangehotel.be\\\/en\\\/meet\\\/for-business\\\/\"]}]},{\"@type\":\"ImageObject\",\"inLanguage\":\"en-US\",\"@id\":\"https:\\\/\\\/www.orangehotel.be\\\/en\\\/meet\\\/for-business\\\/#primaryimage\",\"url\":\"https:\\\/\\\/www.orangehotel.be\\\/wp-content\\\/uploads\\\/2025\\\/07\\\/conference-room-1-576x1024.jpg\",\"contentUrl\":\"https:\\\/\\\/www.orangehotel.be\\\/wp-content\\\/uploads\\\/2025\\\/07\\\/conference-room-1-576x1024.jpg\"},{\"@type\":\"BreadcrumbList\",\"@id\":\"https:\\\/\\\/www.orangehotel.be\\\/en\\\/meet\\\/for-business\\\/#breadcrumb\",\"itemListElement\":[{\"@type\":\"ListItem\",\"position\":1,\"name\":\"Accueil\",\"item\":\"https:\\\/\\\/www.orangehotel.be\\\/en\\\/\"},{\"@type\":\"ListItem\",\"position\":2,\"name\":\"Meet\",\"item\":\"https:\\\/\\\/www.orangehotel.be\\\/en\\\/meet\\\/\"},{\"@type\":\"ListItem\",\"position\":3,\"name\":\"For business\"}]},{\"@type\":\"WebSite\",\"@id\":\"https:\\\/\\\/www.orangehotel.be\\\/en\\\/#website\",\"url\":\"https:\\\/\\\/www.orangehotel.be\\\/en\\\/\",\"name\":\"Orange H\u00f4tel\",\"description\":\"Un h\u00f4tel B&amp;B entre La Louvi\u00e8re et Mons, proche de l&#039;A\u00e9roport de Charleroi\",\"publisher\":{\"@id\":\"https:\\\/\\\/www.orangehotel.be\\\/en\\\/#organization\"},\"potentialAction\":[{\"@type\":\"SearchAction\",\"target\":{\"@type\":\"EntryPoint\",\"urlTemplate\":\"https:\\\/\\\/www.orangehotel.be\\\/en\\\/?s={search_term_string}\"},\"query-input\":{\"@type\":\"PropertyValueSpecification\",\"valueRequired\":true,\"valueName\":\"search_term_string\"}}],\"inLanguage\":\"en-US\"},{\"@type\":\"Organization\",\"@id\":\"https:\\\/\\\/www.orangehotel.be\\\/en\\\/#organization\",\"name\":\"Orange H\u00f4tel\",\"url\":\"https:\\\/\\\/www.orangehotel.be\\\/en\\\/\",\"logo\":{\"@type\":\"ImageObject\",\"inLanguage\":\"en-US\",\"@id\":\"https:\\\/\\\/www.orangehotel.be\\\/en\\\/#\\\/schema\\\/logo\\\/image\\\/\",\"url\":\"https:\\\/\\\/orangehotel.be\\\/wp-content\\\/uploads\\\/2021\\\/11\\\/logo.png\",\"contentUrl\":\"https:\\\/\\\/orangehotel.be\\\/wp-content\\\/uploads\\\/2021\\\/11\\\/logo.png\",\"width\":213,\"height\":68,\"caption\":\"Orange H\u00f4tel\"},\"image\":{\"@id\":\"https:\\\/\\\/www.orangehotel.be\\\/en\\\/#\\\/schema\\\/logo\\\/image\\\/\"}}]}<\/script>\n<!-- \/ Yoast SEO plugin. -->","yoast_head_json":{"title":"For a comfortable business trip &#8226; Orange H\u00f4tel","description":"The Orange Hotel offers your teams and partners the best business trip imaginable. For a stay that is both productive and relaxing !","robots":{"index":"index","follow":"follow","max-snippet":"max-snippet:-1","max-image-preview":"max-image-preview:large","max-video-preview":"max-video-preview:-1"},"canonical":"https:\/\/www.orangehotel.be\/en\/meet\/for-business\/","og_locale":"en_US","og_type":"article","og_title":"For a comfortable business trip &#8226; Orange H\u00f4tel","og_description":"The Orange Hotel offers your teams and partners the best business trip imaginable. For a stay that is both productive and relaxing !","og_url":"https:\/\/www.orangehotel.be\/en\/meet\/for-business\/","og_site_name":"Orange H\u00f4tel","article_modified_time":"2025-07-11T09:19:24+00:00","og_image":[{"width":1080,"height":1920,"url":"https:\/\/www.orangehotel.be\/wp-content\/uploads\/2025\/07\/conference-room-1.jpg","type":"image\/jpeg"}],"twitter_card":"summary_large_image","schema":{"@context":"https:\/\/schema.org","@graph":[{"@type":"WebPage","@id":"https:\/\/www.orangehotel.be\/en\/meet\/for-business\/","url":"https:\/\/www.orangehotel.be\/en\/meet\/for-business\/","name":"For a comfortable business trip &#8226; Orange H\u00f4tel","isPartOf":{"@id":"https:\/\/www.orangehotel.be\/en\/#website"},"primaryImageOfPage":{"@id":"https:\/\/www.orangehotel.be\/en\/meet\/for-business\/#primaryimage"},"image":{"@id":"https:\/\/www.orangehotel.be\/en\/meet\/for-business\/#primaryimage"},"thumbnailUrl":"https:\/\/www.orangehotel.be\/wp-content\/uploads\/2025\/07\/conference-room-1-576x1024.jpg","datePublished":"2024-05-28T13:06:18+00:00","dateModified":"2025-07-11T09:19:24+00:00","description":"The Orange Hotel offers your teams and partners the best business trip imaginable. For a stay that is both productive and relaxing !","breadcrumb":{"@id":"https:\/\/www.orangehotel.be\/en\/meet\/for-business\/#breadcrumb"},"inLanguage":"en-US","potentialAction":[{"@type":"ReadAction","target":["https:\/\/www.orangehotel.be\/en\/meet\/for-business\/"]}]},{"@type":"ImageObject","inLanguage":"en-US","@id":"https:\/\/www.orangehotel.be\/en\/meet\/for-business\/#primaryimage","url":"https:\/\/www.orangehotel.be\/wp-content\/uploads\/2025\/07\/conference-room-1-576x1024.jpg","contentUrl":"https:\/\/www.orangehotel.be\/wp-content\/uploads\/2025\/07\/conference-room-1-576x1024.jpg"},{"@type":"BreadcrumbList","@id":"https:\/\/www.orangehotel.be\/en\/meet\/for-business\/#breadcrumb","itemListElement":[{"@type":"ListItem","position":1,"name":"Accueil","item":"https:\/\/www.orangehotel.be\/en\/"},{"@type":"ListItem","position":2,"name":"Meet","item":"https:\/\/www.orangehotel.be\/en\/meet\/"},{"@type":"ListItem","position":3,"name":"For business"}]},{"@type":"WebSite","@id":"https:\/\/www.orangehotel.be\/en\/#website","url":"https:\/\/www.orangehotel.be\/en\/","name":"Orange H\u00f4tel","description":"Un h\u00f4tel B&amp;B entre La Louvi\u00e8re et Mons, proche de l&#039;A\u00e9roport de Charleroi","publisher":{"@id":"https:\/\/www.orangehotel.be\/en\/#organization"},"potentialAction":[{"@type":"SearchAction","target":{"@type":"EntryPoint","urlTemplate":"https:\/\/www.orangehotel.be\/en\/?s={search_term_string}"},"query-input":{"@type":"PropertyValueSpecification","valueRequired":true,"valueName":"search_term_string"}}],"inLanguage":"en-US"},{"@type":"Organization","@id":"https:\/\/www.orangehotel.be\/en\/#organization","name":"Orange H\u00f4tel","url":"https:\/\/www.orangehotel.be\/en\/","logo":{"@type":"ImageObject","inLanguage":"en-US","@id":"https:\/\/www.orangehotel.be\/en\/#\/schema\/logo\/image\/","url":"https:\/\/orangehotel.be\/wp-content\/uploads\/2021\/11\/logo.png","contentUrl":"https:\/\/orangehotel.be\/wp-content\/uploads\/2021\/11\/logo.png","width":213,"height":68,"caption":"Orange H\u00f4tel"},"image":{"@id":"https:\/\/www.orangehotel.be\/en\/#\/schema\/logo\/image\/"}}]}},"_links":{"self":[{"href":"https:\/\/www.orangehotel.be\/en\/wp-json\/wp\/v2\/pages\/6107","targetHints":{"allow":["GET"]}}],"collection":[{"href":"https:\/\/www.orangehotel.be\/en\/wp-json\/wp\/v2\/pages"}],"about":[{"href":"https:\/\/www.orangehotel.be\/en\/wp-json\/wp\/v2\/types\/page"}],"author":[{"embeddable":true,"href":"https:\/\/www.orangehotel.be\/en\/wp-json\/wp\/v2\/users\/10"}],"replies":[{"embeddable":true,"href":"https:\/\/www.orangehotel.be\/en\/wp-json\/wp\/v2\/comments?post=6107"}],"version-history":[{"count":4,"href":"https:\/\/www.orangehotel.be\/en\/wp-json\/wp\/v2\/pages\/6107\/revisions"}],"predecessor-version":[{"id":7069,"href":"https:\/\/www.orangehotel.be\/en\/wp-json\/wp\/v2\/pages\/6107\/revisions\/7069"}],"up":[{"embeddable":true,"href":"https:\/\/www.orangehotel.be\/en\/wp-json\/wp\/v2\/pages\/6099"}],"wp:attachment":[{"href":"https:\/\/www.orangehotel.be\/en\/wp-json\/wp\/v2\/media?parent=6107"}],"curies":[{"name":"wp","href":"https:\/\/api.w.org\/{rel}","templated":true}]}}