{"id":6109,"date":"2024-05-28T15:07:49","date_gmt":"2024-05-28T13:07:49","guid":{"rendered":"https:\/\/www.orangehotel.be\/?page_id=6109"},"modified":"2024-06-03T12:27:53","modified_gmt":"2024-06-03T10:27:53","slug":"between-sportspeople","status":"publish","type":"page","link":"https:\/\/www.orangehotel.be\/en\/meet\/between-sportspeople\/","title":{"rendered":"Between sportspeople\u00a0"},"content":{"rendered":"\n<div class=\"wp-block-columns is-layout-flex wp-container-core-columns-is-layout-9d6595d7 wp-block-columns-is-layout-flex\">\n<div class=\"wp-block-column is-vertically-aligned-center is-layout-flow wp-block-column-is-layout-flow\">\n<h2 class=\"wp-block-heading\" id=\"label-bienvenue-velo-chez-l-orange-hotel-roulez-jeunesse\"><\/h2>\n\n\n\n<hr class=\"wp-block-separator has-text-color has-button-primary-color has-css-opacity has-button-primary-background-color has-background is-style-default\"\/>\n\n\n\n<p>Sporty at heart? Our infrastructure has thought of everything to make it easier for you to get around!&nbsp;<\/p>\n\n\n\n<p>Our rooms are designed to accommodate sports enthusiasts in large or small groups.&nbsp;<\/p>\n\n\n\n<p>We adapt our catering packages to your specific requests.&nbsp;<\/p>\n\n\n\n<p>With our vast, secure car park under camera surveillance, and our various water and electricity access points, cycling enthusiasts have been putting their trust in us ever since we opened. And what about you?&nbsp;<\/p>\n\n\n\n<p class=\"has-h-2-font-size\"><\/p>\n\n\n\n<p><\/p>\n<\/div>\n\n\n\n<div class=\"wp-block-column is-vertically-aligned-center is-layout-flow wp-block-column-is-layout-flow\">\n<div class=\"wp-block-getwid-images-stack is-layout-zeta\"><div class=\"wp-block-getwid-images-stack__wrapper\"><div class=\"wp-block-getwid-images-stack__chunk\"><div class=\"wp-block-getwid-images-stack__media-wrapper\"><div class=\"wp-block-getwid-images-stack__media-inner-wrapper\"><img decoding=\"async\" width=\"1024\" height=\"707\" class=\"wp-block-getwid-images-stack__media wp-image-4444\" src=\"https:\/\/www.orangehotel.be\/wp-content\/uploads\/2022\/04\/thieu-centre-historique-cyclistes-1024x707.jpg\" alt=\"Historic Canal du Centre - Str\u00e9py-Thieu Funicular Lift\" data-id=\"4444\" data-link=\"https:\/\/www.orangehotel.be\/en\/meet\/between-sportpeople\/le-roeulx-canal-historique-du-centre-ascenseur-funiculaire-d-2\/\" srcset=\"https:\/\/www.orangehotel.be\/wp-content\/uploads\/2022\/04\/thieu-centre-historique-cyclistes-1024x707.jpg 1024w, https:\/\/www.orangehotel.be\/wp-content\/uploads\/2022\/04\/thieu-centre-historique-cyclistes-300x207.jpg 300w, https:\/\/www.orangehotel.be\/wp-content\/uploads\/2022\/04\/thieu-centre-historique-cyclistes-768x530.jpg 768w, https:\/\/www.orangehotel.be\/wp-content\/uploads\/2022\/04\/thieu-centre-historique-cyclistes-1536x1061.jpg 1536w, https:\/\/www.orangehotel.be\/wp-content\/uploads\/2022\/04\/thieu-centre-historique-cyclistes-1850x1278.jpg 1850w, https:\/\/www.orangehotel.be\/wp-content\/uploads\/2022\/04\/thieu-centre-historique-cyclistes.jpg 1920w\" sizes=\"(max-width: 1024px) 100vw, 1024px\" \/><\/div><\/div><div class=\"wp-block-getwid-images-stack__media-wrapper\"><div class=\"wp-block-getwid-images-stack__media-inner-wrapper\"><img decoding=\"async\" width=\"1024\" height=\"683\" class=\"wp-block-getwid-images-stack__media wp-image-4441\" src=\"https:\/\/www.orangehotel.be\/wp-content\/uploads\/2022\/04\/port-thieu-velo-1024x683.jpg\" alt=\"Harbour of Thieu - Bike Rides\" data-id=\"4441\" data-link=\"https:\/\/www.orangehotel.be\/en\/meet\/between-sportpeople\/port-thieu-velo-2\/\" srcset=\"https:\/\/www.orangehotel.be\/wp-content\/uploads\/2022\/04\/port-thieu-velo-1024x683.jpg 1024w, https:\/\/www.orangehotel.be\/wp-content\/uploads\/2022\/04\/port-thieu-velo-300x200.jpg 300w, https:\/\/www.orangehotel.be\/wp-content\/uploads\/2022\/04\/port-thieu-velo-768x512.jpg 768w, https:\/\/www.orangehotel.be\/wp-content\/uploads\/2022\/04\/port-thieu-velo-1536x1024.jpg 1536w, https:\/\/www.orangehotel.be\/wp-content\/uploads\/2022\/04\/port-thieu-velo-1850x1233.jpg 1850w, https:\/\/www.orangehotel.be\/wp-content\/uploads\/2022\/04\/port-thieu-velo.jpg 1920w\" sizes=\"(max-width: 1024px) 100vw, 1024px\" \/><\/div><\/div><div class=\"wp-block-getwid-images-stack__media-wrapper\"><div class=\"wp-block-getwid-images-stack__media-inner-wrapper\"><img decoding=\"async\" width=\"1024\" height=\"706\" class=\"wp-block-getwid-images-stack__media wp-image-4438\" src=\"https:\/\/www.orangehotel.be\/wp-content\/uploads\/2022\/04\/canal-centre-historique-velo-1024x706.jpg\" alt=\"Hyd Elevator of Strepy-Bracquegnies along the historic Canal du Centre\" data-id=\"4438\" data-link=\"https:\/\/www.orangehotel.be\/en\/meet\/between-sportpeople\/strepy-bracquegnies-canal-historique-du-centre-ascenseur-hyd-2\/\" srcset=\"https:\/\/www.orangehotel.be\/wp-content\/uploads\/2022\/04\/canal-centre-historique-velo-1024x706.jpg 1024w, https:\/\/www.orangehotel.be\/wp-content\/uploads\/2022\/04\/canal-centre-historique-velo-300x207.jpg 300w, https:\/\/www.orangehotel.be\/wp-content\/uploads\/2022\/04\/canal-centre-historique-velo-768x530.jpg 768w, https:\/\/www.orangehotel.be\/wp-content\/uploads\/2022\/04\/canal-centre-historique-velo-1536x1059.jpg 1536w, https:\/\/www.orangehotel.be\/wp-content\/uploads\/2022\/04\/canal-centre-historique-velo-1850x1276.jpg 1850w, https:\/\/www.orangehotel.be\/wp-content\/uploads\/2022\/04\/canal-centre-historique-velo.jpg 1920w\" sizes=\"(max-width: 1024px) 100vw, 1024px\" \/><\/div><\/div><\/div><\/div><\/div>\n<\/div>\n<\/div>\n\n\n\n<p><\/p>\n\n\n\n<figure class=\"wp-block-gallery has-nested-images columns-default is-cropped wp-block-gallery-1 is-layout-flex wp-block-gallery-is-layout-flex\">\n<figure class=\"wp-block-image size-large\"><img decoding=\"async\" width=\"1024\" height=\"768\" data-id=\"6082\" src=\"https:\/\/www.orangehotel.be\/wp-content\/uploads\/2024\/05\/fietser-op-de-parkeerplaats-van-het-hotel-1024x768.jpg\" alt=\"Cyclists in hotel parking lot\" class=\"wp-image-6082\" srcset=\"https:\/\/www.orangehotel.be\/wp-content\/uploads\/2024\/05\/fietser-op-de-parkeerplaats-van-het-hotel-1024x768.jpg 1024w, https:\/\/www.orangehotel.be\/wp-content\/uploads\/2024\/05\/fietser-op-de-parkeerplaats-van-het-hotel-300x225.jpg 300w, https:\/\/www.orangehotel.be\/wp-content\/uploads\/2024\/05\/fietser-op-de-parkeerplaats-van-het-hotel-768x576.jpg 768w, https:\/\/www.orangehotel.be\/wp-content\/uploads\/2024\/05\/fietser-op-de-parkeerplaats-van-het-hotel-800x600.jpg 800w, https:\/\/www.orangehotel.be\/wp-content\/uploads\/2024\/05\/fietser-op-de-parkeerplaats-van-het-hotel.jpg 1536w\" sizes=\"(max-width: 1024px) 100vw, 1024px\" \/><\/figure>\n\n\n\n<figure class=\"wp-block-image size-large\"><img decoding=\"async\" width=\"1024\" height=\"683\" data-id=\"5933\" src=\"https:\/\/www.orangehotel.be\/wp-content\/uploads\/2024\/05\/hotelgymnastiek-in-la-louviere-1024x683.jpg\" alt=\"Fitness room of the Orange Hotel in La Louvi\u00e8re\" class=\"wp-image-5933\" srcset=\"https:\/\/www.orangehotel.be\/wp-content\/uploads\/2024\/05\/hotelgymnastiek-in-la-louviere-1024x683.jpg 1024w, https:\/\/www.orangehotel.be\/wp-content\/uploads\/2024\/05\/hotelgymnastiek-in-la-louviere-300x200.jpg 300w, https:\/\/www.orangehotel.be\/wp-content\/uploads\/2024\/05\/hotelgymnastiek-in-la-louviere-768x512.jpg 768w, https:\/\/www.orangehotel.be\/wp-content\/uploads\/2024\/05\/hotelgymnastiek-in-la-louviere.jpg 1536w\" sizes=\"(max-width: 1024px) 100vw, 1024px\" \/><\/figure>\n\n\n\n<figure class=\"wp-block-image size-full\"><img decoding=\"async\" width=\"1024\" height=\"683\" data-id=\"6087\" src=\"https:\/\/www.orangehotel.be\/wp-content\/uploads\/2024\/05\/raal-football-orange-hotel.png\" alt=\"Team in front of the Orange Hotel\" class=\"wp-image-6087\" srcset=\"https:\/\/www.orangehotel.be\/wp-content\/uploads\/2024\/05\/raal-football-orange-hotel.png 1024w, https:\/\/www.orangehotel.be\/wp-content\/uploads\/2024\/05\/raal-football-orange-hotel-300x200.png 300w, https:\/\/www.orangehotel.be\/wp-content\/uploads\/2024\/05\/raal-football-orange-hotel-768x512.png 768w\" sizes=\"(max-width: 1024px) 100vw, 1024px\" \/><\/figure>\n<\/figure>\n\n\n\n<p><\/p>\n\n\n\n<div class=\"wp-block-group enhanced-book-section has-display-heading-color has-text-color has-background has-link-color wp-elements-f109b2f08258d177d302a28ed79e5c6c\" style=\"background-color:#000000\"><div class=\"wp-block-group__inner-container is-layout-constrained wp-block-group-is-layout-constrained\">\n<div class=\"wp-block-group enhanced-book-section-background has-background\" style=\"background-color:#000000eb\"><div class=\"wp-block-group__inner-container is-layout-constrained wp-block-group-is-layout-constrained\">\n<div class=\"wp-block-columns is-layout-flex wp-container-core-columns-is-layout-9d6595d7 wp-block-columns-is-layout-flex\">\n<div class=\"wp-block-column is-vertically-aligned-center is-layout-flow wp-block-column-is-layout-flow\" style=\"flex-basis:40%\">\n<h2 class=\"wp-block-heading has-text-align-center has-h-1-font-size\">Reservation<\/h2>\n\n\n\n<h4 class=\"wp-block-heading has-text-align-center has-button-primary-color has-text-color has-link-color wp-elements-28485dc01a86a1c19a4254f5f34ccb8a\">Book your stay now<\/h4>\n\n\n\n<div style=\"height:2rem\" aria-hidden=\"true\" class=\"wp-block-spacer\"><\/div>\n\n\n\n<div class=\"RoomRaccoon-BookingEngine RoomRaccoon-BookingEngine--availability-widget\">\n\t\t\t\t\t\t\t<div class=\"availability-widget\">\n\t\t\t\t\t\t\t<span class=\"availability-widget-date availability-widget-date--from\">\n\tFrom: <input id=\"startDate-fr\" name=\"dateStart\" type=\"date\" value=\"\">\n\t<\/span>\n\t<span class=\"availability-widget-date\">\n\tTo: <input id=\"endDate-fr\" name=\"dateEnd\" type=\"date\" value=\"\">\n\t<\/span><\/div><script>\n\t\tvar date = new Date();\n\t\tvar formatFixMonth, formatFixDay;\n\t\tif( date.getMonth() < 9 ){ formatFixMonth = 0; }else{ formatFixMonth = \"\"; }\n\t\tif( date.getDate() < 9 ){ formatFixDay = 0; }else{ formatFixDay = \"\"; }\n\t\tvar today = date.getFullYear() + \"-\" + formatFixMonth + (date.getMonth()+1) + \"-\" + formatFixDay + date.getDate();\n\n\t\tdate.setDate(date.getDate()+1);\n\t\tif( date.getMonth() < 9 ){ formatFixMonth = 0; }else{ formatFixMonth = \"\"; }\n\t\tif( date.getDate() < 9 ){ formatFixDay = 0; }else{ formatFixDay = \"\"; }\n\t\tvar tomorrow = date.getFullYear() + \"-\" + formatFixMonth + (date.getMonth()+1) + \"-\" + formatFixDay + date.getDate();\n\n\t\tdocument.getElementById(\"startDate-fr\").value = today;\n\t\tdocument.getElementById(\"endDate-fr\").value = tomorrow;\n\t<\/script>\n\t<a target=\"_blank\" class=\"RoomRaccoonButton2 RoomRaccoonButton2-fr\" onclick='href=\"https:\\\/\\\/booking.roomraccoon.com\\\/orangehotel\\\/en\\\/?dateStart=\"+document.getElementById(\"startDate-fr\").value+\"&#038;dateEnd=\"+document.getElementById(\"endDate-fr\").value+\"\";'>Check availability<\/a>\n\t<\/div>\n<\/div>\n\n\n\n<div class=\"wp-block-column is-layout-flow wp-block-column-is-layout-flow\">\n<div class=\"wp-block-group cards-style is-layout-grid wp-container-core-group-is-layout-8d2db683 wp-block-group-is-layout-grid\">\n<div class=\"wp-block-group\"><div class=\"wp-block-group__inner-container is-layout-constrained wp-block-group-is-layout-constrained\">\n<div class=\"wp-block-columns is-layout-flex wp-container-core-columns-is-layout-9d6595d7 wp-block-columns-is-layout-flex\">\n<div class=\"wp-block-column is-vertically-aligned-center is-layout-flow wp-block-column-is-layout-flow\" style=\"flex-basis:5rem\"><div class=\"wp-block-image\">\n<figure class=\"aligncenter size-large is-resized\"><img decoding=\"async\" width=\"512\" height=\"512\" src=\"https:\/\/www.orangehotel.be\/wp-content\/uploads\/2026\/02\/icon-money.svg\" alt=\"\" class=\"wp-image-7290\" style=\"width:50px\"\/><\/figure>\n<\/div><\/div>\n\n\n\n<div class=\"wp-block-column is-layout-flow wp-block-column-is-layout-flow\">\n<h3 class=\"wp-block-heading has-button-primary-color has-text-color has-link-color has-text-bigger-font-size wp-elements-e8a537a2e379eeb406f9f8d0689e867d\">BEST PRICES GUARANTEED<\/h3>\n\n\n\n<p>No extra charges or hidden commissions. Our best offers are available directly!<\/p>\n<\/div>\n<\/div>\n<\/div><\/div>\n\n\n\n<div class=\"wp-block-group\"><div class=\"wp-block-group__inner-container is-layout-constrained wp-block-group-is-layout-constrained\">\n<div class=\"wp-block-columns is-layout-flex wp-container-core-columns-is-layout-9d6595d7 wp-block-columns-is-layout-flex\">\n<div class=\"wp-block-column is-vertically-aligned-center is-layout-flow wp-block-column-is-layout-flow\" style=\"flex-basis:5rem\"><div class=\"wp-block-image\">\n<figure class=\"aligncenter size-large is-resized\"><img decoding=\"async\" width=\"512\" height=\"512\" src=\"https:\/\/www.orangehotel.be\/wp-content\/uploads\/2026\/02\/icon-talk.svg\" alt=\"\" class=\"wp-image-7291\" style=\"width:50px\"\/><\/figure>\n<\/div><\/div>\n\n\n\n<div class=\"wp-block-column is-layout-flow wp-block-column-is-layout-flow\">\n<h3 class=\"wp-block-heading has-button-primary-color has-text-color has-link-color has-text-bigger-font-size wp-elements-81dd0235510144777d2f9da61ca3091a\">ATTENTIVE TO YOUR NEEDS<\/h3>\n\n\n\n<p>We guide you through every step of the booking process to ensure it best suits your needs!<\/p>\n<\/div>\n<\/div>\n<\/div><\/div>\n\n\n\n<div class=\"wp-block-group\"><div class=\"wp-block-group__inner-container is-layout-constrained wp-block-group-is-layout-constrained\">\n<div class=\"wp-block-columns is-layout-flex wp-container-core-columns-is-layout-9d6595d7 wp-block-columns-is-layout-flex\">\n<div class=\"wp-block-column is-vertically-aligned-center is-layout-flow wp-block-column-is-layout-flow\" style=\"flex-basis:5rem\"><div class=\"wp-block-image\">\n<figure class=\"aligncenter size-large is-resized\"><img decoding=\"async\" width=\"512\" height=\"512\" src=\"https:\/\/www.orangehotel.be\/wp-content\/uploads\/2026\/02\/icon-lock.svg\" alt=\"\" class=\"wp-image-7292\" style=\"width:50px\"\/><\/figure>\n<\/div><\/div>\n\n\n\n<div class=\"wp-block-column is-layout-flow wp-block-column-is-layout-flow\">\n<h3 class=\"wp-block-heading has-button-primary-color has-text-color has-link-color has-text-bigger-font-size wp-elements-25ccd7c5f7f117377d434653bdf3798a\">MAXIMUM FLEXIBILITY<\/h3>\n\n\n\n<p>Cancellation or modification until 7 p.m. on the day of your arrival. Direct booking means greater flexibility!<\/p>\n<\/div>\n<\/div>\n<\/div><\/div>\n\n\n\n<div class=\"wp-block-group\"><div class=\"wp-block-group__inner-container is-layout-constrained wp-block-group-is-layout-constrained\">\n<div class=\"wp-block-columns is-layout-flex wp-container-core-columns-is-layout-9d6595d7 wp-block-columns-is-layout-flex\">\n<div class=\"wp-block-column is-vertically-aligned-center is-layout-flow wp-block-column-is-layout-flow\" style=\"flex-basis:5rem\"><div class=\"wp-block-image\">\n<figure class=\"aligncenter size-large is-resized\"><img decoding=\"async\" width=\"512\" height=\"512\" src=\"https:\/\/www.orangehotel.be\/wp-content\/uploads\/2026\/02\/icon-earth.svg\" alt=\"\" class=\"wp-image-7293\" style=\"width:50px\"\/><\/figure>\n<\/div><\/div>\n\n\n\n<div class=\"wp-block-column is-layout-flow wp-block-column-is-layout-flow\">\n<h3 class=\"wp-block-heading has-button-primary-color has-text-color has-link-color has-text-bigger-font-size wp-elements-90f13a24d502175ee738bfeae53b8b77\">HUMAN AND RESPONSIBLE<\/h3>\n\n\n\n<p>Did you know that online booking platforms do not pay taxes and do not create jobs in most of the countries where they sell accommodation? Booking directly means adding value to your trip by acting responsibly!<\/p>\n<\/div>\n<\/div>\n<\/div><\/div>\n<\/div>\n<\/div>\n<\/div>\n<\/div><\/div>\n<\/div><\/div>\n","protected":false},"excerpt":{"rendered":"<p>Whether you&#8217;re a professional or an amateur, we know how to welcome you! Our team is ready to listen to all your requests and adapt to your events.<\/p>\n","protected":false},"author":10,"featured_media":0,"parent":6099,"menu_order":0,"comment_status":"closed","ping_status":"closed","template":"template-full-width.php","meta":{"_acf_changed":false,"inline_featured_image":false,"footnotes":""},"class_list":["post-6109","page","type-page","status-publish","hentry"],"acf":[],"yoast_head":"<!-- This site is optimized with the Yoast SEO plugin v27.3 - https:\/\/yoast.com\/product\/yoast-seo-wordpress\/ -->\n<title>Between sportspeople\u00a0 &#8226; Orange H\u00f4tel<\/title>\n<meta name=\"description\" content=\"Athletes like to stop at the Orange Hotel to meet up and relax during their tours. Our hotel welcomes sportspeople in the best possible way !\" \/>\n<meta name=\"robots\" content=\"index, follow, max-snippet:-1, max-image-preview:large, max-video-preview:-1\" \/>\n<link rel=\"canonical\" href=\"https:\/\/www.orangehotel.be\/en\/meet\/between-sportspeople\/\" \/>\n<meta property=\"og:locale\" content=\"en_US\" \/>\n<meta property=\"og:type\" content=\"article\" \/>\n<meta property=\"og:title\" content=\"Between sportspeople\u00a0 &#8226; Orange H\u00f4tel\" \/>\n<meta property=\"og:description\" content=\"Athletes like to stop at the Orange Hotel to meet up and relax during their tours. Our hotel welcomes sportspeople in the best possible way !\" \/>\n<meta property=\"og:url\" content=\"https:\/\/www.orangehotel.be\/en\/meet\/between-sportspeople\/\" \/>\n<meta property=\"og:site_name\" content=\"Orange H\u00f4tel\" \/>\n<meta property=\"article:modified_time\" content=\"2024-06-03T10:27:53+00:00\" \/>\n<meta property=\"og:image\" content=\"https:\/\/www.orangehotel.be\/wp-content\/uploads\/2022\/04\/thieu-centre-historique-cyclistes-1024x707.jpg\" \/>\n<meta name=\"twitter:card\" content=\"summary_large_image\" \/>\n<script type=\"application\/ld+json\" class=\"yoast-schema-graph\">{\"@context\":\"https:\\\/\\\/schema.org\",\"@graph\":[{\"@type\":\"WebPage\",\"@id\":\"https:\\\/\\\/www.orangehotel.be\\\/en\\\/meet\\\/between-sportspeople\\\/\",\"url\":\"https:\\\/\\\/www.orangehotel.be\\\/en\\\/meet\\\/between-sportspeople\\\/\",\"name\":\"Between sportspeople\u00a0 &#8226; Orange H\u00f4tel\",\"isPartOf\":{\"@id\":\"https:\\\/\\\/www.orangehotel.be\\\/en\\\/#website\"},\"primaryImageOfPage\":{\"@id\":\"https:\\\/\\\/www.orangehotel.be\\\/en\\\/meet\\\/between-sportspeople\\\/#primaryimage\"},\"image\":{\"@id\":\"https:\\\/\\\/www.orangehotel.be\\\/en\\\/meet\\\/between-sportspeople\\\/#primaryimage\"},\"thumbnailUrl\":\"https:\\\/\\\/www.orangehotel.be\\\/wp-content\\\/uploads\\\/2022\\\/04\\\/thieu-centre-historique-cyclistes-1024x707.jpg\",\"datePublished\":\"2024-05-28T13:07:49+00:00\",\"dateModified\":\"2024-06-03T10:27:53+00:00\",\"description\":\"Athletes like to stop at the Orange Hotel to meet up and relax during their tours. Our hotel welcomes sportspeople in the best possible way !\",\"breadcrumb\":{\"@id\":\"https:\\\/\\\/www.orangehotel.be\\\/en\\\/meet\\\/between-sportspeople\\\/#breadcrumb\"},\"inLanguage\":\"en-US\",\"potentialAction\":[{\"@type\":\"ReadAction\",\"target\":[\"https:\\\/\\\/www.orangehotel.be\\\/en\\\/meet\\\/between-sportspeople\\\/\"]}]},{\"@type\":\"ImageObject\",\"inLanguage\":\"en-US\",\"@id\":\"https:\\\/\\\/www.orangehotel.be\\\/en\\\/meet\\\/between-sportspeople\\\/#primaryimage\",\"url\":\"https:\\\/\\\/www.orangehotel.be\\\/wp-content\\\/uploads\\\/2022\\\/04\\\/thieu-centre-historique-cyclistes-1024x707.jpg\",\"contentUrl\":\"https:\\\/\\\/www.orangehotel.be\\\/wp-content\\\/uploads\\\/2022\\\/04\\\/thieu-centre-historique-cyclistes-1024x707.jpg\"},{\"@type\":\"BreadcrumbList\",\"@id\":\"https:\\\/\\\/www.orangehotel.be\\\/en\\\/meet\\\/between-sportspeople\\\/#breadcrumb\",\"itemListElement\":[{\"@type\":\"ListItem\",\"position\":1,\"name\":\"Accueil\",\"item\":\"https:\\\/\\\/www.orangehotel.be\\\/en\\\/\"},{\"@type\":\"ListItem\",\"position\":2,\"name\":\"Meet\",\"item\":\"https:\\\/\\\/www.orangehotel.be\\\/en\\\/meet\\\/\"},{\"@type\":\"ListItem\",\"position\":3,\"name\":\"Between sportspeople\u00a0\"}]},{\"@type\":\"WebSite\",\"@id\":\"https:\\\/\\\/www.orangehotel.be\\\/en\\\/#website\",\"url\":\"https:\\\/\\\/www.orangehotel.be\\\/en\\\/\",\"name\":\"Orange H\u00f4tel\",\"description\":\"Un h\u00f4tel B&amp;B entre La Louvi\u00e8re et Mons, proche de l&#039;A\u00e9roport de Charleroi\",\"publisher\":{\"@id\":\"https:\\\/\\\/www.orangehotel.be\\\/en\\\/#organization\"},\"potentialAction\":[{\"@type\":\"SearchAction\",\"target\":{\"@type\":\"EntryPoint\",\"urlTemplate\":\"https:\\\/\\\/www.orangehotel.be\\\/en\\\/?s={search_term_string}\"},\"query-input\":{\"@type\":\"PropertyValueSpecification\",\"valueRequired\":true,\"valueName\":\"search_term_string\"}}],\"inLanguage\":\"en-US\"},{\"@type\":\"Organization\",\"@id\":\"https:\\\/\\\/www.orangehotel.be\\\/en\\\/#organization\",\"name\":\"Orange H\u00f4tel\",\"url\":\"https:\\\/\\\/www.orangehotel.be\\\/en\\\/\",\"logo\":{\"@type\":\"ImageObject\",\"inLanguage\":\"en-US\",\"@id\":\"https:\\\/\\\/www.orangehotel.be\\\/en\\\/#\\\/schema\\\/logo\\\/image\\\/\",\"url\":\"https:\\\/\\\/orangehotel.be\\\/wp-content\\\/uploads\\\/2021\\\/11\\\/logo.png\",\"contentUrl\":\"https:\\\/\\\/orangehotel.be\\\/wp-content\\\/uploads\\\/2021\\\/11\\\/logo.png\",\"width\":213,\"height\":68,\"caption\":\"Orange H\u00f4tel\"},\"image\":{\"@id\":\"https:\\\/\\\/www.orangehotel.be\\\/en\\\/#\\\/schema\\\/logo\\\/image\\\/\"}}]}<\/script>\n<!-- \/ Yoast SEO plugin. -->","yoast_head_json":{"title":"Between sportspeople\u00a0 &#8226; Orange H\u00f4tel","description":"Athletes like to stop at the Orange Hotel to meet up and relax during their tours. Our hotel welcomes sportspeople in the best possible way !","robots":{"index":"index","follow":"follow","max-snippet":"max-snippet:-1","max-image-preview":"max-image-preview:large","max-video-preview":"max-video-preview:-1"},"canonical":"https:\/\/www.orangehotel.be\/en\/meet\/between-sportspeople\/","og_locale":"en_US","og_type":"article","og_title":"Between sportspeople\u00a0 &#8226; Orange H\u00f4tel","og_description":"Athletes like to stop at the Orange Hotel to meet up and relax during their tours. Our hotel welcomes sportspeople in the best possible way !","og_url":"https:\/\/www.orangehotel.be\/en\/meet\/between-sportspeople\/","og_site_name":"Orange H\u00f4tel","article_modified_time":"2024-06-03T10:27:53+00:00","og_image":[{"url":"https:\/\/www.orangehotel.be\/wp-content\/uploads\/2022\/04\/thieu-centre-historique-cyclistes-1024x707.jpg","type":"","width":"","height":""}],"twitter_card":"summary_large_image","schema":{"@context":"https:\/\/schema.org","@graph":[{"@type":"WebPage","@id":"https:\/\/www.orangehotel.be\/en\/meet\/between-sportspeople\/","url":"https:\/\/www.orangehotel.be\/en\/meet\/between-sportspeople\/","name":"Between sportspeople\u00a0 &#8226; Orange H\u00f4tel","isPartOf":{"@id":"https:\/\/www.orangehotel.be\/en\/#website"},"primaryImageOfPage":{"@id":"https:\/\/www.orangehotel.be\/en\/meet\/between-sportspeople\/#primaryimage"},"image":{"@id":"https:\/\/www.orangehotel.be\/en\/meet\/between-sportspeople\/#primaryimage"},"thumbnailUrl":"https:\/\/www.orangehotel.be\/wp-content\/uploads\/2022\/04\/thieu-centre-historique-cyclistes-1024x707.jpg","datePublished":"2024-05-28T13:07:49+00:00","dateModified":"2024-06-03T10:27:53+00:00","description":"Athletes like to stop at the Orange Hotel to meet up and relax during their tours. Our hotel welcomes sportspeople in the best possible way !","breadcrumb":{"@id":"https:\/\/www.orangehotel.be\/en\/meet\/between-sportspeople\/#breadcrumb"},"inLanguage":"en-US","potentialAction":[{"@type":"ReadAction","target":["https:\/\/www.orangehotel.be\/en\/meet\/between-sportspeople\/"]}]},{"@type":"ImageObject","inLanguage":"en-US","@id":"https:\/\/www.orangehotel.be\/en\/meet\/between-sportspeople\/#primaryimage","url":"https:\/\/www.orangehotel.be\/wp-content\/uploads\/2022\/04\/thieu-centre-historique-cyclistes-1024x707.jpg","contentUrl":"https:\/\/www.orangehotel.be\/wp-content\/uploads\/2022\/04\/thieu-centre-historique-cyclistes-1024x707.jpg"},{"@type":"BreadcrumbList","@id":"https:\/\/www.orangehotel.be\/en\/meet\/between-sportspeople\/#breadcrumb","itemListElement":[{"@type":"ListItem","position":1,"name":"Accueil","item":"https:\/\/www.orangehotel.be\/en\/"},{"@type":"ListItem","position":2,"name":"Meet","item":"https:\/\/www.orangehotel.be\/en\/meet\/"},{"@type":"ListItem","position":3,"name":"Between sportspeople\u00a0"}]},{"@type":"WebSite","@id":"https:\/\/www.orangehotel.be\/en\/#website","url":"https:\/\/www.orangehotel.be\/en\/","name":"Orange H\u00f4tel","description":"Un h\u00f4tel B&amp;B entre La Louvi\u00e8re et Mons, proche de l&#039;A\u00e9roport de Charleroi","publisher":{"@id":"https:\/\/www.orangehotel.be\/en\/#organization"},"potentialAction":[{"@type":"SearchAction","target":{"@type":"EntryPoint","urlTemplate":"https:\/\/www.orangehotel.be\/en\/?s={search_term_string}"},"query-input":{"@type":"PropertyValueSpecification","valueRequired":true,"valueName":"search_term_string"}}],"inLanguage":"en-US"},{"@type":"Organization","@id":"https:\/\/www.orangehotel.be\/en\/#organization","name":"Orange H\u00f4tel","url":"https:\/\/www.orangehotel.be\/en\/","logo":{"@type":"ImageObject","inLanguage":"en-US","@id":"https:\/\/www.orangehotel.be\/en\/#\/schema\/logo\/image\/","url":"https:\/\/orangehotel.be\/wp-content\/uploads\/2021\/11\/logo.png","contentUrl":"https:\/\/orangehotel.be\/wp-content\/uploads\/2021\/11\/logo.png","width":213,"height":68,"caption":"Orange H\u00f4tel"},"image":{"@id":"https:\/\/www.orangehotel.be\/en\/#\/schema\/logo\/image\/"}}]}},"_links":{"self":[{"href":"https:\/\/www.orangehotel.be\/en\/wp-json\/wp\/v2\/pages\/6109","targetHints":{"allow":["GET"]}}],"collection":[{"href":"https:\/\/www.orangehotel.be\/en\/wp-json\/wp\/v2\/pages"}],"about":[{"href":"https:\/\/www.orangehotel.be\/en\/wp-json\/wp\/v2\/types\/page"}],"author":[{"embeddable":true,"href":"https:\/\/www.orangehotel.be\/en\/wp-json\/wp\/v2\/users\/10"}],"replies":[{"embeddable":true,"href":"https:\/\/www.orangehotel.be\/en\/wp-json\/wp\/v2\/comments?post=6109"}],"version-history":[{"count":2,"href":"https:\/\/www.orangehotel.be\/en\/wp-json\/wp\/v2\/pages\/6109\/revisions"}],"predecessor-version":[{"id":6284,"href":"https:\/\/www.orangehotel.be\/en\/wp-json\/wp\/v2\/pages\/6109\/revisions\/6284"}],"up":[{"embeddable":true,"href":"https:\/\/www.orangehotel.be\/en\/wp-json\/wp\/v2\/pages\/6099"}],"wp:attachment":[{"href":"https:\/\/www.orangehotel.be\/en\/wp-json\/wp\/v2\/media?parent=6109"}],"curies":[{"name":"wp","href":"https:\/\/api.w.org\/{rel}","templated":true}]}}