{"id":5859,"date":"2022-03-14T17:42:48","date_gmt":"2022-03-14T16:42:48","guid":{"rendered":"https:\/\/www.orangehotel.be\/eet\/sur-le-pouce\/"},"modified":"2025-07-22T18:13:25","modified_gmt":"2025-07-22T16:13:25","slug":"snacking","status":"publish","type":"page","link":"https:\/\/www.orangehotel.be\/nl\/eet\/snacking\/","title":{"rendered":"SNACKING"},"content":{"rendered":"\n<div class=\"wp-block-columns is-layout-flex wp-container-core-columns-is-layout-9d6595d7 wp-block-columns-is-layout-flex\">\n<div class=\"wp-block-column is-vertically-aligned-center is-layout-flow wp-block-column-is-layout-flow\">\n<h3 class=\"wp-block-heading has-subheading-font-size\" id=\"dinner\">Encas<\/h3>\n\n\n\n<h2 class=\"wp-block-heading\" id=\"la-tablee-restaurant-nous-nous-occupons-de-vous\"><strong>\u201cOP EEN DUIM\u201d\u202f\u202f<\/strong><\/h2>\n\n\n\n<hr class=\"wp-block-separator has-text-color has-button-primary-color has-css-opacity has-button-primary-background-color has-background is-style-default\"\/>\n\n\n\n<p>Heb je trek tijdens je verblijf? Ontdek onze &#8220;uit het vuistje&#8221; gerechten en kom snel weer op krachten!<\/p>\n\n\n\n<p>De Express Snacking is 24\/7 beschikbaar om zelfs de meest spontane trek te bevredigen!<\/p>\n\n\n\n<p>Geniet van een heerlijk seizoensgerecht, een vitaminerijke soep en\/of een romig dessert bij het Orange Hotel. Het zal zeker je smaakpapillen prikkelen.<\/p>\n\n\n\n<p><a href=\"https:\/\/www.orangehotel.be\/wp-content\/uploads\/2025\/07\/EXPRESS-SNACKING-MENU.pdf\" target=\"_blank\" rel=\"noreferrer noopener\">Klik hier<\/a> om onze Express Snacking te ontdekken.<\/p>\n\n\n\n<p><\/p>\n<\/div>\n\n\n\n<div class=\"wp-block-column is-layout-flow wp-block-column-is-layout-flow\">\n<div class=\"wp-block-getwid-images-stack is-layout-zeta\"><div class=\"wp-block-getwid-images-stack__wrapper\"><div class=\"wp-block-getwid-images-stack__chunk\"><div class=\"wp-block-getwid-images-stack__media-wrapper\"><div class=\"wp-block-getwid-images-stack__media-inner-wrapper\"><img decoding=\"async\" width=\"1024\" height=\"691\" class=\"wp-block-getwid-images-stack__media wp-image-5797\" src=\"https:\/\/www.orangehotel.be\/wp-content\/uploads\/2024\/05\/snacken-brasserie-orange-hotel-1024x691.jpg\" alt=\"Snacken van de Orange Hotel brasserie\" data-id=\"5797\" data-link=\"https:\/\/www.orangehotel.be\/nl\/eet\/snacken-brasserie-orange-hotel\/\" srcset=\"https:\/\/www.orangehotel.be\/wp-content\/uploads\/2024\/05\/snacken-brasserie-orange-hotel-1024x691.jpg 1024w, https:\/\/www.orangehotel.be\/wp-content\/uploads\/2024\/05\/snacken-brasserie-orange-hotel-300x203.jpg 300w, https:\/\/www.orangehotel.be\/wp-content\/uploads\/2024\/05\/snacken-brasserie-orange-hotel-768x518.jpg 768w, https:\/\/www.orangehotel.be\/wp-content\/uploads\/2024\/05\/snacken-brasserie-orange-hotel-1536x1037.jpg 1536w, https:\/\/www.orangehotel.be\/wp-content\/uploads\/2024\/05\/snacken-brasserie-orange-hotel-1850x1249.jpg 1850w, https:\/\/www.orangehotel.be\/wp-content\/uploads\/2024\/05\/snacken-brasserie-orange-hotel.jpg 1920w\" sizes=\"(max-width: 1024px) 100vw, 1024px\" \/><\/div><\/div><div class=\"wp-block-getwid-images-stack__media-wrapper\"><div class=\"wp-block-getwid-images-stack__media-inner-wrapper\"><img decoding=\"async\" width=\"1019\" height=\"1024\" class=\"wp-block-getwid-images-stack__media wp-image-5862\" src=\"https:\/\/www.orangehotel.be\/wp-content\/uploads\/2024\/05\/heerlijke-maaltijd-orange-hotel-1019x1024.jpg\" alt=\"Heerlijke maaltijd\" data-id=\"5862\" data-link=\"https:\/\/www.orangehotel.be\/nl\/eet\/snacking\/heerlijke-maaltijd-orange-hotel\/\" srcset=\"https:\/\/www.orangehotel.be\/wp-content\/uploads\/2024\/05\/heerlijke-maaltijd-orange-hotel-1019x1024.jpg 1019w, https:\/\/www.orangehotel.be\/wp-content\/uploads\/2024\/05\/heerlijke-maaltijd-orange-hotel-300x300.jpg 300w, https:\/\/www.orangehotel.be\/wp-content\/uploads\/2024\/05\/heerlijke-maaltijd-orange-hotel-150x150.jpg 150w, https:\/\/www.orangehotel.be\/wp-content\/uploads\/2024\/05\/heerlijke-maaltijd-orange-hotel-768x772.jpg 768w, https:\/\/www.orangehotel.be\/wp-content\/uploads\/2024\/05\/heerlijke-maaltijd-orange-hotel.jpg 1529w\" sizes=\"(max-width: 1019px) 100vw, 1019px\" \/><\/div><\/div><div class=\"wp-block-getwid-images-stack__media-wrapper\"><div class=\"wp-block-getwid-images-stack__media-inner-wrapper\"><img decoding=\"async\" width=\"768\" height=\"1024\" class=\"wp-block-getwid-images-stack__media wp-image-5865\" src=\"https:\/\/www.orangehotel.be\/wp-content\/uploads\/2024\/05\/hotel-restaurant-centrale-regio-la-louviere-768x1024.jpg\" alt=\"Hotel restaurant in het centrale regio van La Louvi\u00e8re\" data-id=\"5865\" data-link=\"https:\/\/www.orangehotel.be\/nl\/eet\/snacking\/hotel-restaurant-centrale-regio-la-louviere\/\" srcset=\"https:\/\/www.orangehotel.be\/wp-content\/uploads\/2024\/05\/hotel-restaurant-centrale-regio-la-louviere-768x1024.jpg 768w, https:\/\/www.orangehotel.be\/wp-content\/uploads\/2024\/05\/hotel-restaurant-centrale-regio-la-louviere-225x300.jpg 225w, https:\/\/www.orangehotel.be\/wp-content\/uploads\/2024\/05\/hotel-restaurant-centrale-regio-la-louviere.jpg 1152w\" sizes=\"(max-width: 768px) 100vw, 768px\" \/><\/div><\/div><\/div><\/div><\/div>\n<\/div>\n<\/div>\n\n\n\n<p><\/p>\n\n\n\n<figure class=\"wp-block-gallery has-nested-images columns-default wp-block-gallery-1 is-layout-flex wp-block-gallery-is-layout-flex\">\n<figure class=\"wp-block-image size-large\"><img decoding=\"async\" width=\"1024\" height=\"683\" data-id=\"5869\" src=\"https:\/\/www.orangehotel.be\/wp-content\/uploads\/2024\/05\/tosti-snacking-1024x683.jpg\" alt=\"Tosti snacking bereid in het Orange Hotel\" class=\"wp-image-5869\" srcset=\"https:\/\/www.orangehotel.be\/wp-content\/uploads\/2024\/05\/tosti-snacking-1024x683.jpg 1024w, https:\/\/www.orangehotel.be\/wp-content\/uploads\/2024\/05\/tosti-snacking-300x200.jpg 300w, https:\/\/www.orangehotel.be\/wp-content\/uploads\/2024\/05\/tosti-snacking-768x512.jpg 768w, https:\/\/www.orangehotel.be\/wp-content\/uploads\/2024\/05\/tosti-snacking.jpg 1536w\" sizes=\"(max-width: 1024px) 100vw, 1024px\" \/><\/figure>\n\n\n\n<figure class=\"wp-block-image size-full\"><img decoding=\"async\" width=\"1024\" height=\"683\" data-id=\"5873\" src=\"https:\/\/www.orangehotel.be\/wp-content\/uploads\/2024\/05\/bolognese-pasta.png\" alt=\"Spaghetti bolognese\" class=\"wp-image-5873\" srcset=\"https:\/\/www.orangehotel.be\/wp-content\/uploads\/2024\/05\/bolognese-pasta.png 1024w, https:\/\/www.orangehotel.be\/wp-content\/uploads\/2024\/05\/bolognese-pasta-300x200.png 300w, https:\/\/www.orangehotel.be\/wp-content\/uploads\/2024\/05\/bolognese-pasta-768x512.png 768w\" sizes=\"(max-width: 1024px) 100vw, 1024px\" \/><\/figure>\n\n\n\n<figure class=\"wp-block-image size-full\"><img decoding=\"async\" width=\"1024\" height=\"683\" data-id=\"5876\" src=\"https:\/\/www.orangehotel.be\/wp-content\/uploads\/2024\/05\/aperitief-orange-hotel-la-louviere.png\" alt=\"Aperitief en kaasplankje\" class=\"wp-image-5876\" srcset=\"https:\/\/www.orangehotel.be\/wp-content\/uploads\/2024\/05\/aperitief-orange-hotel-la-louviere.png 1024w, https:\/\/www.orangehotel.be\/wp-content\/uploads\/2024\/05\/aperitief-orange-hotel-la-louviere-300x200.png 300w, https:\/\/www.orangehotel.be\/wp-content\/uploads\/2024\/05\/aperitief-orange-hotel-la-louviere-768x512.png 768w\" sizes=\"(max-width: 1024px) 100vw, 1024px\" \/><\/figure>\n<\/figure>\n\n\n\n<p><\/p>\n\n\n\t\t\t<div  class=\"oh-rounded p-3 wp-block-grimlock-section grimlock-section--btn-primary grimlock-section--reservatie grimlock-video-section--69e8848a4f230 region grimlock-region grimlock-region--mt-0 grimlock-region--mb-0 grimlock-region--pt-8 grimlock-region--pb-8 grimlock-region--12-cols-center region--12-cols-center grimlock-region--container-narrower region--container-narrower grimlock-section section \" style=\"background-image:url(https:\/\/www.orangehotel.be\/wp-content\/uploads\/2021\/10\/hero.jpg);background-repeat:no-repeat;background-position:center;background-size:cover;-webkit-background-size:cover;background-attachment:scroll;border-top-color:#eceeef;border-top-style:solid;border-top-width:0;border-bottom-color:#eceeef;border-bottom-style:solid;border-bottom-width:0;z-index:0;\"  data-property=\"{&quot;videoURL&quot;:&quot;&quot;,&quot;containment&quot;:&quot;.grimlock-video-section--69e8848a4f230.grimlock-section&quot;,&quot;ratio&quot;:&quot;auto&quot;,&quot;optimizeDisplay&quot;:true,&quot;autoPlay&quot;:true,&quot;mute&quot;:true,&quot;vol&quot;:&quot;0&quot;,&quot;startAt&quot;:0,&quot;opacity&quot;:1,&quot;gaTrack&quot;:false,&quot;showControls&quot;:false,&quot;showYTLogo&quot;:false,&quot;loop&quot;:true,&quot;remember_last_time&quot;:false,&quot;stopMovieOnBlur&quot;:false}\">\n\t\t\t<div class=\"region__inner\" style=\"padding-top:8%;padding-bottom:8%;background-color:rgba(0, 0, 0, 0.92);\">\n\t\t\t\t<div class=\"region__container\">\n\t\t\t\t\t<div class=\"region__row\">\n\t\t\t\t\t\t<div class=\"region__col region__col--1\" >\n\t\t\t\t\t\t\t<div class=\"grimlock-reveal-element grimlock-reveal-element--thumbnail\" >\n\t\t\t\t\t\t\t\t\t\t\t\t\t\t\t<\/div>\n\t\t\t\t\t\t<\/div><!-- .region__col -->\n\t\t\t\t\t\t<div class=\"region__col region__col--2\" >\n\t\t\t\t\t\t\t<div class=\"grimlock-reveal-element grimlock-reveal-element--content\" >\n\t\t\t\t\t\t\t\t\t        <div class=\"grimlock-section__header section__header\">\n\t\t\t\t\n            <h2 class=\"grimlock-section__title section__title grimlock-display-1 display-1\" >\n\t\t\t\tReservatie            <\/h2>\n\t\t\t\t\t\t\t<h3 class=\"grimlock-section__subtitle section__subtitle grimlock-lead lead\" >\n\t\t\t\t\tBoek nu uw verblijf\t\t\t\t<\/h3>\n\t\t\t\t        <\/div><!-- .section__header -->\n\t\t\t\t        <div class=\"grimlock-section__footer section__footer\">\n\t            \n            <a href=\"https:\/\/booking.roomraccoon.com\/orangehotel\/fr\/\" class=\"grimlock-section__btn grimlock-section__btn--1 section__btn btn grimlock-btn-primary btn-primary\" target=\"_blank\">\n\t            Boek uw verblijf            <\/a>\n\t\t\t\t            \t        <\/div><!-- .section__footer -->\n\t\t\t\t\t\t\t\t\t\t<\/div>\n\t\t\t\t\t\t<\/div><!-- .region__col -->\n\t\t\t\t\t<\/div><!-- .region__row -->\n\t\t\t\t<\/div><!-- .region__container -->\n\t\t\t<\/div><!-- .region__inner -->\n\t\t\t<\/div><!-- .grimlock-section -->\n\t\t","protected":false},"excerpt":{"rendered":"<p>Heb je trek? Ons menu is precies wat je nodig hebt! Of het nu &#8217;s middags of &#8217;s nachts is, je zult heerlijk voldaan zijn! <\/p>\n","protected":false},"author":3,"featured_media":0,"parent":5786,"menu_order":12,"comment_status":"closed","ping_status":"closed","template":"template-full-width.php","meta":{"_acf_changed":false,"inline_featured_image":false,"footnotes":""},"class_list":["post-5859","page","type-page","status-publish","hentry"],"acf":[],"yoast_head":"<!-- This site is optimized with the Yoast SEO plugin v27.3 - https:\/\/yoast.com\/product\/yoast-seo-wordpress\/ -->\n<title>Snacking en verse selectie in het Orange Hotel: een beetje trek? | Orange<\/title>\n<meta name=\"description\" content=\"Croque monsieur, vitaminerijke moestuin, romig dessert... Ontdek onze \u201con-the-go\u201d gerechten en ga weer aan de slag!\" \/>\n<meta name=\"robots\" content=\"index, follow, max-snippet:-1, max-image-preview:large, max-video-preview:-1\" \/>\n<link rel=\"canonical\" href=\"https:\/\/www.orangehotel.be\/nl\/eet\/snacking\/\" \/>\n<meta property=\"og:locale\" content=\"nl_NL\" \/>\n<meta property=\"og:type\" content=\"article\" \/>\n<meta property=\"og:title\" content=\"Snacking en verse selectie in het Orange Hotel: een beetje trek? | Orange\" \/>\n<meta property=\"og:description\" content=\"Croque monsieur, vitaminerijke moestuin, romig dessert... Ontdek onze \u201con-the-go\u201d gerechten en ga weer aan de slag!\" \/>\n<meta property=\"og:url\" content=\"https:\/\/www.orangehotel.be\/nl\/eet\/snacking\/\" \/>\n<meta property=\"og:site_name\" content=\"Orange H\u00f4tel\" \/>\n<meta property=\"article:modified_time\" content=\"2025-07-22T16:13:25+00:00\" \/>\n<meta property=\"og:image\" content=\"https:\/\/www.orangehotel.be\/wp-content\/uploads\/2024\/05\/snacken-brasserie-orange-hotel.jpg\" \/>\n\t<meta property=\"og:image:width\" content=\"1920\" \/>\n\t<meta property=\"og:image:height\" content=\"1296\" \/>\n\t<meta property=\"og:image:type\" content=\"image\/jpeg\" \/>\n<meta name=\"twitter:card\" content=\"summary_large_image\" \/>\n<script type=\"application\/ld+json\" class=\"yoast-schema-graph\">{\"@context\":\"https:\\\/\\\/schema.org\",\"@graph\":[{\"@type\":\"WebPage\",\"@id\":\"https:\\\/\\\/www.orangehotel.be\\\/nl\\\/eet\\\/snacking\\\/\",\"url\":\"https:\\\/\\\/www.orangehotel.be\\\/nl\\\/eet\\\/snacking\\\/\",\"name\":\"Snacking en verse selectie in het Orange Hotel: een beetje trek? | Orange\",\"isPartOf\":{\"@id\":\"https:\\\/\\\/www.orangehotel.be\\\/nl\\\/#website\"},\"primaryImageOfPage\":{\"@id\":\"https:\\\/\\\/www.orangehotel.be\\\/nl\\\/eet\\\/snacking\\\/#primaryimage\"},\"image\":{\"@id\":\"https:\\\/\\\/www.orangehotel.be\\\/nl\\\/eet\\\/snacking\\\/#primaryimage\"},\"thumbnailUrl\":\"https:\\\/\\\/www.orangehotel.be\\\/wp-content\\\/uploads\\\/2024\\\/05\\\/snacken-brasserie-orange-hotel-1024x691.jpg\",\"datePublished\":\"2022-03-14T16:42:48+00:00\",\"dateModified\":\"2025-07-22T16:13:25+00:00\",\"description\":\"Croque monsieur, vitaminerijke moestuin, romig dessert... Ontdek onze \u201con-the-go\u201d gerechten en ga weer aan de slag!\",\"breadcrumb\":{\"@id\":\"https:\\\/\\\/www.orangehotel.be\\\/nl\\\/eet\\\/snacking\\\/#breadcrumb\"},\"inLanguage\":\"nl-NL\",\"potentialAction\":[{\"@type\":\"ReadAction\",\"target\":[\"https:\\\/\\\/www.orangehotel.be\\\/nl\\\/eet\\\/snacking\\\/\"]}]},{\"@type\":\"ImageObject\",\"inLanguage\":\"nl-NL\",\"@id\":\"https:\\\/\\\/www.orangehotel.be\\\/nl\\\/eet\\\/snacking\\\/#primaryimage\",\"url\":\"https:\\\/\\\/www.orangehotel.be\\\/wp-content\\\/uploads\\\/2024\\\/05\\\/snacken-brasserie-orange-hotel-1024x691.jpg\",\"contentUrl\":\"https:\\\/\\\/www.orangehotel.be\\\/wp-content\\\/uploads\\\/2024\\\/05\\\/snacken-brasserie-orange-hotel-1024x691.jpg\"},{\"@type\":\"BreadcrumbList\",\"@id\":\"https:\\\/\\\/www.orangehotel.be\\\/nl\\\/eet\\\/snacking\\\/#breadcrumb\",\"itemListElement\":[{\"@type\":\"ListItem\",\"position\":1,\"name\":\"Accueil\",\"item\":\"https:\\\/\\\/www.orangehotel.be\\\/nl\\\/\"},{\"@type\":\"ListItem\",\"position\":2,\"name\":\"EET\",\"item\":\"https:\\\/\\\/www.orangehotel.be\\\/nl\\\/eet\\\/\"},{\"@type\":\"ListItem\",\"position\":3,\"name\":\"SNACKING\"}]},{\"@type\":\"WebSite\",\"@id\":\"https:\\\/\\\/www.orangehotel.be\\\/nl\\\/#website\",\"url\":\"https:\\\/\\\/www.orangehotel.be\\\/nl\\\/\",\"name\":\"Orange H\u00f4tel\",\"description\":\"Un h\u00f4tel B&amp;B entre La Louvi\u00e8re et Mons, proche de l&#039;A\u00e9roport de Charleroi\",\"publisher\":{\"@id\":\"https:\\\/\\\/www.orangehotel.be\\\/nl\\\/#organization\"},\"potentialAction\":[{\"@type\":\"SearchAction\",\"target\":{\"@type\":\"EntryPoint\",\"urlTemplate\":\"https:\\\/\\\/www.orangehotel.be\\\/nl\\\/?s={search_term_string}\"},\"query-input\":{\"@type\":\"PropertyValueSpecification\",\"valueRequired\":true,\"valueName\":\"search_term_string\"}}],\"inLanguage\":\"nl-NL\"},{\"@type\":\"Organization\",\"@id\":\"https:\\\/\\\/www.orangehotel.be\\\/nl\\\/#organization\",\"name\":\"Orange H\u00f4tel\",\"url\":\"https:\\\/\\\/www.orangehotel.be\\\/nl\\\/\",\"logo\":{\"@type\":\"ImageObject\",\"inLanguage\":\"nl-NL\",\"@id\":\"https:\\\/\\\/www.orangehotel.be\\\/nl\\\/#\\\/schema\\\/logo\\\/image\\\/\",\"url\":\"https:\\\/\\\/orangehotel.be\\\/wp-content\\\/uploads\\\/2021\\\/11\\\/logo.png\",\"contentUrl\":\"https:\\\/\\\/orangehotel.be\\\/wp-content\\\/uploads\\\/2021\\\/11\\\/logo.png\",\"width\":213,\"height\":68,\"caption\":\"Orange H\u00f4tel\"},\"image\":{\"@id\":\"https:\\\/\\\/www.orangehotel.be\\\/nl\\\/#\\\/schema\\\/logo\\\/image\\\/\"}}]}<\/script>\n<!-- \/ Yoast SEO plugin. -->","yoast_head_json":{"title":"Snacking en verse selectie in het Orange Hotel: een beetje trek? | Orange","description":"Croque monsieur, vitaminerijke moestuin, romig dessert... Ontdek onze \u201con-the-go\u201d gerechten en ga weer aan de slag!","robots":{"index":"index","follow":"follow","max-snippet":"max-snippet:-1","max-image-preview":"max-image-preview:large","max-video-preview":"max-video-preview:-1"},"canonical":"https:\/\/www.orangehotel.be\/nl\/eet\/snacking\/","og_locale":"nl_NL","og_type":"article","og_title":"Snacking en verse selectie in het Orange Hotel: een beetje trek? | Orange","og_description":"Croque monsieur, vitaminerijke moestuin, romig dessert... Ontdek onze \u201con-the-go\u201d gerechten en ga weer aan de slag!","og_url":"https:\/\/www.orangehotel.be\/nl\/eet\/snacking\/","og_site_name":"Orange H\u00f4tel","article_modified_time":"2025-07-22T16:13:25+00:00","og_image":[{"width":1920,"height":1296,"url":"https:\/\/www.orangehotel.be\/wp-content\/uploads\/2024\/05\/snacken-brasserie-orange-hotel.jpg","type":"image\/jpeg"}],"twitter_card":"summary_large_image","schema":{"@context":"https:\/\/schema.org","@graph":[{"@type":"WebPage","@id":"https:\/\/www.orangehotel.be\/nl\/eet\/snacking\/","url":"https:\/\/www.orangehotel.be\/nl\/eet\/snacking\/","name":"Snacking en verse selectie in het Orange Hotel: een beetje trek? | Orange","isPartOf":{"@id":"https:\/\/www.orangehotel.be\/nl\/#website"},"primaryImageOfPage":{"@id":"https:\/\/www.orangehotel.be\/nl\/eet\/snacking\/#primaryimage"},"image":{"@id":"https:\/\/www.orangehotel.be\/nl\/eet\/snacking\/#primaryimage"},"thumbnailUrl":"https:\/\/www.orangehotel.be\/wp-content\/uploads\/2024\/05\/snacken-brasserie-orange-hotel-1024x691.jpg","datePublished":"2022-03-14T16:42:48+00:00","dateModified":"2025-07-22T16:13:25+00:00","description":"Croque monsieur, vitaminerijke moestuin, romig dessert... Ontdek onze \u201con-the-go\u201d gerechten en ga weer aan de slag!","breadcrumb":{"@id":"https:\/\/www.orangehotel.be\/nl\/eet\/snacking\/#breadcrumb"},"inLanguage":"nl-NL","potentialAction":[{"@type":"ReadAction","target":["https:\/\/www.orangehotel.be\/nl\/eet\/snacking\/"]}]},{"@type":"ImageObject","inLanguage":"nl-NL","@id":"https:\/\/www.orangehotel.be\/nl\/eet\/snacking\/#primaryimage","url":"https:\/\/www.orangehotel.be\/wp-content\/uploads\/2024\/05\/snacken-brasserie-orange-hotel-1024x691.jpg","contentUrl":"https:\/\/www.orangehotel.be\/wp-content\/uploads\/2024\/05\/snacken-brasserie-orange-hotel-1024x691.jpg"},{"@type":"BreadcrumbList","@id":"https:\/\/www.orangehotel.be\/nl\/eet\/snacking\/#breadcrumb","itemListElement":[{"@type":"ListItem","position":1,"name":"Accueil","item":"https:\/\/www.orangehotel.be\/nl\/"},{"@type":"ListItem","position":2,"name":"EET","item":"https:\/\/www.orangehotel.be\/nl\/eet\/"},{"@type":"ListItem","position":3,"name":"SNACKING"}]},{"@type":"WebSite","@id":"https:\/\/www.orangehotel.be\/nl\/#website","url":"https:\/\/www.orangehotel.be\/nl\/","name":"Orange H\u00f4tel","description":"Un h\u00f4tel B&amp;B entre La Louvi\u00e8re et Mons, proche de l&#039;A\u00e9roport de Charleroi","publisher":{"@id":"https:\/\/www.orangehotel.be\/nl\/#organization"},"potentialAction":[{"@type":"SearchAction","target":{"@type":"EntryPoint","urlTemplate":"https:\/\/www.orangehotel.be\/nl\/?s={search_term_string}"},"query-input":{"@type":"PropertyValueSpecification","valueRequired":true,"valueName":"search_term_string"}}],"inLanguage":"nl-NL"},{"@type":"Organization","@id":"https:\/\/www.orangehotel.be\/nl\/#organization","name":"Orange H\u00f4tel","url":"https:\/\/www.orangehotel.be\/nl\/","logo":{"@type":"ImageObject","inLanguage":"nl-NL","@id":"https:\/\/www.orangehotel.be\/nl\/#\/schema\/logo\/image\/","url":"https:\/\/orangehotel.be\/wp-content\/uploads\/2021\/11\/logo.png","contentUrl":"https:\/\/orangehotel.be\/wp-content\/uploads\/2021\/11\/logo.png","width":213,"height":68,"caption":"Orange H\u00f4tel"},"image":{"@id":"https:\/\/www.orangehotel.be\/nl\/#\/schema\/logo\/image\/"}}]}},"_links":{"self":[{"href":"https:\/\/www.orangehotel.be\/nl\/wp-json\/wp\/v2\/pages\/5859","targetHints":{"allow":["GET"]}}],"collection":[{"href":"https:\/\/www.orangehotel.be\/nl\/wp-json\/wp\/v2\/pages"}],"about":[{"href":"https:\/\/www.orangehotel.be\/nl\/wp-json\/wp\/v2\/types\/page"}],"author":[{"embeddable":true,"href":"https:\/\/www.orangehotel.be\/nl\/wp-json\/wp\/v2\/users\/3"}],"replies":[{"embeddable":true,"href":"https:\/\/www.orangehotel.be\/nl\/wp-json\/wp\/v2\/comments?post=5859"}],"version-history":[{"count":6,"href":"https:\/\/www.orangehotel.be\/nl\/wp-json\/wp\/v2\/pages\/5859\/revisions"}],"predecessor-version":[{"id":7082,"href":"https:\/\/www.orangehotel.be\/nl\/wp-json\/wp\/v2\/pages\/5859\/revisions\/7082"}],"up":[{"embeddable":true,"href":"https:\/\/www.orangehotel.be\/nl\/wp-json\/wp\/v2\/pages\/5786"}],"wp:attachment":[{"href":"https:\/\/www.orangehotel.be\/nl\/wp-json\/wp\/v2\/media?parent=5859"}],"curies":[{"name":"wp","href":"https:\/\/api.w.org\/{rel}","templated":true}]}}