{"id":5994,"date":"2022-02-23T15:34:04","date_gmt":"2022-02-23T14:34:04","guid":{"rendered":"https:\/\/www.orangehotel.be\/vergader\/entre-amis\/"},"modified":"2026-02-26T15:50:17","modified_gmt":"2026-02-26T14:50:17","slug":"met-vrienden","status":"publish","type":"page","link":"https:\/\/www.orangehotel.be\/nl\/vergader\/met-vrienden\/","title":{"rendered":"MET VRIENDEN"},"content":{"rendered":"\n<div class=\"wp-block-columns is-layout-flex wp-container-core-columns-is-layout-9d6595d7 wp-block-columns-is-layout-flex\">\n<div class=\"wp-block-column is-vertically-aligned-center is-layout-flow wp-block-column-is-layout-flow\">\n<hr class=\"wp-block-separator has-text-color has-button-primary-color has-css-opacity has-button-primary-background-color has-background is-style-default\"\/>\n\n\n\n<p>Wil je een moment met vrienden delen? Dan ben je bij ons aan het juiste adres!<\/p>\n\n\n\n<p>Dankzij onze infrastructuur kan je in onze bar samenkomen en een smakelijke reis maken naar alle uithoeken van het land, dankzij onze heerlijke lokale en regionale bieren.<\/p>\n\n\n\n<p>Verblijf in het Orange Hotel door onze accommodatie te boeken, die ideaal is voor vrienden.<\/p>\n\n\n\n<p><\/p>\n\n\n\n<p>Hoe zit het met het cre\u00ebren van meer memorabele momenten tijdens een goede maaltijd? Ons restaurant maakt daar graag deel van uit en biedt je smakelijke gerechten.<\/p>\n\n\n\n<p>Wacht niet langer en profiteer van onze speciale aanbiedingen om samen met vrienden te komen !<\/p>\n<\/div>\n\n\n\n<div class=\"wp-block-column is-layout-flow wp-block-column-is-layout-flow\">\n<div class=\"wp-block-getwid-images-stack is-layout-zeta\"><div class=\"wp-block-getwid-images-stack__wrapper\"><div class=\"wp-block-getwid-images-stack__chunk\"><div class=\"wp-block-getwid-images-stack__media-wrapper\"><div class=\"wp-block-getwid-images-stack__media-inner-wrapper\"><img decoding=\"async\" width=\"1024\" height=\"1024\" class=\"wp-block-getwid-images-stack__media wp-image-5913\" src=\"https:\/\/www.orangehotel.be\/wp-content\/uploads\/2024\/05\/belgisch-bier-saint-feuillien-1024x1024.png\" alt=\"Belgisch bier Saint Feuillien\" data-id=\"5913\" data-link=\"https:\/\/www.orangehotel.be\/nl\/ontspan\/bar\/belgisch-bier-saint-feuillien\/\" srcset=\"https:\/\/www.orangehotel.be\/wp-content\/uploads\/2024\/05\/belgisch-bier-saint-feuillien-1024x1024.png 1024w, https:\/\/www.orangehotel.be\/wp-content\/uploads\/2024\/05\/belgisch-bier-saint-feuillien-300x300.png 300w, https:\/\/www.orangehotel.be\/wp-content\/uploads\/2024\/05\/belgisch-bier-saint-feuillien-150x150.png 150w, https:\/\/www.orangehotel.be\/wp-content\/uploads\/2024\/05\/belgisch-bier-saint-feuillien-768x768.png 768w, https:\/\/www.orangehotel.be\/wp-content\/uploads\/2024\/05\/belgisch-bier-saint-feuillien.png 1080w\" sizes=\"(max-width: 1024px) 100vw, 1024px\" \/><\/div><\/div><div class=\"wp-block-getwid-images-stack__media-wrapper\"><div class=\"wp-block-getwid-images-stack__media-inner-wrapper\"><img decoding=\"async\" width=\"800\" height=\"533\" class=\"wp-block-getwid-images-stack__media wp-image-5978\" src=\"https:\/\/www.orangehotel.be\/wp-content\/uploads\/2024\/05\/verblijf-met-vrienden.png\" data-id=\"5978\" data-link=\"https:\/\/www.orangehotel.be\/nl\/vergader\/verblijf-met-vrienden\/\" srcset=\"https:\/\/www.orangehotel.be\/wp-content\/uploads\/2024\/05\/verblijf-met-vrienden.png 800w, https:\/\/www.orangehotel.be\/wp-content\/uploads\/2024\/05\/verblijf-met-vrienden-300x200.png 300w, https:\/\/www.orangehotel.be\/wp-content\/uploads\/2024\/05\/verblijf-met-vrienden-768x512.png 768w\" sizes=\"(max-width: 800px) 100vw, 800px\" \/><\/div><\/div><div class=\"wp-block-getwid-images-stack__media-wrapper\"><div class=\"wp-block-getwid-images-stack__media-inner-wrapper\"><img decoding=\"async\" width=\"1024\" height=\"683\" class=\"wp-block-getwid-images-stack__media wp-image-5999\" src=\"https:\/\/www.orangehotel.be\/wp-content\/uploads\/2024\/05\/orange-hotel-vrienden-1024x683.jpg\" alt=\"Orange Hotel met vrienden \" data-id=\"5999\" data-link=\"https:\/\/www.orangehotel.be\/nl\/vergader\/met-vrienden\/default-3\/\" srcset=\"https:\/\/www.orangehotel.be\/wp-content\/uploads\/2024\/05\/orange-hotel-vrienden-1024x683.jpg 1024w, https:\/\/www.orangehotel.be\/wp-content\/uploads\/2024\/05\/orange-hotel-vrienden-300x200.jpg 300w, https:\/\/www.orangehotel.be\/wp-content\/uploads\/2024\/05\/orange-hotel-vrienden-768x512.jpg 768w, https:\/\/www.orangehotel.be\/wp-content\/uploads\/2024\/05\/orange-hotel-vrienden.jpg 1536w\" sizes=\"(max-width: 1024px) 100vw, 1024px\" \/><\/div><\/div><\/div><\/div><\/div>\n<\/div>\n<\/div>\n\n\n\n<p><\/p>\n\n\n\n<figure class=\"wp-block-gallery has-nested-images columns-default is-cropped wp-block-gallery-1 is-layout-flex wp-block-gallery-is-layout-flex\">\n<figure class=\"wp-block-image size-large\"><img decoding=\"async\" width=\"1024\" height=\"683\" data-id=\"5957\" src=\"https:\/\/www.orangehotel.be\/wp-content\/uploads\/2024\/05\/bootliften-1024x683.jpg\" alt=\"Bootliften\" class=\"wp-image-5957\" srcset=\"https:\/\/www.orangehotel.be\/wp-content\/uploads\/2024\/05\/bootliften-1024x683.jpg 1024w, https:\/\/www.orangehotel.be\/wp-content\/uploads\/2024\/05\/bootliften-300x200.jpg 300w, https:\/\/www.orangehotel.be\/wp-content\/uploads\/2024\/05\/bootliften-768x512.jpg 768w, https:\/\/www.orangehotel.be\/wp-content\/uploads\/2024\/05\/bootliften.jpg 1536w\" sizes=\"(max-width: 1024px) 100vw, 1024px\" \/><\/figure>\n\n\n\n<figure class=\"wp-block-image size-large\"><img decoding=\"async\" width=\"1024\" height=\"683\" data-id=\"5961\" src=\"https:\/\/www.orangehotel.be\/wp-content\/uploads\/2024\/05\/natuurreservaat-van-de-vijvers-van-strepy-1024x683.jpg\" alt=\"Natuurreservaat van de Vijvers van Str\u00e9py\" class=\"wp-image-5961\" srcset=\"https:\/\/www.orangehotel.be\/wp-content\/uploads\/2024\/05\/natuurreservaat-van-de-vijvers-van-strepy-1024x683.jpg 1024w, https:\/\/www.orangehotel.be\/wp-content\/uploads\/2024\/05\/natuurreservaat-van-de-vijvers-van-strepy-300x200.jpg 300w, https:\/\/www.orangehotel.be\/wp-content\/uploads\/2024\/05\/natuurreservaat-van-de-vijvers-van-strepy-768x512.jpg 768w, https:\/\/www.orangehotel.be\/wp-content\/uploads\/2024\/05\/natuurreservaat-van-de-vijvers-van-strepy.jpg 1536w\" sizes=\"(max-width: 1024px) 100vw, 1024px\" \/><\/figure>\n\n\n\n<figure class=\"wp-block-image size-large\"><img decoding=\"async\" width=\"1024\" height=\"683\" data-id=\"5964\" src=\"https:\/\/www.orangehotel.be\/wp-content\/uploads\/2024\/05\/vijver-in-mariemont-park-1024x683.jpg\" alt=\"Vijver in Mariemont Park\" class=\"wp-image-5964\" srcset=\"https:\/\/www.orangehotel.be\/wp-content\/uploads\/2024\/05\/vijver-in-mariemont-park-1024x683.jpg 1024w, https:\/\/www.orangehotel.be\/wp-content\/uploads\/2024\/05\/vijver-in-mariemont-park-300x200.jpg 300w, https:\/\/www.orangehotel.be\/wp-content\/uploads\/2024\/05\/vijver-in-mariemont-park-768x512.jpg 768w, https:\/\/www.orangehotel.be\/wp-content\/uploads\/2024\/05\/vijver-in-mariemont-park.jpg 1536w\" sizes=\"(max-width: 1024px) 100vw, 1024px\" \/><\/figure>\n<\/figure>\n\n\n\n<div class=\"wp-block-group enhanced-book-section has-display-heading-color has-text-color has-background has-link-color wp-elements-a153c9a9a374cf8f0377462cb8fd1bcd\" style=\"background-color:#000000\"><div class=\"wp-block-group__inner-container is-layout-constrained wp-block-group-is-layout-constrained\">\n<div class=\"wp-block-group enhanced-book-section-background has-background\" style=\"background-color:#000000eb\"><div class=\"wp-block-group__inner-container is-layout-constrained wp-block-group-is-layout-constrained\">\n<div class=\"wp-block-columns is-layout-flex wp-container-core-columns-is-layout-9d6595d7 wp-block-columns-is-layout-flex\">\n<div class=\"wp-block-column is-vertically-aligned-center is-layout-flow wp-block-column-is-layout-flow\" style=\"flex-basis:40%\">\n<h2 class=\"wp-block-heading has-text-align-center has-h-1-font-size\">Reservatie<\/h2>\n\n\n\n<h4 class=\"wp-block-heading has-text-align-center has-button-primary-color has-text-color has-link-color wp-elements-54fae346ff1fd69477f588b6f7cf656c\">Boek nu uw verblijf<\/h4>\n\n\n\n<div style=\"height:2rem\" aria-hidden=\"true\" class=\"wp-block-spacer\"><\/div>\n\n\n\n<div class=\"RoomRaccoon-BookingEngine RoomRaccoon-BookingEngine--availability-widget\">\n\t\t\t\t\t\t\t<div class=\"availability-widget\">\n\t\t\t\t\t\t\t<span class=\"availability-widget-date availability-widget-date--from\">\n\tVan: <input id=\"startDate-fr\" name=\"dateStart\" type=\"date\" value=\"\">\n\t<\/span>\n\t<span class=\"availability-widget-date\">\n\tTot: <input id=\"endDate-fr\" name=\"dateEnd\" type=\"date\" value=\"\">\n\t<\/span><\/div><script>\n\t\tvar date = new Date();\n\t\tvar formatFixMonth, formatFixDay;\n\t\tif( date.getMonth() < 9 ){ formatFixMonth = 0; }else{ formatFixMonth = \"\"; }\n\t\tif( date.getDate() < 9 ){ formatFixDay = 0; }else{ formatFixDay = \"\"; }\n\t\tvar today = date.getFullYear() + \"-\" + formatFixMonth + (date.getMonth()+1) + \"-\" + formatFixDay + date.getDate();\n\n\t\tdate.setDate(date.getDate()+1);\n\t\tif( date.getMonth() < 9 ){ formatFixMonth = 0; }else{ formatFixMonth = \"\"; }\n\t\tif( date.getDate() < 9 ){ formatFixDay = 0; }else{ formatFixDay = \"\"; }\n\t\tvar tomorrow = date.getFullYear() + \"-\" + formatFixMonth + (date.getMonth()+1) + \"-\" + formatFixDay + date.getDate();\n\n\t\tdocument.getElementById(\"startDate-fr\").value = today;\n\t\tdocument.getElementById(\"endDate-fr\").value = tomorrow;\n\t<\/script>\n\t<a target=\"_blank\" class=\"RoomRaccoonButton2 RoomRaccoonButton2-fr\" onclick='href=\"https:\\\/\\\/booking.roomraccoon.com\\\/orangehotel\\\/nl\\\/?dateStart=\"+document.getElementById(\"startDate-fr\").value+\"&#038;dateEnd=\"+document.getElementById(\"endDate-fr\").value+\"\";'>Check beschikbaarheid<\/a>\n\t<\/div>\n<\/div>\n\n\n\n<div class=\"wp-block-column is-layout-flow wp-block-column-is-layout-flow\">\n<div class=\"wp-block-group cards-style is-layout-grid wp-container-core-group-is-layout-8d2db683 wp-block-group-is-layout-grid\">\n<div class=\"wp-block-group\"><div class=\"wp-block-group__inner-container is-layout-constrained wp-block-group-is-layout-constrained\">\n<div class=\"wp-block-columns is-layout-flex wp-container-core-columns-is-layout-9d6595d7 wp-block-columns-is-layout-flex\">\n<div class=\"wp-block-column is-vertically-aligned-center is-layout-flow wp-block-column-is-layout-flow\" style=\"flex-basis:5rem\"><div class=\"wp-block-image\">\n<figure class=\"aligncenter size-large is-resized\"><img decoding=\"async\" width=\"512\" height=\"512\" src=\"https:\/\/www.orangehotel.be\/wp-content\/uploads\/2026\/02\/icon-money.svg\" alt=\"\" class=\"wp-image-7290\" style=\"width:50px\"\/><\/figure>\n<\/div><\/div>\n\n\n\n<div class=\"wp-block-column is-layout-flow wp-block-column-is-layout-flow\">\n<h3 class=\"wp-block-heading has-button-primary-color has-text-color has-link-color has-text-bigger-font-size wp-elements-d0f3f711599212db5a6a548ff30bed13\">BESTE PRIJZEN GEGARANDEERD<\/h3>\n\n\n\n<p>Geen extra kosten of verborgen commissies. Onze beste aanbiedingen worden rechtstreeks aangeboden!<\/p>\n<\/div>\n<\/div>\n<\/div><\/div>\n\n\n\n<div class=\"wp-block-group\"><div class=\"wp-block-group__inner-container is-layout-constrained wp-block-group-is-layout-constrained\">\n<div class=\"wp-block-columns is-layout-flex wp-container-core-columns-is-layout-9d6595d7 wp-block-columns-is-layout-flex\">\n<div class=\"wp-block-column is-vertically-aligned-center is-layout-flow wp-block-column-is-layout-flow\" style=\"flex-basis:5rem\"><div class=\"wp-block-image\">\n<figure class=\"aligncenter size-large is-resized\"><img decoding=\"async\" width=\"512\" height=\"512\" src=\"https:\/\/www.orangehotel.be\/wp-content\/uploads\/2026\/02\/icon-talk.svg\" alt=\"\" class=\"wp-image-7291\" style=\"width:50px\"\/><\/figure>\n<\/div><\/div>\n\n\n\n<div class=\"wp-block-column is-layout-flow wp-block-column-is-layout-flow\">\n<h3 class=\"wp-block-heading has-button-primary-color has-text-color has-link-color has-text-bigger-font-size wp-elements-956c858b44336c99cc38b793d906f06a\">AANDACHT VOOR UW BEHOEFTEN<\/h3>\n\n\n\n<p>Wij begeleiden u bij alle stappen van het reserveringsproces om zo goed mogelijk aan uw wensen te voldoen!<\/p>\n<\/div>\n<\/div>\n<\/div><\/div>\n\n\n\n<div class=\"wp-block-group\"><div class=\"wp-block-group__inner-container is-layout-constrained wp-block-group-is-layout-constrained\">\n<div class=\"wp-block-columns is-layout-flex wp-container-core-columns-is-layout-9d6595d7 wp-block-columns-is-layout-flex\">\n<div class=\"wp-block-column is-vertically-aligned-center is-layout-flow wp-block-column-is-layout-flow\" style=\"flex-basis:5rem\"><div class=\"wp-block-image\">\n<figure class=\"aligncenter size-large is-resized\"><img decoding=\"async\" width=\"512\" height=\"512\" src=\"https:\/\/www.orangehotel.be\/wp-content\/uploads\/2026\/02\/icon-lock.svg\" alt=\"\" class=\"wp-image-7292\" style=\"width:50px\"\/><\/figure>\n<\/div><\/div>\n\n\n\n<div class=\"wp-block-column is-layout-flow wp-block-column-is-layout-flow\">\n<h3 class=\"wp-block-heading has-button-primary-color has-text-color has-link-color has-text-bigger-font-size wp-elements-baccb1e3c306db4932f68902a5cd9628\">MAXIMALE FLEXIBILITEIT<\/h3>\n\n\n\n<p>Annulering of wijziging tot 19.00 uur op de dag van aankomst. Direct reserveren betekent meer flexibiliteit!<\/p>\n<\/div>\n<\/div>\n<\/div><\/div>\n\n\n\n<div class=\"wp-block-group\"><div class=\"wp-block-group__inner-container is-layout-constrained wp-block-group-is-layout-constrained\">\n<div class=\"wp-block-columns is-layout-flex wp-container-core-columns-is-layout-9d6595d7 wp-block-columns-is-layout-flex\">\n<div class=\"wp-block-column is-vertically-aligned-center is-layout-flow wp-block-column-is-layout-flow\" style=\"flex-basis:5rem\"><div class=\"wp-block-image\">\n<figure class=\"aligncenter size-large is-resized\"><img decoding=\"async\" width=\"512\" height=\"512\" src=\"https:\/\/www.orangehotel.be\/wp-content\/uploads\/2026\/02\/icon-earth.svg\" alt=\"\" class=\"wp-image-7293\" style=\"width:50px\"\/><\/figure>\n<\/div><\/div>\n\n\n\n<div class=\"wp-block-column is-layout-flow wp-block-column-is-layout-flow\">\n<h3 class=\"wp-block-heading has-button-primary-color has-text-color has-link-color has-text-bigger-font-size wp-elements-fe8a4aa751bc1264fc454ceaa5ae3565\">MENSELIJK EN VERANTWOORDELIJK<\/h3>\n\n\n\n<p>Wist u dat online boekingsplatforms geen belasting betalen en geen banen cre\u00ebren in de meeste landen waar ze accommodaties verkopen? Direct boeken betekent waarde toevoegen aan uw reis door verantwoord te handelen!<\/p>\n<\/div>\n<\/div>\n<\/div><\/div>\n<\/div>\n<\/div>\n<\/div>\n<\/div><\/div>\n<\/div><\/div>\n","protected":false},"excerpt":{"rendered":"<p>Kom een weekend of langer ontspannen en ontdek de region du Centre en haar verborgen schatten.<\/p>\n","protected":false},"author":7,"featured_media":0,"parent":5972,"menu_order":0,"comment_status":"closed","ping_status":"closed","template":"template-full-width.php","meta":{"_acf_changed":false,"inline_featured_image":false,"footnotes":""},"class_list":["post-5994","page","type-page","status-publish","hentry"],"acf":[],"yoast_head":"<!-- This site is optimized with the Yoast SEO plugin v27.3 - https:\/\/yoast.com\/product\/yoast-seo-wordpress\/ -->\n<title>Een vakantie met vrienden in de buurt van Mons | Orange Hotel<\/title>\n<meta name=\"description\" content=\"Geniet van een heerlijk lokaal biertje voordat je met vrienden de Central Region verkent in het Orange Hotel.\" \/>\n<meta name=\"robots\" content=\"index, follow, max-snippet:-1, max-image-preview:large, max-video-preview:-1\" \/>\n<link rel=\"canonical\" href=\"https:\/\/www.orangehotel.be\/nl\/vergader\/met-vrienden\/\" \/>\n<meta property=\"og:locale\" content=\"nl_NL\" \/>\n<meta property=\"og:type\" content=\"article\" \/>\n<meta property=\"og:title\" content=\"Een vakantie met vrienden in de buurt van Mons | Orange Hotel\" \/>\n<meta property=\"og:description\" content=\"Geniet van een heerlijk lokaal biertje voordat je met vrienden de Central Region verkent in het Orange Hotel.\" \/>\n<meta property=\"og:url\" content=\"https:\/\/www.orangehotel.be\/nl\/vergader\/met-vrienden\/\" \/>\n<meta property=\"og:site_name\" content=\"Orange H\u00f4tel\" \/>\n<meta property=\"article:modified_time\" content=\"2026-02-26T14:50:17+00:00\" \/>\n<meta property=\"og:image\" content=\"https:\/\/www.orangehotel.be\/wp-content\/uploads\/2024\/05\/belgisch-bier-saint-feuillien.png\" \/>\n\t<meta property=\"og:image:width\" content=\"1080\" \/>\n\t<meta property=\"og:image:height\" content=\"1080\" \/>\n\t<meta property=\"og:image:type\" content=\"image\/png\" \/>\n<meta name=\"twitter:card\" content=\"summary_large_image\" \/>\n<script type=\"application\/ld+json\" class=\"yoast-schema-graph\">{\"@context\":\"https:\\\/\\\/schema.org\",\"@graph\":[{\"@type\":\"WebPage\",\"@id\":\"https:\\\/\\\/www.orangehotel.be\\\/nl\\\/vergader\\\/met-vrienden\\\/\",\"url\":\"https:\\\/\\\/www.orangehotel.be\\\/nl\\\/vergader\\\/met-vrienden\\\/\",\"name\":\"Een vakantie met vrienden in de buurt van Mons | Orange Hotel\",\"isPartOf\":{\"@id\":\"https:\\\/\\\/www.orangehotel.be\\\/nl\\\/#website\"},\"primaryImageOfPage\":{\"@id\":\"https:\\\/\\\/www.orangehotel.be\\\/nl\\\/vergader\\\/met-vrienden\\\/#primaryimage\"},\"image\":{\"@id\":\"https:\\\/\\\/www.orangehotel.be\\\/nl\\\/vergader\\\/met-vrienden\\\/#primaryimage\"},\"thumbnailUrl\":\"https:\\\/\\\/www.orangehotel.be\\\/wp-content\\\/uploads\\\/2024\\\/05\\\/belgisch-bier-saint-feuillien-1024x1024.png\",\"datePublished\":\"2022-02-23T14:34:04+00:00\",\"dateModified\":\"2026-02-26T14:50:17+00:00\",\"description\":\"Geniet van een heerlijk lokaal biertje voordat je met vrienden de Central Region verkent in het Orange Hotel.\",\"breadcrumb\":{\"@id\":\"https:\\\/\\\/www.orangehotel.be\\\/nl\\\/vergader\\\/met-vrienden\\\/#breadcrumb\"},\"inLanguage\":\"nl-NL\",\"potentialAction\":[{\"@type\":\"ReadAction\",\"target\":[\"https:\\\/\\\/www.orangehotel.be\\\/nl\\\/vergader\\\/met-vrienden\\\/\"]}]},{\"@type\":\"ImageObject\",\"inLanguage\":\"nl-NL\",\"@id\":\"https:\\\/\\\/www.orangehotel.be\\\/nl\\\/vergader\\\/met-vrienden\\\/#primaryimage\",\"url\":\"https:\\\/\\\/www.orangehotel.be\\\/wp-content\\\/uploads\\\/2024\\\/05\\\/belgisch-bier-saint-feuillien-1024x1024.png\",\"contentUrl\":\"https:\\\/\\\/www.orangehotel.be\\\/wp-content\\\/uploads\\\/2024\\\/05\\\/belgisch-bier-saint-feuillien-1024x1024.png\"},{\"@type\":\"BreadcrumbList\",\"@id\":\"https:\\\/\\\/www.orangehotel.be\\\/nl\\\/vergader\\\/met-vrienden\\\/#breadcrumb\",\"itemListElement\":[{\"@type\":\"ListItem\",\"position\":1,\"name\":\"Accueil\",\"item\":\"https:\\\/\\\/www.orangehotel.be\\\/nl\\\/\"},{\"@type\":\"ListItem\",\"position\":2,\"name\":\"Vergader\",\"item\":\"https:\\\/\\\/www.orangehotel.be\\\/nl\\\/vergader\\\/\"},{\"@type\":\"ListItem\",\"position\":3,\"name\":\"MET VRIENDEN\"}]},{\"@type\":\"WebSite\",\"@id\":\"https:\\\/\\\/www.orangehotel.be\\\/nl\\\/#website\",\"url\":\"https:\\\/\\\/www.orangehotel.be\\\/nl\\\/\",\"name\":\"Orange H\u00f4tel\",\"description\":\"Un h\u00f4tel B&amp;B entre La Louvi\u00e8re et Mons, proche de l&#039;A\u00e9roport de Charleroi\",\"publisher\":{\"@id\":\"https:\\\/\\\/www.orangehotel.be\\\/nl\\\/#organization\"},\"potentialAction\":[{\"@type\":\"SearchAction\",\"target\":{\"@type\":\"EntryPoint\",\"urlTemplate\":\"https:\\\/\\\/www.orangehotel.be\\\/nl\\\/?s={search_term_string}\"},\"query-input\":{\"@type\":\"PropertyValueSpecification\",\"valueRequired\":true,\"valueName\":\"search_term_string\"}}],\"inLanguage\":\"nl-NL\"},{\"@type\":\"Organization\",\"@id\":\"https:\\\/\\\/www.orangehotel.be\\\/nl\\\/#organization\",\"name\":\"Orange H\u00f4tel\",\"url\":\"https:\\\/\\\/www.orangehotel.be\\\/nl\\\/\",\"logo\":{\"@type\":\"ImageObject\",\"inLanguage\":\"nl-NL\",\"@id\":\"https:\\\/\\\/www.orangehotel.be\\\/nl\\\/#\\\/schema\\\/logo\\\/image\\\/\",\"url\":\"https:\\\/\\\/orangehotel.be\\\/wp-content\\\/uploads\\\/2021\\\/11\\\/logo.png\",\"contentUrl\":\"https:\\\/\\\/orangehotel.be\\\/wp-content\\\/uploads\\\/2021\\\/11\\\/logo.png\",\"width\":213,\"height\":68,\"caption\":\"Orange H\u00f4tel\"},\"image\":{\"@id\":\"https:\\\/\\\/www.orangehotel.be\\\/nl\\\/#\\\/schema\\\/logo\\\/image\\\/\"}}]}<\/script>\n<!-- \/ Yoast SEO plugin. -->","yoast_head_json":{"title":"Een vakantie met vrienden in de buurt van Mons | Orange Hotel","description":"Geniet van een heerlijk lokaal biertje voordat je met vrienden de Central Region verkent in het Orange Hotel.","robots":{"index":"index","follow":"follow","max-snippet":"max-snippet:-1","max-image-preview":"max-image-preview:large","max-video-preview":"max-video-preview:-1"},"canonical":"https:\/\/www.orangehotel.be\/nl\/vergader\/met-vrienden\/","og_locale":"nl_NL","og_type":"article","og_title":"Een vakantie met vrienden in de buurt van Mons | Orange Hotel","og_description":"Geniet van een heerlijk lokaal biertje voordat je met vrienden de Central Region verkent in het Orange Hotel.","og_url":"https:\/\/www.orangehotel.be\/nl\/vergader\/met-vrienden\/","og_site_name":"Orange H\u00f4tel","article_modified_time":"2026-02-26T14:50:17+00:00","og_image":[{"width":1080,"height":1080,"url":"https:\/\/www.orangehotel.be\/wp-content\/uploads\/2024\/05\/belgisch-bier-saint-feuillien.png","type":"image\/png"}],"twitter_card":"summary_large_image","schema":{"@context":"https:\/\/schema.org","@graph":[{"@type":"WebPage","@id":"https:\/\/www.orangehotel.be\/nl\/vergader\/met-vrienden\/","url":"https:\/\/www.orangehotel.be\/nl\/vergader\/met-vrienden\/","name":"Een vakantie met vrienden in de buurt van Mons | Orange Hotel","isPartOf":{"@id":"https:\/\/www.orangehotel.be\/nl\/#website"},"primaryImageOfPage":{"@id":"https:\/\/www.orangehotel.be\/nl\/vergader\/met-vrienden\/#primaryimage"},"image":{"@id":"https:\/\/www.orangehotel.be\/nl\/vergader\/met-vrienden\/#primaryimage"},"thumbnailUrl":"https:\/\/www.orangehotel.be\/wp-content\/uploads\/2024\/05\/belgisch-bier-saint-feuillien-1024x1024.png","datePublished":"2022-02-23T14:34:04+00:00","dateModified":"2026-02-26T14:50:17+00:00","description":"Geniet van een heerlijk lokaal biertje voordat je met vrienden de Central Region verkent in het Orange Hotel.","breadcrumb":{"@id":"https:\/\/www.orangehotel.be\/nl\/vergader\/met-vrienden\/#breadcrumb"},"inLanguage":"nl-NL","potentialAction":[{"@type":"ReadAction","target":["https:\/\/www.orangehotel.be\/nl\/vergader\/met-vrienden\/"]}]},{"@type":"ImageObject","inLanguage":"nl-NL","@id":"https:\/\/www.orangehotel.be\/nl\/vergader\/met-vrienden\/#primaryimage","url":"https:\/\/www.orangehotel.be\/wp-content\/uploads\/2024\/05\/belgisch-bier-saint-feuillien-1024x1024.png","contentUrl":"https:\/\/www.orangehotel.be\/wp-content\/uploads\/2024\/05\/belgisch-bier-saint-feuillien-1024x1024.png"},{"@type":"BreadcrumbList","@id":"https:\/\/www.orangehotel.be\/nl\/vergader\/met-vrienden\/#breadcrumb","itemListElement":[{"@type":"ListItem","position":1,"name":"Accueil","item":"https:\/\/www.orangehotel.be\/nl\/"},{"@type":"ListItem","position":2,"name":"Vergader","item":"https:\/\/www.orangehotel.be\/nl\/vergader\/"},{"@type":"ListItem","position":3,"name":"MET VRIENDEN"}]},{"@type":"WebSite","@id":"https:\/\/www.orangehotel.be\/nl\/#website","url":"https:\/\/www.orangehotel.be\/nl\/","name":"Orange H\u00f4tel","description":"Un h\u00f4tel B&amp;B entre La Louvi\u00e8re et Mons, proche de l&#039;A\u00e9roport de Charleroi","publisher":{"@id":"https:\/\/www.orangehotel.be\/nl\/#organization"},"potentialAction":[{"@type":"SearchAction","target":{"@type":"EntryPoint","urlTemplate":"https:\/\/www.orangehotel.be\/nl\/?s={search_term_string}"},"query-input":{"@type":"PropertyValueSpecification","valueRequired":true,"valueName":"search_term_string"}}],"inLanguage":"nl-NL"},{"@type":"Organization","@id":"https:\/\/www.orangehotel.be\/nl\/#organization","name":"Orange H\u00f4tel","url":"https:\/\/www.orangehotel.be\/nl\/","logo":{"@type":"ImageObject","inLanguage":"nl-NL","@id":"https:\/\/www.orangehotel.be\/nl\/#\/schema\/logo\/image\/","url":"https:\/\/orangehotel.be\/wp-content\/uploads\/2021\/11\/logo.png","contentUrl":"https:\/\/orangehotel.be\/wp-content\/uploads\/2021\/11\/logo.png","width":213,"height":68,"caption":"Orange H\u00f4tel"},"image":{"@id":"https:\/\/www.orangehotel.be\/nl\/#\/schema\/logo\/image\/"}}]}},"_links":{"self":[{"href":"https:\/\/www.orangehotel.be\/nl\/wp-json\/wp\/v2\/pages\/5994","targetHints":{"allow":["GET"]}}],"collection":[{"href":"https:\/\/www.orangehotel.be\/nl\/wp-json\/wp\/v2\/pages"}],"about":[{"href":"https:\/\/www.orangehotel.be\/nl\/wp-json\/wp\/v2\/types\/page"}],"author":[{"embeddable":true,"href":"https:\/\/www.orangehotel.be\/nl\/wp-json\/wp\/v2\/users\/7"}],"replies":[{"embeddable":true,"href":"https:\/\/www.orangehotel.be\/nl\/wp-json\/wp\/v2\/comments?post=5994"}],"version-history":[{"count":4,"href":"https:\/\/www.orangehotel.be\/nl\/wp-json\/wp\/v2\/pages\/5994\/revisions"}],"predecessor-version":[{"id":7372,"href":"https:\/\/www.orangehotel.be\/nl\/wp-json\/wp\/v2\/pages\/5994\/revisions\/7372"}],"up":[{"embeddable":true,"href":"https:\/\/www.orangehotel.be\/nl\/wp-json\/wp\/v2\/pages\/5972"}],"wp:attachment":[{"href":"https:\/\/www.orangehotel.be\/nl\/wp-json\/wp\/v2\/media?parent=5994"}],"curies":[{"name":"wp","href":"https:\/\/api.w.org\/{rel}","templated":true}]}}