{"id":6206,"date":"2022-03-31T10:07:09","date_gmt":"2022-03-31T08:07:09","guid":{"rendered":"https:\/\/www.orangehotel.be\/slaap\/en-famille\/"},"modified":"2024-05-31T15:02:39","modified_gmt":"2024-05-31T13:02:39","slug":"met-familie","status":"publish","type":"page","link":"https:\/\/www.orangehotel.be\/nl\/slaap\/met-familie\/","title":{"rendered":"MET JE FAMILIE"},"content":{"rendered":"            <div  class=\" wp-block-grimlock-query-section grimlock-query-section--btn-primary region grimlock-region grimlock-region--mt-0 grimlock-region--mb-0 grimlock-region--pt-8 grimlock-region--pb-8 grimlock-region--12-cols-center-left region--12-cols-center-left grimlock-region--container-classic region--container-classic grimlock-section section grimlock-query-section\" style=\"border-top-color:#eceeef;border-top-style:solid;border-top-width:0;border-bottom-color:#eceeef;border-bottom-style:solid;border-bottom-width:0;z-index:0;\"  >\n            <div class=\"grimlock-region__inner region__inner\" style=\"padding-top:8%;padding-bottom:8%;background-color:rgba(0, 0, 65, 0.05);\">\n                <div class=\"grimlock-region__container region__container\">\n                    <div class=\"grimlock-region__row region__row\">\n                        <div class=\"grimlock-region__col grimlock-region__col--1 region__col region__col--1\">\n\t\t\t\t\t\t\t                        <\/div><!-- .region__col -->\n                        <div class=\"grimlock-region__col grimlock-region__col--2 region__col region__col--2\">\n\t\t\t\t\t\t\t\t\t<div class=\"grimlock-section__content section__content\">\n\t\t\t\n\t\t\t\t<div class=\"grimlock-query-section__posts posts grimlock-posts--height-equalized posts--height-equalized grimlock-posts--6-6-cols-classic posts--6-6-cols-classic grimlock-posts--per-page-2 posts--per-page-2 grimlock-posts--type-rooms posts--type-rooms \">\n\n\t\t\t\t\t\n\t\t\t\t\t\t<article id=\"post-69d290453d5af\" class=\"post-6172 rooms type-rooms status-publish has-post-thumbnail hentry\">\n\t\t\t\t\t\t\t\t<div class=\"card grimlock-post__card post__card\">\n\t\t\n\t\t\n\t\t<div class=\"room_price\">\n\t\t\t<span>Vanaf<\/span>\n\t\t\t<strong>126<\/strong>\n\t\t\t<span>\u20ac \/nacht<\/span>\n\t\t<\/div>\n\n\t\t\t\t<div class=\"card-media\">\n\n\t\t\t\t\t\t\t\t\t\t<div class=\"entry-category\">\n\t\t\t\t\t\t\t\t\t\t\t\t\t<\/div><!-- .entre-category -->\n\t\t\t\t\t\t\t\t\t\t<a href=\"https:\/\/www.orangehotel.be\/nl\/kamers\/executive-kamer\/\" class=\"post-thumbnail\" title=\"Executive kamer\" rel=\"bookmark\" >\n\t\t\t\t\t\t<img decoding=\"async\" width=\"500\" height=\"332\" src=\"https:\/\/www.orangehotel.be\/wp-content\/uploads\/2017\/12\/chambre-executive-H.jpg\" class=\"card-img wp-post-image\" alt=\"Chambre familiale Executive\" srcset=\"https:\/\/www.orangehotel.be\/wp-content\/uploads\/2017\/12\/chambre-executive-H.jpg 500w, https:\/\/www.orangehotel.be\/wp-content\/uploads\/2017\/12\/chambre-executive-H-300x199.jpg 300w\" sizes=\"(max-width: 500px) 100vw, 500px\" \/>\t\t\t\t\t<\/a>\n\t\t\t\t\n\t\t\t<\/div><!-- .card-media -->\n\t\t\n\t\t<div class=\"card-body\">\n\t\t\t\t<header class=\"entry-header clearfix\">\n\t\t<h2 class=\"entry-title\"><a href=\"https:\/\/www.orangehotel.be\/nl\/kamers\/executive-kamer\/\" rel=\"bookmark\" >Executive kamer<\/a><\/h2>\t<\/header><!-- .entry-header -->\n\t\t\t\t<div class=\"entry-summary clearfix\">\n\t\t\t\t<p>Stijg hoog op in onze brighte en ruime Executive kamers!<\/p>\n\t\t\t<\/div><!-- .entry-summary -->\n\t\t\n\t\t\n\t\t<div class=\"room_infos row mt-auto\">\n\t\t\t<div class=\"col-6 pr-1\"><span><i class=\"sinclair-icon sinclair-users mr-2\" style=\"font-size: 1.4em;\"><\/i> 4<\/span><\/div>\n\t\t\t<div class=\"col-6 pl-1\"><span><i class=\"sinclair-icon sinclair-arrows-out mr-2\" style=\"font-size: 1.4em;\"><\/i> 30-33m\u00b2<\/span><\/div>\n\t\t\t<div class=\"col pt-2\"><span><em class=\"small\">1 Kingsize bed of 2 aparte bedden, 2 aparte bedden of 1 slaapbank<\/em><\/span><\/div>\n\t\t<\/div>\n\n\t\t\t<\/div><!-- .card-body -->\n\n\t\t\t<\/div><!-- .card -->\n\t\t\t\t\t\t\t<\/article><!-- #post-## -->\n\n\t\t\t\t\t\n\t\t\t\t<\/div><!-- .grimlock-query-section__posts.posts -->\n\n\t\t\t\t\t<\/div><!-- .section__content -->\n\t\t                        <\/div><!-- .region__col -->\n                    <\/div><!-- .region__row -->\n                <\/div><!-- .region__container -->\n            <\/div><!-- .region__inner -->\n            <\/div><!-- .grimlock-section -->\n\t\t","protected":false},"excerpt":{"rendered":"","protected":false},"author":3,"featured_media":3177,"parent":6203,"menu_order":0,"comment_status":"closed","ping_status":"closed","template":"template-full-width.php","meta":{"_acf_changed":false,"inline_featured_image":false,"footnotes":""},"class_list":["post-6206","page","type-page","status-publish","has-post-thumbnail","hentry"],"acf":[],"yoast_head":"<!-- This site is optimized with the Yoast SEO plugin v27.3 - https:\/\/yoast.com\/product\/yoast-seo-wordpress\/ -->\n<title>MET JE FAMILIE &#8226; Orange H\u00f4tel<\/title>\n<meta name=\"description\" content=\"Verblijf met uw gezin in ons hotel en geniet van onvergetelijke momenten in de Centrale Regio. Klaar om te gaan ?\" \/>\n<meta name=\"robots\" content=\"index, follow, max-snippet:-1, max-image-preview:large, max-video-preview:-1\" \/>\n<link rel=\"canonical\" href=\"https:\/\/www.orangehotel.be\/nl\/slaap\/met-familie\/\" \/>\n<meta property=\"og:locale\" content=\"nl_NL\" \/>\n<meta property=\"og:type\" content=\"article\" \/>\n<meta property=\"og:title\" content=\"MET JE FAMILIE &#8226; Orange H\u00f4tel\" \/>\n<meta property=\"og:description\" content=\"Verblijf met uw gezin in ons hotel en geniet van onvergetelijke momenten in de Centrale Regio. Klaar om te gaan ?\" \/>\n<meta property=\"og:url\" content=\"https:\/\/www.orangehotel.be\/nl\/slaap\/met-familie\/\" \/>\n<meta property=\"og:site_name\" content=\"Orange H\u00f4tel\" \/>\n<meta property=\"article:modified_time\" content=\"2024-05-31T13:02:39+00:00\" \/>\n<meta property=\"og:image\" content=\"https:\/\/www.orangehotel.be\/wp-content\/uploads\/2017\/12\/chambre-executive-la-louviere.jpg\" \/>\n\t<meta property=\"og:image:width\" content=\"1920\" \/>\n\t<meta property=\"og:image:height\" content=\"1282\" \/>\n\t<meta property=\"og:image:type\" content=\"image\/jpeg\" \/>\n<meta name=\"twitter:card\" content=\"summary_large_image\" \/>\n<script type=\"application\/ld+json\" class=\"yoast-schema-graph\">{\"@context\":\"https:\\\/\\\/schema.org\",\"@graph\":[{\"@type\":\"WebPage\",\"@id\":\"https:\\\/\\\/www.orangehotel.be\\\/nl\\\/slaap\\\/met-familie\\\/\",\"url\":\"https:\\\/\\\/www.orangehotel.be\\\/nl\\\/slaap\\\/met-familie\\\/\",\"name\":\"MET JE FAMILIE &#8226; Orange H\u00f4tel\",\"isPartOf\":{\"@id\":\"https:\\\/\\\/www.orangehotel.be\\\/nl\\\/#website\"},\"primaryImageOfPage\":{\"@id\":\"https:\\\/\\\/www.orangehotel.be\\\/nl\\\/slaap\\\/met-familie\\\/#primaryimage\"},\"image\":{\"@id\":\"https:\\\/\\\/www.orangehotel.be\\\/nl\\\/slaap\\\/met-familie\\\/#primaryimage\"},\"thumbnailUrl\":\"https:\\\/\\\/www.orangehotel.be\\\/wp-content\\\/uploads\\\/2017\\\/12\\\/chambre-executive-la-louviere.jpg\",\"datePublished\":\"2022-03-31T08:07:09+00:00\",\"dateModified\":\"2024-05-31T13:02:39+00:00\",\"description\":\"Verblijf met uw gezin in ons hotel en geniet van onvergetelijke momenten in de Centrale Regio. Klaar om te gaan ?\",\"breadcrumb\":{\"@id\":\"https:\\\/\\\/www.orangehotel.be\\\/nl\\\/slaap\\\/met-familie\\\/#breadcrumb\"},\"inLanguage\":\"nl-NL\",\"potentialAction\":[{\"@type\":\"ReadAction\",\"target\":[\"https:\\\/\\\/www.orangehotel.be\\\/nl\\\/slaap\\\/met-familie\\\/\"]}]},{\"@type\":\"ImageObject\",\"inLanguage\":\"nl-NL\",\"@id\":\"https:\\\/\\\/www.orangehotel.be\\\/nl\\\/slaap\\\/met-familie\\\/#primaryimage\",\"url\":\"https:\\\/\\\/www.orangehotel.be\\\/wp-content\\\/uploads\\\/2017\\\/12\\\/chambre-executive-la-louviere.jpg\",\"contentUrl\":\"https:\\\/\\\/www.orangehotel.be\\\/wp-content\\\/uploads\\\/2017\\\/12\\\/chambre-executive-la-louviere.jpg\",\"width\":1920,\"height\":1282,\"caption\":\"Executive kamer in La Louvi\u00e8re\"},{\"@type\":\"BreadcrumbList\",\"@id\":\"https:\\\/\\\/www.orangehotel.be\\\/nl\\\/slaap\\\/met-familie\\\/#breadcrumb\",\"itemListElement\":[{\"@type\":\"ListItem\",\"position\":1,\"name\":\"Accueil\",\"item\":\"https:\\\/\\\/www.orangehotel.be\\\/nl\\\/\"},{\"@type\":\"ListItem\",\"position\":2,\"name\":\"Slaap\",\"item\":\"https:\\\/\\\/www.orangehotel.be\\\/nl\\\/slaap\\\/\"},{\"@type\":\"ListItem\",\"position\":3,\"name\":\"MET JE FAMILIE\"}]},{\"@type\":\"WebSite\",\"@id\":\"https:\\\/\\\/www.orangehotel.be\\\/nl\\\/#website\",\"url\":\"https:\\\/\\\/www.orangehotel.be\\\/nl\\\/\",\"name\":\"Orange H\u00f4tel\",\"description\":\"Un h\u00f4tel B&amp;B entre La Louvi\u00e8re et Mons, proche de l&#039;A\u00e9roport de Charleroi\",\"publisher\":{\"@id\":\"https:\\\/\\\/www.orangehotel.be\\\/nl\\\/#organization\"},\"potentialAction\":[{\"@type\":\"SearchAction\",\"target\":{\"@type\":\"EntryPoint\",\"urlTemplate\":\"https:\\\/\\\/www.orangehotel.be\\\/nl\\\/?s={search_term_string}\"},\"query-input\":{\"@type\":\"PropertyValueSpecification\",\"valueRequired\":true,\"valueName\":\"search_term_string\"}}],\"inLanguage\":\"nl-NL\"},{\"@type\":\"Organization\",\"@id\":\"https:\\\/\\\/www.orangehotel.be\\\/nl\\\/#organization\",\"name\":\"Orange H\u00f4tel\",\"url\":\"https:\\\/\\\/www.orangehotel.be\\\/nl\\\/\",\"logo\":{\"@type\":\"ImageObject\",\"inLanguage\":\"nl-NL\",\"@id\":\"https:\\\/\\\/www.orangehotel.be\\\/nl\\\/#\\\/schema\\\/logo\\\/image\\\/\",\"url\":\"https:\\\/\\\/orangehotel.be\\\/wp-content\\\/uploads\\\/2021\\\/11\\\/logo.png\",\"contentUrl\":\"https:\\\/\\\/orangehotel.be\\\/wp-content\\\/uploads\\\/2021\\\/11\\\/logo.png\",\"width\":213,\"height\":68,\"caption\":\"Orange H\u00f4tel\"},\"image\":{\"@id\":\"https:\\\/\\\/www.orangehotel.be\\\/nl\\\/#\\\/schema\\\/logo\\\/image\\\/\"}}]}<\/script>\n<!-- \/ Yoast SEO plugin. -->","yoast_head_json":{"title":"MET JE FAMILIE &#8226; Orange H\u00f4tel","description":"Verblijf met uw gezin in ons hotel en geniet van onvergetelijke momenten in de Centrale Regio. Klaar om te gaan ?","robots":{"index":"index","follow":"follow","max-snippet":"max-snippet:-1","max-image-preview":"max-image-preview:large","max-video-preview":"max-video-preview:-1"},"canonical":"https:\/\/www.orangehotel.be\/nl\/slaap\/met-familie\/","og_locale":"nl_NL","og_type":"article","og_title":"MET JE FAMILIE &#8226; Orange H\u00f4tel","og_description":"Verblijf met uw gezin in ons hotel en geniet van onvergetelijke momenten in de Centrale Regio. Klaar om te gaan ?","og_url":"https:\/\/www.orangehotel.be\/nl\/slaap\/met-familie\/","og_site_name":"Orange H\u00f4tel","article_modified_time":"2024-05-31T13:02:39+00:00","og_image":[{"width":1920,"height":1282,"url":"https:\/\/www.orangehotel.be\/wp-content\/uploads\/2017\/12\/chambre-executive-la-louviere.jpg","type":"image\/jpeg"}],"twitter_card":"summary_large_image","schema":{"@context":"https:\/\/schema.org","@graph":[{"@type":"WebPage","@id":"https:\/\/www.orangehotel.be\/nl\/slaap\/met-familie\/","url":"https:\/\/www.orangehotel.be\/nl\/slaap\/met-familie\/","name":"MET JE FAMILIE &#8226; Orange H\u00f4tel","isPartOf":{"@id":"https:\/\/www.orangehotel.be\/nl\/#website"},"primaryImageOfPage":{"@id":"https:\/\/www.orangehotel.be\/nl\/slaap\/met-familie\/#primaryimage"},"image":{"@id":"https:\/\/www.orangehotel.be\/nl\/slaap\/met-familie\/#primaryimage"},"thumbnailUrl":"https:\/\/www.orangehotel.be\/wp-content\/uploads\/2017\/12\/chambre-executive-la-louviere.jpg","datePublished":"2022-03-31T08:07:09+00:00","dateModified":"2024-05-31T13:02:39+00:00","description":"Verblijf met uw gezin in ons hotel en geniet van onvergetelijke momenten in de Centrale Regio. Klaar om te gaan ?","breadcrumb":{"@id":"https:\/\/www.orangehotel.be\/nl\/slaap\/met-familie\/#breadcrumb"},"inLanguage":"nl-NL","potentialAction":[{"@type":"ReadAction","target":["https:\/\/www.orangehotel.be\/nl\/slaap\/met-familie\/"]}]},{"@type":"ImageObject","inLanguage":"nl-NL","@id":"https:\/\/www.orangehotel.be\/nl\/slaap\/met-familie\/#primaryimage","url":"https:\/\/www.orangehotel.be\/wp-content\/uploads\/2017\/12\/chambre-executive-la-louviere.jpg","contentUrl":"https:\/\/www.orangehotel.be\/wp-content\/uploads\/2017\/12\/chambre-executive-la-louviere.jpg","width":1920,"height":1282,"caption":"Executive kamer in La Louvi\u00e8re"},{"@type":"BreadcrumbList","@id":"https:\/\/www.orangehotel.be\/nl\/slaap\/met-familie\/#breadcrumb","itemListElement":[{"@type":"ListItem","position":1,"name":"Accueil","item":"https:\/\/www.orangehotel.be\/nl\/"},{"@type":"ListItem","position":2,"name":"Slaap","item":"https:\/\/www.orangehotel.be\/nl\/slaap\/"},{"@type":"ListItem","position":3,"name":"MET JE FAMILIE"}]},{"@type":"WebSite","@id":"https:\/\/www.orangehotel.be\/nl\/#website","url":"https:\/\/www.orangehotel.be\/nl\/","name":"Orange H\u00f4tel","description":"Un h\u00f4tel B&amp;B entre La Louvi\u00e8re et Mons, proche de l&#039;A\u00e9roport de Charleroi","publisher":{"@id":"https:\/\/www.orangehotel.be\/nl\/#organization"},"potentialAction":[{"@type":"SearchAction","target":{"@type":"EntryPoint","urlTemplate":"https:\/\/www.orangehotel.be\/nl\/?s={search_term_string}"},"query-input":{"@type":"PropertyValueSpecification","valueRequired":true,"valueName":"search_term_string"}}],"inLanguage":"nl-NL"},{"@type":"Organization","@id":"https:\/\/www.orangehotel.be\/nl\/#organization","name":"Orange H\u00f4tel","url":"https:\/\/www.orangehotel.be\/nl\/","logo":{"@type":"ImageObject","inLanguage":"nl-NL","@id":"https:\/\/www.orangehotel.be\/nl\/#\/schema\/logo\/image\/","url":"https:\/\/orangehotel.be\/wp-content\/uploads\/2021\/11\/logo.png","contentUrl":"https:\/\/orangehotel.be\/wp-content\/uploads\/2021\/11\/logo.png","width":213,"height":68,"caption":"Orange H\u00f4tel"},"image":{"@id":"https:\/\/www.orangehotel.be\/nl\/#\/schema\/logo\/image\/"}}]}},"_links":{"self":[{"href":"https:\/\/www.orangehotel.be\/nl\/wp-json\/wp\/v2\/pages\/6206","targetHints":{"allow":["GET"]}}],"collection":[{"href":"https:\/\/www.orangehotel.be\/nl\/wp-json\/wp\/v2\/pages"}],"about":[{"href":"https:\/\/www.orangehotel.be\/nl\/wp-json\/wp\/v2\/types\/page"}],"author":[{"embeddable":true,"href":"https:\/\/www.orangehotel.be\/nl\/wp-json\/wp\/v2\/users\/3"}],"replies":[{"embeddable":true,"href":"https:\/\/www.orangehotel.be\/nl\/wp-json\/wp\/v2\/comments?post=6206"}],"version-history":[{"count":1,"href":"https:\/\/www.orangehotel.be\/nl\/wp-json\/wp\/v2\/pages\/6206\/revisions"}],"predecessor-version":[{"id":6207,"href":"https:\/\/www.orangehotel.be\/nl\/wp-json\/wp\/v2\/pages\/6206\/revisions\/6207"}],"up":[{"embeddable":true,"href":"https:\/\/www.orangehotel.be\/nl\/wp-json\/wp\/v2\/pages\/6203"}],"wp:featuredmedia":[{"embeddable":true,"href":"https:\/\/www.orangehotel.be\/nl\/wp-json\/wp\/v2\/media\/3177"}],"wp:attachment":[{"href":"https:\/\/www.orangehotel.be\/nl\/wp-json\/wp\/v2\/media?parent=6206"}],"curies":[{"name":"wp","href":"https:\/\/api.w.org\/{rel}","templated":true}]}}