{"id":6528,"date":"2023-04-05T10:31:49","date_gmt":"2023-04-05T08:31:49","guid":{"rendered":"https:\/\/www.orangehotel.be\/ontspan\/bar-2\/menu-tablee-food-and-beverage\/"},"modified":"2025-03-12T13:45:33","modified_gmt":"2025-03-12T12:45:33","slug":"menu-tablee-food-and-beverage","status":"publish","type":"page","link":"https:\/\/www.orangehotel.be\/nl\/ontspan\/bar-2\/menu-tablee-food-and-beverage\/","title":{"rendered":"RESTAURANT MENU"},"content":{"rendered":"\n<div class=\"wp-block-columns is-layout-flex wp-container-core-columns-is-layout-9d6595d7 wp-block-columns-is-layout-flex\">\n<div class=\"wp-block-column is-vertically-aligned-center is-layout-flow wp-block-column-is-layout-flow\">\n<h3 class=\"wp-block-heading has-subheading-font-size\" id=\"breakfast\">MENU<\/h3>\n\n\n\n<h1 class=\"wp-block-heading\" id=\"la-tablee-breakfast-pour-un-reveil-en-douceur-a-l-orange-hotel\"><strong> FOOD AND BEVERAGE<\/strong><\/h1>\n\n\n\n<hr class=\"wp-block-separator has-text-color has-button-primary-color has-css-opacity has-button-primary-background-color has-background is-style-default\"\/>\n<\/div>\n<\/div>\n\n\n\n<div class=\"wp-block-pdf-viewer-block-standard\" style=\"text-align:left\"><div class=\"uploaded-pdf\"><a href=\"https:\/\/www.orangehotel.be\/wp-content\/uploads\/2025\/03\/Carte-FNB-2025.pdf\" data-width=\"\" data-height=\"\"><\/a><\/div><\/div>\n\n\n\n<hr class=\"wp-block-separator has-text-color has-button-primary-color has-css-opacity has-button-primary-background-color has-background aligncenter is-style-dots\"\/>\n\n\n\n<div class=\"wp-block-getwid-advanced-spacer\" style=\"height:1vw\" aria-hidden=\"true\"><\/div>\n","protected":false},"excerpt":{"rendered":"<p>En plus de nos soft-drinks et de nos boissons chaudes, d\u00e9couvrez une large s\u00e9lection de bi\u00e8res belges et r\u00e9gionales, ou encore, notre gamme d\u2019alcools et de spiritueux de qualit\u00e9.<\/p>\n","protected":false},"author":3,"featured_media":0,"parent":6386,"menu_order":13,"comment_status":"closed","ping_status":"closed","template":"template-full-width.php","meta":{"_acf_changed":false,"inline_featured_image":false,"footnotes":""},"class_list":["post-6528","page","type-page","status-publish","hentry"],"acf":[],"yoast_head":"<!-- This site is optimized with the Yoast SEO plugin v27.3 - https:\/\/yoast.com\/product\/yoast-seo-wordpress\/ -->\n<title>Menu Tabl\u00e9e Food and Beverage (carte) | Orange Hotel<\/title>\n<meta name=\"description\" content=\"Une petite soif ? D\u00e9couvrez nos bi\u00e8res locales, boissons chaudes, ap\u00e9ritifs, vins ou boissons non-alcoolis\u00e9es.\" \/>\n<meta name=\"robots\" content=\"index, follow, max-snippet:-1, max-image-preview:large, max-video-preview:-1\" \/>\n<link rel=\"canonical\" href=\"https:\/\/www.orangehotel.be\/nl\/ontspan\/bar-2\/menu-tablee-food-and-beverage\/\" \/>\n<meta property=\"og:locale\" content=\"nl_NL\" \/>\n<meta property=\"og:type\" content=\"article\" \/>\n<meta property=\"og:title\" content=\"Menu Tabl\u00e9e Food and Beverage (carte) | Orange Hotel\" \/>\n<meta property=\"og:description\" content=\"Une petite soif ? D\u00e9couvrez nos bi\u00e8res locales, boissons chaudes, ap\u00e9ritifs, vins ou boissons non-alcoolis\u00e9es.\" \/>\n<meta property=\"og:url\" content=\"https:\/\/www.orangehotel.be\/nl\/ontspan\/bar-2\/menu-tablee-food-and-beverage\/\" \/>\n<meta property=\"og:site_name\" content=\"Orange H\u00f4tel\" \/>\n<meta property=\"article:modified_time\" content=\"2025-03-12T12:45:33+00:00\" \/>\n<meta name=\"twitter:card\" content=\"summary_large_image\" \/>\n<script type=\"application\/ld+json\" class=\"yoast-schema-graph\">{\"@context\":\"https:\\\/\\\/schema.org\",\"@graph\":[{\"@type\":\"WebPage\",\"@id\":\"https:\\\/\\\/www.orangehotel.be\\\/nl\\\/ontspan\\\/bar-2\\\/menu-tablee-food-and-beverage\\\/\",\"url\":\"https:\\\/\\\/www.orangehotel.be\\\/nl\\\/ontspan\\\/bar-2\\\/menu-tablee-food-and-beverage\\\/\",\"name\":\"Menu Tabl\u00e9e Food and Beverage (carte) | Orange Hotel\",\"isPartOf\":{\"@id\":\"https:\\\/\\\/www.orangehotel.be\\\/nl\\\/#website\"},\"datePublished\":\"2023-04-05T08:31:49+00:00\",\"dateModified\":\"2025-03-12T12:45:33+00:00\",\"description\":\"Une petite soif ? D\u00e9couvrez nos bi\u00e8res locales, boissons chaudes, ap\u00e9ritifs, vins ou boissons non-alcoolis\u00e9es.\",\"breadcrumb\":{\"@id\":\"https:\\\/\\\/www.orangehotel.be\\\/nl\\\/ontspan\\\/bar-2\\\/menu-tablee-food-and-beverage\\\/#breadcrumb\"},\"inLanguage\":\"nl-NL\",\"potentialAction\":[{\"@type\":\"ReadAction\",\"target\":[\"https:\\\/\\\/www.orangehotel.be\\\/nl\\\/ontspan\\\/bar-2\\\/menu-tablee-food-and-beverage\\\/\"]}]},{\"@type\":\"BreadcrumbList\",\"@id\":\"https:\\\/\\\/www.orangehotel.be\\\/nl\\\/ontspan\\\/bar-2\\\/menu-tablee-food-and-beverage\\\/#breadcrumb\",\"itemListElement\":[{\"@type\":\"ListItem\",\"position\":1,\"name\":\"Accueil\",\"item\":\"https:\\\/\\\/www.orangehotel.be\\\/nl\\\/\"},{\"@type\":\"ListItem\",\"position\":2,\"name\":\"ONTSPAN\",\"item\":\"https:\\\/\\\/www.orangehotel.be\\\/nl\\\/ontspan\\\/\"},{\"@type\":\"ListItem\",\"position\":3,\"name\":\"Bar\",\"item\":\"https:\\\/\\\/www.orangehotel.be\\\/nl\\\/ontspan\\\/bar-2\\\/\"},{\"@type\":\"ListItem\",\"position\":4,\"name\":\"RESTAURANT MENU\"}]},{\"@type\":\"WebSite\",\"@id\":\"https:\\\/\\\/www.orangehotel.be\\\/nl\\\/#website\",\"url\":\"https:\\\/\\\/www.orangehotel.be\\\/nl\\\/\",\"name\":\"Orange H\u00f4tel\",\"description\":\"Un h\u00f4tel B&amp;B entre La Louvi\u00e8re et Mons, proche de l&#039;A\u00e9roport de Charleroi\",\"publisher\":{\"@id\":\"https:\\\/\\\/www.orangehotel.be\\\/nl\\\/#organization\"},\"potentialAction\":[{\"@type\":\"SearchAction\",\"target\":{\"@type\":\"EntryPoint\",\"urlTemplate\":\"https:\\\/\\\/www.orangehotel.be\\\/nl\\\/?s={search_term_string}\"},\"query-input\":{\"@type\":\"PropertyValueSpecification\",\"valueRequired\":true,\"valueName\":\"search_term_string\"}}],\"inLanguage\":\"nl-NL\"},{\"@type\":\"Organization\",\"@id\":\"https:\\\/\\\/www.orangehotel.be\\\/nl\\\/#organization\",\"name\":\"Orange H\u00f4tel\",\"url\":\"https:\\\/\\\/www.orangehotel.be\\\/nl\\\/\",\"logo\":{\"@type\":\"ImageObject\",\"inLanguage\":\"nl-NL\",\"@id\":\"https:\\\/\\\/www.orangehotel.be\\\/nl\\\/#\\\/schema\\\/logo\\\/image\\\/\",\"url\":\"https:\\\/\\\/orangehotel.be\\\/wp-content\\\/uploads\\\/2021\\\/11\\\/logo.png\",\"contentUrl\":\"https:\\\/\\\/orangehotel.be\\\/wp-content\\\/uploads\\\/2021\\\/11\\\/logo.png\",\"width\":213,\"height\":68,\"caption\":\"Orange H\u00f4tel\"},\"image\":{\"@id\":\"https:\\\/\\\/www.orangehotel.be\\\/nl\\\/#\\\/schema\\\/logo\\\/image\\\/\"}}]}<\/script>\n<!-- \/ Yoast SEO plugin. -->","yoast_head_json":{"title":"Menu Tabl\u00e9e Food and Beverage (carte) | Orange Hotel","description":"Une petite soif ? D\u00e9couvrez nos bi\u00e8res locales, boissons chaudes, ap\u00e9ritifs, vins ou boissons non-alcoolis\u00e9es.","robots":{"index":"index","follow":"follow","max-snippet":"max-snippet:-1","max-image-preview":"max-image-preview:large","max-video-preview":"max-video-preview:-1"},"canonical":"https:\/\/www.orangehotel.be\/nl\/ontspan\/bar-2\/menu-tablee-food-and-beverage\/","og_locale":"nl_NL","og_type":"article","og_title":"Menu Tabl\u00e9e Food and Beverage (carte) | Orange Hotel","og_description":"Une petite soif ? D\u00e9couvrez nos bi\u00e8res locales, boissons chaudes, ap\u00e9ritifs, vins ou boissons non-alcoolis\u00e9es.","og_url":"https:\/\/www.orangehotel.be\/nl\/ontspan\/bar-2\/menu-tablee-food-and-beverage\/","og_site_name":"Orange H\u00f4tel","article_modified_time":"2025-03-12T12:45:33+00:00","twitter_card":"summary_large_image","schema":{"@context":"https:\/\/schema.org","@graph":[{"@type":"WebPage","@id":"https:\/\/www.orangehotel.be\/nl\/ontspan\/bar-2\/menu-tablee-food-and-beverage\/","url":"https:\/\/www.orangehotel.be\/nl\/ontspan\/bar-2\/menu-tablee-food-and-beverage\/","name":"Menu Tabl\u00e9e Food and Beverage (carte) | Orange Hotel","isPartOf":{"@id":"https:\/\/www.orangehotel.be\/nl\/#website"},"datePublished":"2023-04-05T08:31:49+00:00","dateModified":"2025-03-12T12:45:33+00:00","description":"Une petite soif ? D\u00e9couvrez nos bi\u00e8res locales, boissons chaudes, ap\u00e9ritifs, vins ou boissons non-alcoolis\u00e9es.","breadcrumb":{"@id":"https:\/\/www.orangehotel.be\/nl\/ontspan\/bar-2\/menu-tablee-food-and-beverage\/#breadcrumb"},"inLanguage":"nl-NL","potentialAction":[{"@type":"ReadAction","target":["https:\/\/www.orangehotel.be\/nl\/ontspan\/bar-2\/menu-tablee-food-and-beverage\/"]}]},{"@type":"BreadcrumbList","@id":"https:\/\/www.orangehotel.be\/nl\/ontspan\/bar-2\/menu-tablee-food-and-beverage\/#breadcrumb","itemListElement":[{"@type":"ListItem","position":1,"name":"Accueil","item":"https:\/\/www.orangehotel.be\/nl\/"},{"@type":"ListItem","position":2,"name":"ONTSPAN","item":"https:\/\/www.orangehotel.be\/nl\/ontspan\/"},{"@type":"ListItem","position":3,"name":"Bar","item":"https:\/\/www.orangehotel.be\/nl\/ontspan\/bar-2\/"},{"@type":"ListItem","position":4,"name":"RESTAURANT MENU"}]},{"@type":"WebSite","@id":"https:\/\/www.orangehotel.be\/nl\/#website","url":"https:\/\/www.orangehotel.be\/nl\/","name":"Orange H\u00f4tel","description":"Un h\u00f4tel B&amp;B entre La Louvi\u00e8re et Mons, proche de l&#039;A\u00e9roport de Charleroi","publisher":{"@id":"https:\/\/www.orangehotel.be\/nl\/#organization"},"potentialAction":[{"@type":"SearchAction","target":{"@type":"EntryPoint","urlTemplate":"https:\/\/www.orangehotel.be\/nl\/?s={search_term_string}"},"query-input":{"@type":"PropertyValueSpecification","valueRequired":true,"valueName":"search_term_string"}}],"inLanguage":"nl-NL"},{"@type":"Organization","@id":"https:\/\/www.orangehotel.be\/nl\/#organization","name":"Orange H\u00f4tel","url":"https:\/\/www.orangehotel.be\/nl\/","logo":{"@type":"ImageObject","inLanguage":"nl-NL","@id":"https:\/\/www.orangehotel.be\/nl\/#\/schema\/logo\/image\/","url":"https:\/\/orangehotel.be\/wp-content\/uploads\/2021\/11\/logo.png","contentUrl":"https:\/\/orangehotel.be\/wp-content\/uploads\/2021\/11\/logo.png","width":213,"height":68,"caption":"Orange H\u00f4tel"},"image":{"@id":"https:\/\/www.orangehotel.be\/nl\/#\/schema\/logo\/image\/"}}]}},"_links":{"self":[{"href":"https:\/\/www.orangehotel.be\/nl\/wp-json\/wp\/v2\/pages\/6528","targetHints":{"allow":["GET"]}}],"collection":[{"href":"https:\/\/www.orangehotel.be\/nl\/wp-json\/wp\/v2\/pages"}],"about":[{"href":"https:\/\/www.orangehotel.be\/nl\/wp-json\/wp\/v2\/types\/page"}],"author":[{"embeddable":true,"href":"https:\/\/www.orangehotel.be\/nl\/wp-json\/wp\/v2\/users\/3"}],"replies":[{"embeddable":true,"href":"https:\/\/www.orangehotel.be\/nl\/wp-json\/wp\/v2\/comments?post=6528"}],"version-history":[{"count":2,"href":"https:\/\/www.orangehotel.be\/nl\/wp-json\/wp\/v2\/pages\/6528\/revisions"}],"predecessor-version":[{"id":6848,"href":"https:\/\/www.orangehotel.be\/nl\/wp-json\/wp\/v2\/pages\/6528\/revisions\/6848"}],"up":[{"embeddable":true,"href":"https:\/\/www.orangehotel.be\/nl\/wp-json\/wp\/v2\/pages\/6386"}],"wp:attachment":[{"href":"https:\/\/www.orangehotel.be\/nl\/wp-json\/wp\/v2\/media?parent=6528"}],"curies":[{"name":"wp","href":"https:\/\/api.w.org\/{rel}","templated":true}]}}